{"id":10339,"date":"2024-09-23T17:14:34","date_gmt":"2024-09-23T17:14:34","guid":{"rendered":"https:\/\/blockp.io\/data-deletion\/"},"modified":"2024-09-23T17:22:50","modified_gmt":"2024-09-23T17:22:50","slug":"data-deletion","status":"publish","type":"page","link":"https:\/\/blockp.io\/de\/data-deletion\/","title":{"rendered":"Data Deletion"},"content":{"rendered":"\t\t<div data-elementor-type=\"wp-page\" data-elementor-id=\"10339\" class=\"elementor elementor-10339 elementor-9800\" data-elementor-post-type=\"page\">\n\t\t\t\t\t\t<section class=\"elementor-section elementor-top-section elementor-element elementor-element-fac2de8 elementor-section-boxed elementor-section-height-default elementor-section-height-default wpr-particle-no wpr-jarallax-no wpr-parallax-no wpr-sticky-section-no wpr-equal-height-no\" data-id=\"fac2de8\" data-element_type=\"section\" data-e-type=\"section\">\n\t\t\t\t\t\t<div class=\"elementor-container elementor-column-gap-default\">\n\t\t\t\t\t<div class=\"elementor-column elementor-col-100 elementor-top-column elementor-element elementor-element-44d1710\" data-id=\"44d1710\" data-element_type=\"column\" data-e-type=\"column\">\n\t\t\t<div class=\"elementor-widget-wrap elementor-element-populated\">\n\t\t\t\t\t\t<div class=\"elementor-element elementor-element-2354e6b elementor-widget elementor-widget-heading\" data-id=\"2354e6b\" data-element_type=\"widget\" data-e-type=\"widget\" data-widget_type=\"heading.default\">\n\t\t\t\t\t<h1 class=\"elementor-heading-title elementor-size-default\">L\u00f6schen Sie Ihre Daten sicher in der BlockP Android App<\/h1>\t\t\t\t<\/div>\n\t\t\t\t\t<\/div>\n\t\t<\/div>\n\t\t\t\t\t<\/div>\n\t\t<\/section>\n\t\t\t\t<section class=\"elementor-section elementor-top-section elementor-element elementor-element-4a76043 elementor-section-boxed elementor-section-height-default elementor-section-height-default wpr-particle-no wpr-jarallax-no wpr-parallax-no wpr-sticky-section-no wpr-equal-height-no\" data-id=\"4a76043\" data-element_type=\"section\" data-e-type=\"section\">\n\t\t\t\t\t\t<div class=\"elementor-container elementor-column-gap-default\">\n\t\t\t\t\t<div class=\"elementor-column elementor-col-100 elementor-top-column elementor-element elementor-element-ee7a776\" data-id=\"ee7a776\" data-element_type=\"column\" data-e-type=\"column\">\n\t\t\t<div class=\"elementor-widget-wrap elementor-element-populated\">\n\t\t\t\t\t\t<div class=\"elementor-element elementor-element-f907970 elementor-widget elementor-widget-text-editor\" data-id=\"f907970\" data-element_type=\"widget\" data-e-type=\"widget\" data-widget_type=\"text-editor.default\">\n\t\t\t\t\t\t\t\t\t<p><strong>Einleitung<\/strong><\/p><p>Bei BlockP legen wir Wert auf Ihre Privatsph\u00e4re und Datensicherheit. Wir verstehen, dass Sie Ihr Konto und die zugeh\u00f6rigen Daten m\u00f6glicherweise von unserer Android-App l\u00f6schen m\u00f6chten Seien Sie versichert, der Prozess ist unkompliziert und so gestaltet, dass die Sicherheit Ihrer Daten gew\u00e4hrleistet ist. Hier ist eine Schritt-f\u00fcr-Schritt-Anleitung, wie Sie die L\u00f6schung Ihrer Benutzerdaten aus der BlockP-App beantragen:<\/p><p><strong>Schritt 1:<\/strong> Initiieren Sie eine Anfrage zum L\u00f6schen des Kontos<br \/>1. \u00d6ffnen Sie die BlockP-App auf Ihrem Android-Ger\u00e4t.<br \/>2. Navigieren Sie zum Abschnitt &#8222;Einstellungen&#8220; oder &#8222;Konto&#8220; der App.<\/p><p><strong>Schritt 2:<\/strong> Senden Sie eine E-Mail-Anfrage zur Kontol\u00f6schung<br \/>1. Suchen Sie im Abschnitt &#8222;Konto&#8220; die Option &#8222;Mein Konto l\u00f6schen&#8220;.<br \/>2. Tippen Sie auf die Option, um den L\u00f6schvorgang einzuleiten.<br \/>3. Ein E-Mail-Entwurf wird in Ihrer Standard-E-Mail-Anwendung ge\u00f6ffnet.<br \/>4. Die E-Mail-Adresse des Empf\u00e4ngers wird bereits ausgef\u00fcllt: Blockingsites123@gmail.com.<br \/>5. F\u00fcgen Sie der E-Mail auf Wunsch gerne weitere Informationen oder Kontext hinzu.<\/p><p><strong>Schritt 3:<\/strong> Best\u00e4tigen Sie Ihre Anfrage<br \/>1. \u00dcberpr\u00fcfen Sie noch einmal, ob Sie Ihre Absicht, Ihr Konto und alle zugeh\u00f6rigen Daten zu l\u00f6schen, genau beschrieben haben.<br \/>2. Senden Sie die E-Mail an Blockingsites123@gmail.com.<\/p><p><strong>Schritt 4:<\/strong> Bearbeitung Ihrer Anfrage<br \/>1. Unser technisches Team pr\u00fcft Ihren Antrag auf Kontol\u00f6schung.<br \/>2. Aus Sicherheitsgr\u00fcnden k\u00f6nnen wir uns per E-Mail an Sie wenden, um Ihre Identit\u00e4t zu \u00fcberpr\u00fcfen.<br \/>3. Sobald Ihre Anfrage \u00fcberpr\u00fcft wurde, wird unser Team mit dem Datenl\u00f6schvorgang fortfahren.<\/p><p><strong>Schritt 5:<\/strong> Abschluss der L\u00f6schung<br \/>1. Ihr Konto und die zugeh\u00f6rigen Daten werden innerhalb von 4-5 Werktagen nach Best\u00e4tigung Ihrer Anfrage dauerhaft aus unserer Firebase-Datenbank gel\u00f6scht.<br \/>2. Wir benachrichtigen Sie per E-Mail, sobald der Vorgang abgeschlossen ist.<\/p><p><strong>Fazit:<\/strong><br \/>Bei BlockP verpflichten wir uns, die Sicherheit und den Datenschutz Ihrer Daten zu wahren. Unser benutzerfreundliches Verfahren zum L\u00f6schen Ihres Kontos stellt sicher, dass mit Ihren Informationen mit gr\u00f6\u00dfter Sorgfalt umgegangen wird. Wenn Sie w\u00e4hrend des gesamten Kontol\u00f6schungsprozesses Fragen haben oder Unterst\u00fctzung ben\u00f6tigen, wenden Sie sich bitte an unser Support-Team unter blockingsites123@gmail.com.<\/p><p>Bitte beachten Sie, dass wir uns zwar bem\u00fchen, den Prozess innerhalb von 4-5 Werktagen abzuschlie\u00dfen, unvorhergesehene Umst\u00e4nde jedoch gelegentlich zu leichten Verz\u00f6gerungen f\u00fchren k\u00f6nnen. Wir freuen uns \u00fcber Ihr Verst\u00e4ndnis und danken Ihnen, dass Sie BlockP f\u00fcr Ihre Content-Management-Anforderungen ausgew\u00e4hlt haben.<\/p>\t\t\t\t\t\t\t\t<\/div>\n\t\t\t\t\t<\/div>\n\t\t<\/div>\n\t\t\t\t\t<\/div>\n\t\t<\/section>\n\t\t\t\t<\/div>\n\t\t","protected":false},"excerpt":{"rendered":"<p>L\u00f6schen Sie Ihre Daten sicher in der BlockP Android App Einleitung Bei BlockP legen wir Wert auf Ihre Privatsph\u00e4re und Datensicherheit. Wir verstehen, dass Sie Ihr Konto und die zugeh\u00f6rigen Daten m\u00f6glicherweise von unserer Android-App l\u00f6schen m\u00f6chten Seien Sie versichert, der Prozess ist unkompliziert und so gestaltet, dass die Sicherheit Ihrer Daten gew\u00e4hrleistet ist. Hier ist eine Schritt-f\u00fcr-Schritt-Anleitung, wie Sie die L\u00f6schung Ihrer Benutzerdaten aus der BlockP-App beantragen: Schritt 1: Initiieren Sie eine Anfrage zum L\u00f6schen des Kontos1. \u00d6ffnen Sie die BlockP-App auf Ihrem Android-Ger\u00e4t.2. Navigieren Sie zum Abschnitt &#8222;Einstellungen&#8220; oder &#8222;Konto&#8220; der App. Schritt 2: Senden Sie eine E-Mail-Anfrage zur Kontol\u00f6schung1. Suchen Sie im Abschnitt &#8222;Konto&#8220; die Option &#8222;Mein Konto l\u00f6schen&#8220;.2. Tippen Sie auf die Option, um den L\u00f6schvorgang einzuleiten.3. Ein E-Mail-Entwurf wird in Ihrer Standard-E-Mail-Anwendung ge\u00f6ffnet.4. Die E-Mail-Adresse des Empf\u00e4ngers wird bereits ausgef\u00fcllt: Blockingsites123@gmail.com.5. F\u00fcgen Sie der E-Mail auf Wunsch gerne weitere Informationen oder Kontext hinzu. Schritt 3: Best\u00e4tigen Sie Ihre Anfrage1. \u00dcberpr\u00fcfen Sie noch einmal, ob Sie Ihre Absicht, Ihr Konto und alle zugeh\u00f6rigen Daten zu l\u00f6schen, genau beschrieben haben.2. Senden Sie die E-Mail an Blockingsites123@gmail.com. Schritt 4: Bearbeitung Ihrer Anfrage1. Unser technisches Team pr\u00fcft Ihren Antrag auf Kontol\u00f6schung.2. Aus Sicherheitsgr\u00fcnden k\u00f6nnen wir uns per E-Mail an Sie wenden, um Ihre Identit\u00e4t zu \u00fcberpr\u00fcfen.3. Sobald Ihre Anfrage \u00fcberpr\u00fcft wurde, wird unser Team mit dem Datenl\u00f6schvorgang fortfahren. Schritt 5: Abschluss der L\u00f6schung1. Ihr Konto und die zugeh\u00f6rigen Daten werden innerhalb von 4-5 Werktagen nach Best\u00e4tigung Ihrer Anfrage dauerhaft aus unserer Firebase-Datenbank gel\u00f6scht.2. Wir benachrichtigen Sie per E-Mail, sobald der Vorgang abgeschlossen ist. Fazit:Bei BlockP verpflichten wir uns, die Sicherheit und den Datenschutz Ihrer Daten zu wahren. Unser benutzerfreundliches Verfahren zum L\u00f6schen Ihres Kontos stellt sicher, dass mit Ihren Informationen mit gr\u00f6\u00dfter Sorgfalt umgegangen wird. Wenn Sie w\u00e4hrend des gesamten Kontol\u00f6schungsprozesses Fragen haben oder Unterst\u00fctzung ben\u00f6tigen, wenden Sie sich bitte an unser Support-Team unter blockingsites123@gmail.com. Bitte beachten Sie, dass wir uns zwar bem\u00fchen, den Prozess innerhalb von 4-5 Werktagen abzuschlie\u00dfen, unvorhergesehene Umst\u00e4nde jedoch gelegentlich zu leichten Verz\u00f6gerungen f\u00fchren k\u00f6nnen. Wir freuen uns \u00fcber Ihr Verst\u00e4ndnis und danken Ihnen, dass Sie BlockP f\u00fcr Ihre Content-Management-Anforderungen ausgew\u00e4hlt haben.<\/p>\n","protected":false},"author":1,"featured_media":0,"parent":0,"menu_order":0,"comment_status":"closed","ping_status":"closed","template":"","meta":{"site-sidebar-layout":"no-sidebar","site-content-layout":"","ast-site-content-layout":"full-width-container","site-content-style":"default","site-sidebar-style":"default","ast-global-header-display":"","ast-banner-title-visibility":"","ast-main-header-display":"","ast-hfb-above-header-display":"","ast-hfb-below-header-display":"","ast-hfb-mobile-header-display":"","site-post-title":"disabled","ast-breadcrumbs-content":"","ast-featured-img":"disabled","footer-sml-layout":"","ast-disable-related-posts":"","theme-transparent-header-meta":"default","adv-header-id-meta":"","stick-header-meta":"","header-above-stick-meta":"","header-main-stick-meta":"","header-below-stick-meta":"","astra-migrate-meta-layouts":"default","ast-page-background-enabled":"default","ast-page-background-meta":{"desktop":{"background-color":"var(--ast-global-color-4)","background-image":"","background-repeat":"repeat","background-position":"center center","background-size":"auto","background-attachment":"scroll","background-type":"","background-media":"","overlay-type":"","overlay-color":"","overlay-opacity":"","overlay-gradient":""},"tablet":{"background-color":"","background-image":"","background-repeat":"repeat","background-position":"center center","background-size":"auto","background-attachment":"scroll","background-type":"","background-media":"","overlay-type":"","overlay-color":"","overlay-opacity":"","overlay-gradient":""},"mobile":{"background-color":"","background-image":"","background-repeat":"repeat","background-position":"center center","background-size":"auto","background-attachment":"scroll","background-type":"","background-media":"","overlay-type":"","overlay-color":"","overlay-opacity":"","overlay-gradient":""}},"ast-content-background-meta":{"desktop":{"background-color":"var(--ast-global-color-5)","background-image":"","background-repeat":"repeat","background-position":"center center","background-size":"auto","background-attachment":"scroll","background-type":"","background-media":"","overlay-type":"","overlay-color":"","overlay-opacity":"","overlay-gradient":""},"tablet":{"background-color":"var(--ast-global-color-5)","background-image":"","background-repeat":"repeat","background-position":"center center","background-size":"auto","background-attachment":"scroll","background-type":"","background-media":"","overlay-type":"","overlay-color":"","overlay-opacity":"","overlay-gradient":""},"mobile":{"background-color":"var(--ast-global-color-5)","background-image":"","background-repeat":"repeat","background-position":"center center","background-size":"auto","background-attachment":"scroll","background-type":"","background-media":"","overlay-type":"","overlay-color":"","overlay-opacity":"","overlay-gradient":""}},"footnotes":""},"class_list":["post-10339","page","type-page","status-publish","hentry"],"yoast_head":"<!-- This site is optimized with the Yoast SEO plugin v27.5 - https:\/\/yoast.com\/product\/yoast-seo-wordpress\/ -->\n<title>Data Deletion - BlockP<\/title>\n<meta name=\"robots\" content=\"index, follow, max-snippet:-1, max-image-preview:large, max-video-preview:-1\" \/>\n<link rel=\"canonical\" href=\"https:\/\/blockp.io\/de\/data-deletion\/\" \/>\n<meta property=\"og:locale\" content=\"de_DE\" \/>\n<meta property=\"og:type\" content=\"article\" \/>\n<meta property=\"og:title\" content=\"Data Deletion - BlockP\" \/>\n<meta property=\"og:description\" content=\"L\u00f6schen Sie Ihre Daten sicher in der BlockP Android App Einleitung Bei BlockP legen wir Wert auf Ihre Privatsph\u00e4re und Datensicherheit. Wir verstehen, dass Sie Ihr Konto und die zugeh\u00f6rigen Daten m\u00f6glicherweise von unserer Android-App l\u00f6schen m\u00f6chten Seien Sie versichert, der Prozess ist unkompliziert und so gestaltet, dass die Sicherheit Ihrer Daten gew\u00e4hrleistet ist. Hier ist eine Schritt-f\u00fcr-Schritt-Anleitung, wie Sie die L\u00f6schung Ihrer Benutzerdaten aus der BlockP-App beantragen: Schritt 1: Initiieren Sie eine Anfrage zum L\u00f6schen des Kontos1. \u00d6ffnen Sie die BlockP-App auf Ihrem Android-Ger\u00e4t.2. Navigieren Sie zum Abschnitt &#8222;Einstellungen&#8220; oder &#8222;Konto&#8220; der App. Schritt 2: Senden Sie eine E-Mail-Anfrage zur Kontol\u00f6schung1. Suchen Sie im Abschnitt &#8222;Konto&#8220; die Option &#8222;Mein Konto l\u00f6schen&#8220;.2. Tippen Sie auf die Option, um den L\u00f6schvorgang einzuleiten.3. Ein E-Mail-Entwurf wird in Ihrer Standard-E-Mail-Anwendung ge\u00f6ffnet.4. Die E-Mail-Adresse des Empf\u00e4ngers wird bereits ausgef\u00fcllt: Blockingsites123@gmail.com.5. F\u00fcgen Sie der E-Mail auf Wunsch gerne weitere Informationen oder Kontext hinzu. Schritt 3: Best\u00e4tigen Sie Ihre Anfrage1. \u00dcberpr\u00fcfen Sie noch einmal, ob Sie Ihre Absicht, Ihr Konto und alle zugeh\u00f6rigen Daten zu l\u00f6schen, genau beschrieben haben.2. Senden Sie die E-Mail an Blockingsites123@gmail.com. Schritt 4: Bearbeitung Ihrer Anfrage1. Unser technisches Team pr\u00fcft Ihren Antrag auf Kontol\u00f6schung.2. Aus Sicherheitsgr\u00fcnden k\u00f6nnen wir uns per E-Mail an Sie wenden, um Ihre Identit\u00e4t zu \u00fcberpr\u00fcfen.3. Sobald Ihre Anfrage \u00fcberpr\u00fcft wurde, wird unser Team mit dem Datenl\u00f6schvorgang fortfahren. Schritt 5: Abschluss der L\u00f6schung1. Ihr Konto und die zugeh\u00f6rigen Daten werden innerhalb von 4-5 Werktagen nach Best\u00e4tigung Ihrer Anfrage dauerhaft aus unserer Firebase-Datenbank gel\u00f6scht.2. Wir benachrichtigen Sie per E-Mail, sobald der Vorgang abgeschlossen ist. Fazit:Bei BlockP verpflichten wir uns, die Sicherheit und den Datenschutz Ihrer Daten zu wahren. Unser benutzerfreundliches Verfahren zum L\u00f6schen Ihres Kontos stellt sicher, dass mit Ihren Informationen mit gr\u00f6\u00dfter Sorgfalt umgegangen wird. Wenn Sie w\u00e4hrend des gesamten Kontol\u00f6schungsprozesses Fragen haben oder Unterst\u00fctzung ben\u00f6tigen, wenden Sie sich bitte an unser Support-Team unter blockingsites123@gmail.com. Bitte beachten Sie, dass wir uns zwar bem\u00fchen, den Prozess innerhalb von 4-5 Werktagen abzuschlie\u00dfen, unvorhergesehene Umst\u00e4nde jedoch gelegentlich zu leichten Verz\u00f6gerungen f\u00fchren k\u00f6nnen. Wir freuen uns \u00fcber Ihr Verst\u00e4ndnis und danken Ihnen, dass Sie BlockP f\u00fcr Ihre Content-Management-Anforderungen ausgew\u00e4hlt haben.\" \/>\n<meta property=\"og:url\" content=\"https:\/\/blockp.io\/de\/data-deletion\/\" \/>\n<meta property=\"og:site_name\" content=\"BlockP\" \/>\n<meta property=\"article:modified_time\" content=\"2024-09-23T17:22:50+00:00\" \/>\n<meta name=\"twitter:card\" content=\"summary_large_image\" \/>\n<meta name=\"twitter:label1\" content=\"Gesch\u00e4tzte Lesezeit\" \/>\n\t<meta name=\"twitter:data1\" content=\"2\u00a0Minuten\" \/>\n<script type=\"application\/ld+json\" class=\"yoast-schema-graph\">{\"@context\":\"https:\\\/\\\/schema.org\",\"@graph\":[{\"@type\":\"WebPage\",\"@id\":\"https:\\\/\\\/blockp.io\\\/de\\\/data-deletion\\\/\",\"url\":\"https:\\\/\\\/blockp.io\\\/de\\\/data-deletion\\\/\",\"name\":\"Data Deletion - BlockP\",\"isPartOf\":{\"@id\":\"https:\\\/\\\/blockp.io\\\/#website\"},\"datePublished\":\"2024-09-23T17:14:34+00:00\",\"dateModified\":\"2024-09-23T17:22:50+00:00\",\"breadcrumb\":{\"@id\":\"https:\\\/\\\/blockp.io\\\/de\\\/data-deletion\\\/#breadcrumb\"},\"inLanguage\":\"de\",\"potentialAction\":[{\"@type\":\"ReadAction\",\"target\":[\"https:\\\/\\\/blockp.io\\\/de\\\/data-deletion\\\/\"]}]},{\"@type\":\"BreadcrumbList\",\"@id\":\"https:\\\/\\\/blockp.io\\\/de\\\/data-deletion\\\/#breadcrumb\",\"itemListElement\":[{\"@type\":\"ListItem\",\"position\":1,\"name\":\"Home\",\"item\":\"https:\\\/\\\/blockp.io\\\/\"},{\"@type\":\"ListItem\",\"position\":2,\"name\":\"Data Deletion\"}]},{\"@type\":\"WebSite\",\"@id\":\"https:\\\/\\\/blockp.io\\\/#website\",\"url\":\"https:\\\/\\\/blockp.io\\\/\",\"name\":\"BlockP\",\"description\":\"Best Porn Blocker\",\"publisher\":{\"@id\":\"https:\\\/\\\/blockp.io\\\/#organization\"},\"alternateName\":\"BlockP\",\"potentialAction\":[{\"@type\":\"SearchAction\",\"target\":{\"@type\":\"EntryPoint\",\"urlTemplate\":\"https:\\\/\\\/blockp.io\\\/?s={search_term_string}\"},\"query-input\":{\"@type\":\"PropertyValueSpecification\",\"valueRequired\":true,\"valueName\":\"search_term_string\"}}],\"inLanguage\":\"de\"},{\"@type\":\"Organization\",\"@id\":\"https:\\\/\\\/blockp.io\\\/#organization\",\"name\":\"BlockP\",\"alternateName\":\"BlockP\",\"url\":\"https:\\\/\\\/blockp.io\\\/\",\"logo\":{\"@type\":\"ImageObject\",\"inLanguage\":\"de\",\"@id\":\"https:\\\/\\\/blockp.io\\\/#\\\/schema\\\/logo\\\/image\\\/\",\"url\":\"https:\\\/\\\/blockp.io\\\/wp-content\\\/uploads\\\/2024\\\/07\\\/blockp-Logo.avif\",\"contentUrl\":\"https:\\\/\\\/blockp.io\\\/wp-content\\\/uploads\\\/2024\\\/07\\\/blockp-Logo.avif\",\"width\":512,\"height\":512,\"caption\":\"BlockP\"},\"image\":{\"@id\":\"https:\\\/\\\/blockp.io\\\/#\\\/schema\\\/logo\\\/image\\\/\"}}]}<\/script>\n<!-- \/ Yoast SEO plugin. -->","yoast_head_json":{"title":"Data Deletion - BlockP","robots":{"index":"index","follow":"follow","max-snippet":"max-snippet:-1","max-image-preview":"max-image-preview:large","max-video-preview":"max-video-preview:-1"},"canonical":"https:\/\/blockp.io\/de\/data-deletion\/","og_locale":"de_DE","og_type":"article","og_title":"Data Deletion - BlockP","og_description":"L\u00f6schen Sie Ihre Daten sicher in der BlockP Android App Einleitung Bei BlockP legen wir Wert auf Ihre Privatsph\u00e4re und Datensicherheit. Wir verstehen, dass Sie Ihr Konto und die zugeh\u00f6rigen Daten m\u00f6glicherweise von unserer Android-App l\u00f6schen m\u00f6chten Seien Sie versichert, der Prozess ist unkompliziert und so gestaltet, dass die Sicherheit Ihrer Daten gew\u00e4hrleistet ist. Hier ist eine Schritt-f\u00fcr-Schritt-Anleitung, wie Sie die L\u00f6schung Ihrer Benutzerdaten aus der BlockP-App beantragen: Schritt 1: Initiieren Sie eine Anfrage zum L\u00f6schen des Kontos1. \u00d6ffnen Sie die BlockP-App auf Ihrem Android-Ger\u00e4t.2. Navigieren Sie zum Abschnitt &#8222;Einstellungen&#8220; oder &#8222;Konto&#8220; der App. Schritt 2: Senden Sie eine E-Mail-Anfrage zur Kontol\u00f6schung1. Suchen Sie im Abschnitt &#8222;Konto&#8220; die Option &#8222;Mein Konto l\u00f6schen&#8220;.2. Tippen Sie auf die Option, um den L\u00f6schvorgang einzuleiten.3. Ein E-Mail-Entwurf wird in Ihrer Standard-E-Mail-Anwendung ge\u00f6ffnet.4. Die E-Mail-Adresse des Empf\u00e4ngers wird bereits ausgef\u00fcllt: Blockingsites123@gmail.com.5. F\u00fcgen Sie der E-Mail auf Wunsch gerne weitere Informationen oder Kontext hinzu. Schritt 3: Best\u00e4tigen Sie Ihre Anfrage1. \u00dcberpr\u00fcfen Sie noch einmal, ob Sie Ihre Absicht, Ihr Konto und alle zugeh\u00f6rigen Daten zu l\u00f6schen, genau beschrieben haben.2. Senden Sie die E-Mail an Blockingsites123@gmail.com. Schritt 4: Bearbeitung Ihrer Anfrage1. Unser technisches Team pr\u00fcft Ihren Antrag auf Kontol\u00f6schung.2. Aus Sicherheitsgr\u00fcnden k\u00f6nnen wir uns per E-Mail an Sie wenden, um Ihre Identit\u00e4t zu \u00fcberpr\u00fcfen.3. Sobald Ihre Anfrage \u00fcberpr\u00fcft wurde, wird unser Team mit dem Datenl\u00f6schvorgang fortfahren. Schritt 5: Abschluss der L\u00f6schung1. Ihr Konto und die zugeh\u00f6rigen Daten werden innerhalb von 4-5 Werktagen nach Best\u00e4tigung Ihrer Anfrage dauerhaft aus unserer Firebase-Datenbank gel\u00f6scht.2. Wir benachrichtigen Sie per E-Mail, sobald der Vorgang abgeschlossen ist. Fazit:Bei BlockP verpflichten wir uns, die Sicherheit und den Datenschutz Ihrer Daten zu wahren. Unser benutzerfreundliches Verfahren zum L\u00f6schen Ihres Kontos stellt sicher, dass mit Ihren Informationen mit gr\u00f6\u00dfter Sorgfalt umgegangen wird. Wenn Sie w\u00e4hrend des gesamten Kontol\u00f6schungsprozesses Fragen haben oder Unterst\u00fctzung ben\u00f6tigen, wenden Sie sich bitte an unser Support-Team unter blockingsites123@gmail.com. Bitte beachten Sie, dass wir uns zwar bem\u00fchen, den Prozess innerhalb von 4-5 Werktagen abzuschlie\u00dfen, unvorhergesehene Umst\u00e4nde jedoch gelegentlich zu leichten Verz\u00f6gerungen f\u00fchren k\u00f6nnen. Wir freuen uns \u00fcber Ihr Verst\u00e4ndnis und danken Ihnen, dass Sie BlockP f\u00fcr Ihre Content-Management-Anforderungen ausgew\u00e4hlt haben.","og_url":"https:\/\/blockp.io\/de\/data-deletion\/","og_site_name":"BlockP","article_modified_time":"2024-09-23T17:22:50+00:00","twitter_card":"summary_large_image","twitter_misc":{"Gesch\u00e4tzte Lesezeit":"2\u00a0Minuten"},"schema":{"@context":"https:\/\/schema.org","@graph":[{"@type":"WebPage","@id":"https:\/\/blockp.io\/de\/data-deletion\/","url":"https:\/\/blockp.io\/de\/data-deletion\/","name":"Data Deletion - BlockP","isPartOf":{"@id":"https:\/\/blockp.io\/#website"},"datePublished":"2024-09-23T17:14:34+00:00","dateModified":"2024-09-23T17:22:50+00:00","breadcrumb":{"@id":"https:\/\/blockp.io\/de\/data-deletion\/#breadcrumb"},"inLanguage":"de","potentialAction":[{"@type":"ReadAction","target":["https:\/\/blockp.io\/de\/data-deletion\/"]}]},{"@type":"BreadcrumbList","@id":"https:\/\/blockp.io\/de\/data-deletion\/#breadcrumb","itemListElement":[{"@type":"ListItem","position":1,"name":"Home","item":"https:\/\/blockp.io\/"},{"@type":"ListItem","position":2,"name":"Data Deletion"}]},{"@type":"WebSite","@id":"https:\/\/blockp.io\/#website","url":"https:\/\/blockp.io\/","name":"BlockP","description":"Best Porn Blocker","publisher":{"@id":"https:\/\/blockp.io\/#organization"},"alternateName":"BlockP","potentialAction":[{"@type":"SearchAction","target":{"@type":"EntryPoint","urlTemplate":"https:\/\/blockp.io\/?s={search_term_string}"},"query-input":{"@type":"PropertyValueSpecification","valueRequired":true,"valueName":"search_term_string"}}],"inLanguage":"de"},{"@type":"Organization","@id":"https:\/\/blockp.io\/#organization","name":"BlockP","alternateName":"BlockP","url":"https:\/\/blockp.io\/","logo":{"@type":"ImageObject","inLanguage":"de","@id":"https:\/\/blockp.io\/#\/schema\/logo\/image\/","url":"https:\/\/blockp.io\/wp-content\/uploads\/2024\/07\/blockp-Logo.avif","contentUrl":"https:\/\/blockp.io\/wp-content\/uploads\/2024\/07\/blockp-Logo.avif","width":512,"height":512,"caption":"BlockP"},"image":{"@id":"https:\/\/blockp.io\/#\/schema\/logo\/image\/"}}]}},"_links":{"self":[{"href":"https:\/\/blockp.io\/de\/wp-json\/wp\/v2\/pages\/10339","targetHints":{"allow":["GET"]}}],"collection":[{"href":"https:\/\/blockp.io\/de\/wp-json\/wp\/v2\/pages"}],"about":[{"href":"https:\/\/blockp.io\/de\/wp-json\/wp\/v2\/types\/page"}],"author":[{"embeddable":true,"href":"https:\/\/blockp.io\/de\/wp-json\/wp\/v2\/users\/1"}],"replies":[{"embeddable":true,"href":"https:\/\/blockp.io\/de\/wp-json\/wp\/v2\/comments?post=10339"}],"version-history":[{"count":0,"href":"https:\/\/blockp.io\/de\/wp-json\/wp\/v2\/pages\/10339\/revisions"}],"wp:attachment":[{"href":"https:\/\/blockp.io\/de\/wp-json\/wp\/v2\/media?parent=10339"}],"curies":[{"name":"wp","href":"https:\/\/api.w.org\/{rel}","templated":true}]}}