{"id":37530,"date":"2026-02-26T16:49:09","date_gmt":"2026-02-26T16:49:09","guid":{"rendered":"https:\/\/blockp.io\/fact-checked\/"},"modified":"2026-04-02T06:43:36","modified_gmt":"2026-04-02T06:43:36","slug":"fact-checked","status":"publish","type":"page","link":"https:\/\/blockp.io\/de\/fact-checked\/","title":{"rendered":"Faktencheck"},"content":{"rendered":"\t\t<div data-elementor-type=\"wp-page\" data-elementor-id=\"37530\" class=\"elementor elementor-37530 elementor-37185\" data-elementor-post-type=\"page\">\n\t\t\t\t<div class=\"elementor-element elementor-element-fc4114c e-flex e-con-boxed wpr-particle-no wpr-jarallax-no wpr-parallax-no wpr-sticky-section-no e-con e-parent\" data-id=\"fc4114c\" data-element_type=\"container\" data-e-type=\"container\" data-settings=\"{&quot;background_background&quot;:&quot;classic&quot;}\">\n\t\t\t\t\t<div class=\"e-con-inner\">\n\t\t<div class=\"elementor-element elementor-element-b7b5739 e-con-full e-flex wpr-particle-no wpr-jarallax-no wpr-parallax-no wpr-sticky-section-no e-con e-child\" data-id=\"b7b5739\" data-element_type=\"container\" data-e-type=\"container\">\n\t\t\t\t<div class=\"elementor-element elementor-element-7e09ba7 elementor-align-center elementor-widget elementor-widget-breadcrumbs\" data-id=\"7e09ba7\" data-element_type=\"widget\" data-e-type=\"widget\" data-widget_type=\"breadcrumbs.default\">\n\t\t\t\t\t<p id=\"breadcrumbs\"><span><span><a href=\"https:\/\/blockp.io\/\">Home<\/a><\/span><\/span><\/p>\t\t\t\t<\/div>\n\t\t\t\t<\/div>\n\t\t\t\t<div class=\"elementor-element elementor-element-27cc8b3 elementor-widget__width-initial elementor-widget elementor-widget-heading\" data-id=\"27cc8b3\" data-element_type=\"widget\" data-e-type=\"widget\" data-widget_type=\"heading.default\">\n\t\t\t\t\t<h2 class=\"elementor-heading-title elementor-size-default\">Faktencheck <\/h2>\t\t\t\t<\/div>\n\t\t\t\t<div class=\"elementor-element elementor-element-3527fd2 elementor-widget__width-initial link elementor-widget elementor-widget-text-editor\" data-id=\"3527fd2\" data-element_type=\"widget\" data-e-type=\"widget\" data-widget_type=\"text-editor.default\">\n\t\t\t\t\t\t\t\t\t<ul><li style=\"font-weight: 400;\" aria-level=\"1\"><span style=\"font-weight: 400;\">Bei <\/span><b>BlockP<\/b><span style=\"font-weight: 400;\">Wir legen Wert auf Genauigkeit, psychologische Forschung und evidenzbasierte Erkenntnisse.<\/span><\/li><li style=\"font-weight: 400;\" aria-level=\"1\"><span style=\"font-weight: 400;\">Unsere Inhalte werden sorgf\u00e4ltig gepr\u00fcft und durch seri\u00f6se Quellen belegt, darunter Fachstudien, Forschungsergebnisse zur psychischen Gesundheit, Erkenntnisse der Verhaltenswissenschaft und anerkannte akademische Einrichtungen. Wir m\u00f6chten praktische, wissenschaftlich fundierte Hilfestellung f\u00fcr Menschen mit Pornografiesucht, zwanghaftem Verhalten und Problemen mit der Selbstkontrolle bieten.<\/span><\/li><li style=\"font-weight: 400;\" aria-level=\"1\"><span style=\"font-weight: 400;\">Soweit anwendbar, werden Referenzen und Forschungsquellen im Artikel zitiert, um Transparenz und Glaubw\u00fcrdigkeit zu gew\u00e4hrleisten.<\/span><\/li><li style=\"font-weight: 400;\" aria-level=\"1\"><span style=\"font-weight: 400;\">Sollten Sie Ungenauigkeiten feststellen oder Bedenken bez\u00fcglich unserer Inhalte haben, bitten wir Sie, uns dies \u00fcber die Kommentarfunktion oder das Kontaktformular mitzuteilen. Ihr Feedback hilft uns, unsere hohen Qualit\u00e4tsstandards zu halten.<\/span><\/li><li style=\"font-weight: 400;\" aria-level=\"1\"><span style=\"font-weight: 400;\">Unser Ziel ist es, Sie mit verl\u00e4sslichen Informationen auszustatten, damit Sie fundierte Entscheidungen \u00fcber Ihre digitalen Gewohnheiten, Ihr mentales Wohlbefinden und Ihre pers\u00f6nliche Entwicklung treffen k\u00f6nnen.<\/span><\/li><\/ul><p><b>Haftungsausschluss:<\/b><span style=\"font-weight: 400;\">Die auf BlockP bereitgestellten Informationen dienen ausschlie\u00dflich Bildungs- und Informationszwecken. Sie ersetzen keine professionelle medizinische, psychologische oder psychiatrische Beratung. Konsultieren Sie f\u00fcr eine individuelle Beratung stets eine qualifizierte Fachkraft im Gesundheitswesen oder im Bereich der psychischen Gesundheit.<\/span><\/p>\t\t\t\t\t\t\t\t<\/div>\n\t\t\t\t\t<\/div>\n\t\t\t\t<\/div>\n\t\t\t\t<\/div>\n\t\t","protected":false},"excerpt":{"rendered":"<p>Faktencheck Bei BlockPWir legen Wert auf Genauigkeit, psychologische Forschung und evidenzbasierte Erkenntnisse. Unsere Inhalte werden sorgf\u00e4ltig gepr\u00fcft und durch seri\u00f6se Quellen belegt, darunter Fachstudien, Forschungsergebnisse zur psychischen Gesundheit, Erkenntnisse der Verhaltenswissenschaft und anerkannte akademische Einrichtungen. Wir m\u00f6chten praktische, wissenschaftlich fundierte Hilfestellung f\u00fcr Menschen mit Pornografiesucht, zwanghaftem Verhalten und Problemen mit der Selbstkontrolle bieten. Soweit anwendbar, werden Referenzen und Forschungsquellen im Artikel zitiert, um Transparenz und Glaubw\u00fcrdigkeit zu gew\u00e4hrleisten. Sollten Sie Ungenauigkeiten feststellen oder Bedenken bez\u00fcglich unserer Inhalte haben, bitten wir Sie, uns dies \u00fcber die Kommentarfunktion oder das Kontaktformular mitzuteilen. Ihr Feedback hilft uns, unsere hohen Qualit\u00e4tsstandards zu halten. Unser Ziel ist es, Sie mit verl\u00e4sslichen Informationen auszustatten, damit Sie fundierte Entscheidungen \u00fcber Ihre digitalen Gewohnheiten, Ihr mentales Wohlbefinden und Ihre pers\u00f6nliche Entwicklung treffen k\u00f6nnen. Haftungsausschluss:Die auf BlockP bereitgestellten Informationen dienen ausschlie\u00dflich Bildungs- und Informationszwecken. Sie ersetzen keine professionelle medizinische, psychologische oder psychiatrische Beratung. Konsultieren Sie f\u00fcr eine individuelle Beratung stets eine qualifizierte Fachkraft im Gesundheitswesen oder im Bereich der psychischen Gesundheit.<\/p>\n","protected":false},"author":10,"featured_media":0,"parent":0,"menu_order":0,"comment_status":"closed","ping_status":"closed","template":"","meta":{"site-sidebar-layout":"no-sidebar","site-content-layout":"","ast-site-content-layout":"full-width-container","site-content-style":"default","site-sidebar-style":"default","ast-global-header-display":"","ast-banner-title-visibility":"","ast-main-header-display":"","ast-hfb-above-header-display":"","ast-hfb-below-header-display":"","ast-hfb-mobile-header-display":"","site-post-title":"","ast-breadcrumbs-content":"","ast-featured-img":"disabled","footer-sml-layout":"","ast-disable-related-posts":"","theme-transparent-header-meta":"","adv-header-id-meta":"","stick-header-meta":"","header-above-stick-meta":"","header-main-stick-meta":"","header-below-stick-meta":"","astra-migrate-meta-layouts":"default","ast-page-background-enabled":"default","ast-page-background-meta":{"desktop":{"background-color":"var(--ast-global-color-4)","background-image":"","background-repeat":"repeat","background-position":"center center","background-size":"auto","background-attachment":"scroll","background-type":"","background-media":"","overlay-type":"","overlay-color":"","overlay-opacity":"","overlay-gradient":""},"tablet":{"background-color":"","background-image":"","background-repeat":"repeat","background-position":"center center","background-size":"auto","background-attachment":"scroll","background-type":"","background-media":"","overlay-type":"","overlay-color":"","overlay-opacity":"","overlay-gradient":""},"mobile":{"background-color":"","background-image":"","background-repeat":"repeat","background-position":"center center","background-size":"auto","background-attachment":"scroll","background-type":"","background-media":"","overlay-type":"","overlay-color":"","overlay-opacity":"","overlay-gradient":""}},"ast-content-background-meta":{"desktop":{"background-color":"var(--ast-global-color-5)","background-image":"","background-repeat":"repeat","background-position":"center center","background-size":"auto","background-attachment":"scroll","background-type":"","background-media":"","overlay-type":"","overlay-color":"","overlay-opacity":"","overlay-gradient":""},"tablet":{"background-color":"var(--ast-global-color-5)","background-image":"","background-repeat":"repeat","background-position":"center center","background-size":"auto","background-attachment":"scroll","background-type":"","background-media":"","overlay-type":"","overlay-color":"","overlay-opacity":"","overlay-gradient":""},"mobile":{"background-color":"var(--ast-global-color-5)","background-image":"","background-repeat":"repeat","background-position":"center center","background-size":"auto","background-attachment":"scroll","background-type":"","background-media":"","overlay-type":"","overlay-color":"","overlay-opacity":"","overlay-gradient":""}},"footnotes":""},"class_list":["post-37530","page","type-page","status-publish","hentry"],"yoast_head":"<!-- This site is optimized with the Yoast SEO plugin v27.3 - https:\/\/yoast.com\/product\/yoast-seo-wordpress\/ -->\n<title>Faktencheck \u2013 BlockP<\/title>\n<meta name=\"robots\" content=\"index, follow, max-snippet:-1, max-image-preview:large, max-video-preview:-1\" \/>\n<link rel=\"canonical\" href=\"https:\/\/blockp.io\/de\/fact-checked\/\" \/>\n<meta property=\"og:locale\" content=\"de_DE\" \/>\n<meta property=\"og:type\" content=\"article\" \/>\n<meta property=\"og:title\" content=\"Faktencheck \u2013 BlockP\" \/>\n<meta property=\"og:description\" content=\"Faktencheck Bei BlockPWir legen Wert auf Genauigkeit, psychologische Forschung und evidenzbasierte Erkenntnisse. Unsere Inhalte werden sorgf\u00e4ltig gepr\u00fcft und durch seri\u00f6se Quellen belegt, darunter Fachstudien, Forschungsergebnisse zur psychischen Gesundheit, Erkenntnisse der Verhaltenswissenschaft und anerkannte akademische Einrichtungen. Wir m\u00f6chten praktische, wissenschaftlich fundierte Hilfestellung f\u00fcr Menschen mit Pornografiesucht, zwanghaftem Verhalten und Problemen mit der Selbstkontrolle bieten. Soweit anwendbar, werden Referenzen und Forschungsquellen im Artikel zitiert, um Transparenz und Glaubw\u00fcrdigkeit zu gew\u00e4hrleisten. Sollten Sie Ungenauigkeiten feststellen oder Bedenken bez\u00fcglich unserer Inhalte haben, bitten wir Sie, uns dies \u00fcber die Kommentarfunktion oder das Kontaktformular mitzuteilen. Ihr Feedback hilft uns, unsere hohen Qualit\u00e4tsstandards zu halten. Unser Ziel ist es, Sie mit verl\u00e4sslichen Informationen auszustatten, damit Sie fundierte Entscheidungen \u00fcber Ihre digitalen Gewohnheiten, Ihr mentales Wohlbefinden und Ihre pers\u00f6nliche Entwicklung treffen k\u00f6nnen. Haftungsausschluss:Die auf BlockP bereitgestellten Informationen dienen ausschlie\u00dflich Bildungs- und Informationszwecken. Sie ersetzen keine professionelle medizinische, psychologische oder psychiatrische Beratung. Konsultieren Sie f\u00fcr eine individuelle Beratung stets eine qualifizierte Fachkraft im Gesundheitswesen oder im Bereich der psychischen Gesundheit.\" \/>\n<meta property=\"og:url\" content=\"https:\/\/blockp.io\/de\/fact-checked\/\" \/>\n<meta property=\"og:site_name\" content=\"BlockP\" \/>\n<meta property=\"article:modified_time\" content=\"2026-04-02T06:43:36+00:00\" \/>\n<meta name=\"twitter:card\" content=\"summary_large_image\" \/>\n<meta name=\"twitter:label1\" content=\"Gesch\u00e4tzte Lesezeit\" \/>\n\t<meta name=\"twitter:data1\" content=\"1\u00a0Minute\" \/>\n<script type=\"application\/ld+json\" class=\"yoast-schema-graph\">{\"@context\":\"https:\\\/\\\/schema.org\",\"@graph\":[{\"@type\":\"WebPage\",\"@id\":\"https:\\\/\\\/blockp.io\\\/de\\\/fact-checked\\\/\",\"url\":\"https:\\\/\\\/blockp.io\\\/de\\\/fact-checked\\\/\",\"name\":\"Faktencheck \u2013 BlockP\",\"isPartOf\":{\"@id\":\"https:\\\/\\\/blockp.io\\\/#website\"},\"datePublished\":\"2026-02-26T16:49:09+00:00\",\"dateModified\":\"2026-04-02T06:43:36+00:00\",\"breadcrumb\":{\"@id\":\"https:\\\/\\\/blockp.io\\\/de\\\/fact-checked\\\/#breadcrumb\"},\"inLanguage\":\"de\",\"potentialAction\":[{\"@type\":\"ReadAction\",\"target\":[\"https:\\\/\\\/blockp.io\\\/de\\\/fact-checked\\\/\"]}]},{\"@type\":\"BreadcrumbList\",\"@id\":\"https:\\\/\\\/blockp.io\\\/de\\\/fact-checked\\\/#breadcrumb\",\"itemListElement\":[{\"@type\":\"ListItem\",\"position\":1,\"name\":\"Home\",\"item\":\"https:\\\/\\\/blockp.io\\\/\"},{\"@type\":\"ListItem\",\"position\":2,\"name\":\"Faktencheck\"}]},{\"@type\":\"WebSite\",\"@id\":\"https:\\\/\\\/blockp.io\\\/#website\",\"url\":\"https:\\\/\\\/blockp.io\\\/\",\"name\":\"BlockP\",\"description\":\"Best Porn Blocker\",\"publisher\":{\"@id\":\"https:\\\/\\\/blockp.io\\\/#organization\"},\"alternateName\":\"BlockP\",\"potentialAction\":[{\"@type\":\"SearchAction\",\"target\":{\"@type\":\"EntryPoint\",\"urlTemplate\":\"https:\\\/\\\/blockp.io\\\/?s={search_term_string}\"},\"query-input\":{\"@type\":\"PropertyValueSpecification\",\"valueRequired\":true,\"valueName\":\"search_term_string\"}}],\"inLanguage\":\"de\"},{\"@type\":\"Organization\",\"@id\":\"https:\\\/\\\/blockp.io\\\/#organization\",\"name\":\"BlockP\",\"alternateName\":\"BlockP\",\"url\":\"https:\\\/\\\/blockp.io\\\/\",\"logo\":{\"@type\":\"ImageObject\",\"inLanguage\":\"de\",\"@id\":\"https:\\\/\\\/blockp.io\\\/#\\\/schema\\\/logo\\\/image\\\/\",\"url\":\"https:\\\/\\\/blockp.io\\\/wp-content\\\/uploads\\\/2024\\\/07\\\/blockp-Logo.avif\",\"contentUrl\":\"https:\\\/\\\/blockp.io\\\/wp-content\\\/uploads\\\/2024\\\/07\\\/blockp-Logo.avif\",\"width\":512,\"height\":512,\"caption\":\"BlockP\"},\"image\":{\"@id\":\"https:\\\/\\\/blockp.io\\\/#\\\/schema\\\/logo\\\/image\\\/\"}}]}<\/script>\n<!-- \/ Yoast SEO plugin. -->","yoast_head_json":{"title":"Faktencheck \u2013 BlockP","robots":{"index":"index","follow":"follow","max-snippet":"max-snippet:-1","max-image-preview":"max-image-preview:large","max-video-preview":"max-video-preview:-1"},"canonical":"https:\/\/blockp.io\/de\/fact-checked\/","og_locale":"de_DE","og_type":"article","og_title":"Faktencheck \u2013 BlockP","og_description":"Faktencheck Bei BlockPWir legen Wert auf Genauigkeit, psychologische Forschung und evidenzbasierte Erkenntnisse. Unsere Inhalte werden sorgf\u00e4ltig gepr\u00fcft und durch seri\u00f6se Quellen belegt, darunter Fachstudien, Forschungsergebnisse zur psychischen Gesundheit, Erkenntnisse der Verhaltenswissenschaft und anerkannte akademische Einrichtungen. Wir m\u00f6chten praktische, wissenschaftlich fundierte Hilfestellung f\u00fcr Menschen mit Pornografiesucht, zwanghaftem Verhalten und Problemen mit der Selbstkontrolle bieten. Soweit anwendbar, werden Referenzen und Forschungsquellen im Artikel zitiert, um Transparenz und Glaubw\u00fcrdigkeit zu gew\u00e4hrleisten. Sollten Sie Ungenauigkeiten feststellen oder Bedenken bez\u00fcglich unserer Inhalte haben, bitten wir Sie, uns dies \u00fcber die Kommentarfunktion oder das Kontaktformular mitzuteilen. Ihr Feedback hilft uns, unsere hohen Qualit\u00e4tsstandards zu halten. Unser Ziel ist es, Sie mit verl\u00e4sslichen Informationen auszustatten, damit Sie fundierte Entscheidungen \u00fcber Ihre digitalen Gewohnheiten, Ihr mentales Wohlbefinden und Ihre pers\u00f6nliche Entwicklung treffen k\u00f6nnen. Haftungsausschluss:Die auf BlockP bereitgestellten Informationen dienen ausschlie\u00dflich Bildungs- und Informationszwecken. Sie ersetzen keine professionelle medizinische, psychologische oder psychiatrische Beratung. Konsultieren Sie f\u00fcr eine individuelle Beratung stets eine qualifizierte Fachkraft im Gesundheitswesen oder im Bereich der psychischen Gesundheit.","og_url":"https:\/\/blockp.io\/de\/fact-checked\/","og_site_name":"BlockP","article_modified_time":"2026-04-02T06:43:36+00:00","twitter_card":"summary_large_image","twitter_misc":{"Gesch\u00e4tzte Lesezeit":"1\u00a0Minute"},"schema":{"@context":"https:\/\/schema.org","@graph":[{"@type":"WebPage","@id":"https:\/\/blockp.io\/de\/fact-checked\/","url":"https:\/\/blockp.io\/de\/fact-checked\/","name":"Faktencheck \u2013 BlockP","isPartOf":{"@id":"https:\/\/blockp.io\/#website"},"datePublished":"2026-02-26T16:49:09+00:00","dateModified":"2026-04-02T06:43:36+00:00","breadcrumb":{"@id":"https:\/\/blockp.io\/de\/fact-checked\/#breadcrumb"},"inLanguage":"de","potentialAction":[{"@type":"ReadAction","target":["https:\/\/blockp.io\/de\/fact-checked\/"]}]},{"@type":"BreadcrumbList","@id":"https:\/\/blockp.io\/de\/fact-checked\/#breadcrumb","itemListElement":[{"@type":"ListItem","position":1,"name":"Home","item":"https:\/\/blockp.io\/"},{"@type":"ListItem","position":2,"name":"Faktencheck"}]},{"@type":"WebSite","@id":"https:\/\/blockp.io\/#website","url":"https:\/\/blockp.io\/","name":"BlockP","description":"Best Porn Blocker","publisher":{"@id":"https:\/\/blockp.io\/#organization"},"alternateName":"BlockP","potentialAction":[{"@type":"SearchAction","target":{"@type":"EntryPoint","urlTemplate":"https:\/\/blockp.io\/?s={search_term_string}"},"query-input":{"@type":"PropertyValueSpecification","valueRequired":true,"valueName":"search_term_string"}}],"inLanguage":"de"},{"@type":"Organization","@id":"https:\/\/blockp.io\/#organization","name":"BlockP","alternateName":"BlockP","url":"https:\/\/blockp.io\/","logo":{"@type":"ImageObject","inLanguage":"de","@id":"https:\/\/blockp.io\/#\/schema\/logo\/image\/","url":"https:\/\/blockp.io\/wp-content\/uploads\/2024\/07\/blockp-Logo.avif","contentUrl":"https:\/\/blockp.io\/wp-content\/uploads\/2024\/07\/blockp-Logo.avif","width":512,"height":512,"caption":"BlockP"},"image":{"@id":"https:\/\/blockp.io\/#\/schema\/logo\/image\/"}}]}},"_links":{"self":[{"href":"https:\/\/blockp.io\/de\/wp-json\/wp\/v2\/pages\/37530","targetHints":{"allow":["GET"]}}],"collection":[{"href":"https:\/\/blockp.io\/de\/wp-json\/wp\/v2\/pages"}],"about":[{"href":"https:\/\/blockp.io\/de\/wp-json\/wp\/v2\/types\/page"}],"author":[{"embeddable":true,"href":"https:\/\/blockp.io\/de\/wp-json\/wp\/v2\/users\/10"}],"replies":[{"embeddable":true,"href":"https:\/\/blockp.io\/de\/wp-json\/wp\/v2\/comments?post=37530"}],"version-history":[{"count":6,"href":"https:\/\/blockp.io\/de\/wp-json\/wp\/v2\/pages\/37530\/revisions"}],"predecessor-version":[{"id":37563,"href":"https:\/\/blockp.io\/de\/wp-json\/wp\/v2\/pages\/37530\/revisions\/37563"}],"wp:attachment":[{"href":"https:\/\/blockp.io\/de\/wp-json\/wp\/v2\/media?parent=37530"}],"curies":[{"name":"wp","href":"https:\/\/api.w.org\/{rel}","templated":true}]}}