{"id":10372,"date":"2024-09-23T17:41:14","date_gmt":"2024-09-23T17:41:14","guid":{"rendered":"https:\/\/blockp.io\/data-deletion\/"},"modified":"2024-09-23T17:45:10","modified_gmt":"2024-09-23T17:45:10","slug":"data-deletion","status":"publish","type":"page","link":"https:\/\/blockp.io\/es\/data-deletion\/","title":{"rendered":"Data Deletion"},"content":{"rendered":"\t\t<div data-elementor-type=\"wp-page\" data-elementor-id=\"10372\" class=\"elementor elementor-10372 elementor-9800\" data-elementor-post-type=\"page\">\n\t\t\t\t\t\t<section class=\"elementor-section elementor-top-section elementor-element elementor-element-fac2de8 elementor-section-boxed elementor-section-height-default elementor-section-height-default wpr-particle-no wpr-jarallax-no wpr-parallax-no wpr-sticky-section-no wpr-equal-height-no\" data-id=\"fac2de8\" data-element_type=\"section\" data-e-type=\"section\">\n\t\t\t\t\t\t<div class=\"elementor-container elementor-column-gap-default\">\n\t\t\t\t\t<div class=\"elementor-column elementor-col-100 elementor-top-column elementor-element elementor-element-44d1710\" data-id=\"44d1710\" data-element_type=\"column\" data-e-type=\"column\">\n\t\t\t<div class=\"elementor-widget-wrap elementor-element-populated\">\n\t\t\t\t\t\t<div class=\"elementor-element elementor-element-2354e6b elementor-widget elementor-widget-heading\" data-id=\"2354e6b\" data-element_type=\"widget\" data-e-type=\"widget\" data-widget_type=\"heading.default\">\n\t\t\t\t\t<h1 class=\"elementor-heading-title elementor-size-default\">Elimine sus datos de forma segura en la aplicaci\u00f3n BlockP para Android\n<\/h1>\t\t\t\t<\/div>\n\t\t\t\t\t<\/div>\n\t\t<\/div>\n\t\t\t\t\t<\/div>\n\t\t<\/section>\n\t\t\t\t<section class=\"elementor-section elementor-top-section elementor-element elementor-element-4a76043 elementor-section-boxed elementor-section-height-default elementor-section-height-default wpr-particle-no wpr-jarallax-no wpr-parallax-no wpr-sticky-section-no wpr-equal-height-no\" data-id=\"4a76043\" data-element_type=\"section\" data-e-type=\"section\">\n\t\t\t\t\t\t<div class=\"elementor-container elementor-column-gap-default\">\n\t\t\t\t\t<div class=\"elementor-column elementor-col-100 elementor-top-column elementor-element elementor-element-ee7a776\" data-id=\"ee7a776\" data-element_type=\"column\" data-e-type=\"column\">\n\t\t\t<div class=\"elementor-widget-wrap elementor-element-populated\">\n\t\t\t\t\t\t<div class=\"elementor-element elementor-element-f907970 elementor-widget elementor-widget-text-editor\" data-id=\"f907970\" data-element_type=\"widget\" data-e-type=\"widget\" data-widget_type=\"text-editor.default\">\n\t\t\t\t\t\t\t\t\t<p><strong>Introducci\u00f3n<\/strong><\/p><p>En BlockP, priorizamos su privacidad y seguridad de datos. Entendemos que es posible que desee eliminar su cuenta y los datos asociados de nuestra aplicaci\u00f3n de Android. Tenga la seguridad de que el proceso es sencillo y est\u00e1 dise\u00f1ado para garantizar la seguridad de su informaci\u00f3n. Aqu\u00ed hay una gu\u00eda paso a paso sobre c\u00f3mo solicitar la eliminaci\u00f3n de sus datos de usuario desde la aplicaci\u00f3n BlockP:<\/p><p><strong>Paso 1:<\/strong> inicie la solicitud de eliminaci\u00f3n de cuenta<br \/>1. Abra la aplicaci\u00f3n BlockP en su dispositivo Android.<br \/>2. Navegue a la secci\u00f3n \u00abConfiguraci\u00f3n\u00bb o \u00abCuenta\u00bb de la aplicaci\u00f3n.<\/p><p><strong>Paso 2:<\/strong> enviar correo electr\u00f3nico a la solicitud de eliminaci\u00f3n de cuenta<br \/>1. En la secci\u00f3n \u00abCuenta\u00bb, busque la opci\u00f3n \u00abEliminar mi cuenta\u00bb.<br \/>2. Toque la opci\u00f3n para iniciar el proceso de eliminaci\u00f3n.<br \/>3. Se abrir\u00e1 un borrador de correo electr\u00f3nico en su aplicaci\u00f3n de correo electr\u00f3nico predeterminada.<br \/>4. La direcci\u00f3n de correo electr\u00f3nico del destinatario ya estar\u00e1 completa: Blockingsites123@gmail.com.<br \/>5. No dude en agregar informaci\u00f3n adicional o contexto al correo electr\u00f3nico si lo desea.<\/p><p><strong>Paso 3:<\/strong> Confirme su solicitud<br \/>1. Verifique que haya descrito con precisi\u00f3n su intenci\u00f3n de eliminar su cuenta y todos los datos asociados.<br \/>2. Env\u00ede el correo electr\u00f3nico a Blockingsites123@gmail.com.<\/p><p><strong>Paso 4:<\/strong> Procesar su solicitud<br \/>1. Nuestro equipo t\u00e9cnico revisar\u00e1 su solicitud de eliminaci\u00f3n de cuenta.<br \/>2. Por motivos de seguridad, podemos comunicarnos con usted por correo electr\u00f3nico para verificar su identidad.<br \/>3. Una vez verificada su solicitud, nuestro equipo proceder\u00e1 con el proceso de eliminaci\u00f3n de datos.<\/p><p><strong>Paso 5:<\/strong> finalizaci\u00f3n de la eliminaci\u00f3n<br \/>1. Su cuenta y los datos asociados se eliminar\u00e1n permanentemente de nuestra base de datos Firebase dentro de los 4 a 5 d\u00edas h\u00e1biles posteriores a la confirmaci\u00f3n de su solicitud.<br \/>2. Le notificaremos por correo electr\u00f3nico una vez que se complete el proceso.<\/p><p><strong>Conclusi\u00f3n:<\/strong><br \/>En BlockP, estamos comprometidos a mantener la seguridad y privacidad de sus datos. Nuestro proceso f\u00e1cil de usar para eliminar su cuenta garantiza que su informaci\u00f3n se maneje con el m\u00e1ximo cuidado. Si tiene alguna pregunta o necesita ayuda durante el proceso de eliminaci\u00f3n de la cuenta, no dude en comunicarse con nuestro equipo de soporte en blockingsites123@gmail.com.<\/p><p>Tenga en cuenta que, si bien nos esforzamos por completar el proceso dentro de 4 a 5 d\u00edas h\u00e1biles, circunstancias imprevistas en ocasiones pueden causar ligeros retrasos. Apreciamos su comprensi\u00f3n y le agradecemos por elegir BlockP para sus necesidades de gesti\u00f3n de contenido.<\/p>\t\t\t\t\t\t\t\t<\/div>\n\t\t\t\t\t<\/div>\n\t\t<\/div>\n\t\t\t\t\t<\/div>\n\t\t<\/section>\n\t\t\t\t<\/div>\n\t\t","protected":false},"excerpt":{"rendered":"<p>Elimine sus datos de forma segura en la aplicaci\u00f3n BlockP para Android Introducci\u00f3n En BlockP, priorizamos su privacidad y seguridad de datos. Entendemos que es posible que desee eliminar su cuenta y los datos asociados de nuestra aplicaci\u00f3n de Android. Tenga la seguridad de que el proceso es sencillo y est\u00e1 dise\u00f1ado para garantizar la seguridad de su informaci\u00f3n. Aqu\u00ed hay una gu\u00eda paso a paso sobre c\u00f3mo solicitar la eliminaci\u00f3n de sus datos de usuario desde la aplicaci\u00f3n BlockP: Paso 1: inicie la solicitud de eliminaci\u00f3n de cuenta1. Abra la aplicaci\u00f3n BlockP en su dispositivo Android.2. Navegue a la secci\u00f3n \u00abConfiguraci\u00f3n\u00bb o \u00abCuenta\u00bb de la aplicaci\u00f3n. Paso 2: enviar correo electr\u00f3nico a la solicitud de eliminaci\u00f3n de cuenta1. En la secci\u00f3n \u00abCuenta\u00bb, busque la opci\u00f3n \u00abEliminar mi cuenta\u00bb.2. Toque la opci\u00f3n para iniciar el proceso de eliminaci\u00f3n.3. Se abrir\u00e1 un borrador de correo electr\u00f3nico en su aplicaci\u00f3n de correo electr\u00f3nico predeterminada.4. La direcci\u00f3n de correo electr\u00f3nico del destinatario ya estar\u00e1 completa: Blockingsites123@gmail.com.5. No dude en agregar informaci\u00f3n adicional o contexto al correo electr\u00f3nico si lo desea. Paso 3: Confirme su solicitud1. Verifique que haya descrito con precisi\u00f3n su intenci\u00f3n de eliminar su cuenta y todos los datos asociados.2. Env\u00ede el correo electr\u00f3nico a Blockingsites123@gmail.com. Paso 4: Procesar su solicitud1. Nuestro equipo t\u00e9cnico revisar\u00e1 su solicitud de eliminaci\u00f3n de cuenta.2. Por motivos de seguridad, podemos comunicarnos con usted por correo electr\u00f3nico para verificar su identidad.3. Una vez verificada su solicitud, nuestro equipo proceder\u00e1 con el proceso de eliminaci\u00f3n de datos. Paso 5: finalizaci\u00f3n de la eliminaci\u00f3n1. Su cuenta y los datos asociados se eliminar\u00e1n permanentemente de nuestra base de datos Firebase dentro de los 4 a 5 d\u00edas h\u00e1biles posteriores a la confirmaci\u00f3n de su solicitud.2. Le notificaremos por correo electr\u00f3nico una vez que se complete el proceso. Conclusi\u00f3n:En BlockP, estamos comprometidos a mantener la seguridad y privacidad de sus datos. Nuestro proceso f\u00e1cil de usar para eliminar su cuenta garantiza que su informaci\u00f3n se maneje con el m\u00e1ximo cuidado. Si tiene alguna pregunta o necesita ayuda durante el proceso de eliminaci\u00f3n de la cuenta, no dude en comunicarse con nuestro equipo de soporte en blockingsites123@gmail.com. Tenga en cuenta que, si bien nos esforzamos por completar el proceso dentro de 4 a 5 d\u00edas h\u00e1biles, circunstancias imprevistas en ocasiones pueden causar ligeros retrasos. Apreciamos su comprensi\u00f3n y le agradecemos por elegir BlockP para sus necesidades de gesti\u00f3n de contenido.<\/p>\n","protected":false},"author":1,"featured_media":0,"parent":0,"menu_order":0,"comment_status":"closed","ping_status":"closed","template":"","meta":{"site-sidebar-layout":"no-sidebar","site-content-layout":"","ast-site-content-layout":"full-width-container","site-content-style":"default","site-sidebar-style":"default","ast-global-header-display":"","ast-banner-title-visibility":"","ast-main-header-display":"","ast-hfb-above-header-display":"","ast-hfb-below-header-display":"","ast-hfb-mobile-header-display":"","site-post-title":"disabled","ast-breadcrumbs-content":"","ast-featured-img":"disabled","footer-sml-layout":"","ast-disable-related-posts":"","theme-transparent-header-meta":"default","adv-header-id-meta":"","stick-header-meta":"","header-above-stick-meta":"","header-main-stick-meta":"","header-below-stick-meta":"","astra-migrate-meta-layouts":"default","ast-page-background-enabled":"default","ast-page-background-meta":{"desktop":{"background-color":"var(--ast-global-color-4)","background-image":"","background-repeat":"repeat","background-position":"center center","background-size":"auto","background-attachment":"scroll","background-type":"","background-media":"","overlay-type":"","overlay-color":"","overlay-opacity":"","overlay-gradient":""},"tablet":{"background-color":"","background-image":"","background-repeat":"repeat","background-position":"center center","background-size":"auto","background-attachment":"scroll","background-type":"","background-media":"","overlay-type":"","overlay-color":"","overlay-opacity":"","overlay-gradient":""},"mobile":{"background-color":"","background-image":"","background-repeat":"repeat","background-position":"center center","background-size":"auto","background-attachment":"scroll","background-type":"","background-media":"","overlay-type":"","overlay-color":"","overlay-opacity":"","overlay-gradient":""}},"ast-content-background-meta":{"desktop":{"background-color":"var(--ast-global-color-5)","background-image":"","background-repeat":"repeat","background-position":"center center","background-size":"auto","background-attachment":"scroll","background-type":"","background-media":"","overlay-type":"","overlay-color":"","overlay-opacity":"","overlay-gradient":""},"tablet":{"background-color":"var(--ast-global-color-5)","background-image":"","background-repeat":"repeat","background-position":"center center","background-size":"auto","background-attachment":"scroll","background-type":"","background-media":"","overlay-type":"","overlay-color":"","overlay-opacity":"","overlay-gradient":""},"mobile":{"background-color":"var(--ast-global-color-5)","background-image":"","background-repeat":"repeat","background-position":"center center","background-size":"auto","background-attachment":"scroll","background-type":"","background-media":"","overlay-type":"","overlay-color":"","overlay-opacity":"","overlay-gradient":""}},"footnotes":""},"class_list":["post-10372","page","type-page","status-publish","hentry"],"yoast_head":"<!-- This site is optimized with the Yoast SEO plugin v27.5 - https:\/\/yoast.com\/product\/yoast-seo-wordpress\/ -->\n<title>Data Deletion - BlockP<\/title>\n<meta name=\"robots\" content=\"index, follow, max-snippet:-1, max-image-preview:large, max-video-preview:-1\" \/>\n<link rel=\"canonical\" href=\"https:\/\/blockp.io\/es\/data-deletion\/\" \/>\n<meta property=\"og:locale\" content=\"es_ES\" \/>\n<meta property=\"og:type\" content=\"article\" \/>\n<meta property=\"og:title\" content=\"Data Deletion - BlockP\" \/>\n<meta property=\"og:description\" content=\"Elimine sus datos de forma segura en la aplicaci\u00f3n BlockP para Android Introducci\u00f3n En BlockP, priorizamos su privacidad y seguridad de datos. Entendemos que es posible que desee eliminar su cuenta y los datos asociados de nuestra aplicaci\u00f3n de Android. Tenga la seguridad de que el proceso es sencillo y est\u00e1 dise\u00f1ado para garantizar la seguridad de su informaci\u00f3n. Aqu\u00ed hay una gu\u00eda paso a paso sobre c\u00f3mo solicitar la eliminaci\u00f3n de sus datos de usuario desde la aplicaci\u00f3n BlockP: Paso 1: inicie la solicitud de eliminaci\u00f3n de cuenta1. Abra la aplicaci\u00f3n BlockP en su dispositivo Android.2. Navegue a la secci\u00f3n \u00abConfiguraci\u00f3n\u00bb o \u00abCuenta\u00bb de la aplicaci\u00f3n. Paso 2: enviar correo electr\u00f3nico a la solicitud de eliminaci\u00f3n de cuenta1. En la secci\u00f3n \u00abCuenta\u00bb, busque la opci\u00f3n \u00abEliminar mi cuenta\u00bb.2. Toque la opci\u00f3n para iniciar el proceso de eliminaci\u00f3n.3. Se abrir\u00e1 un borrador de correo electr\u00f3nico en su aplicaci\u00f3n de correo electr\u00f3nico predeterminada.4. La direcci\u00f3n de correo electr\u00f3nico del destinatario ya estar\u00e1 completa: Blockingsites123@gmail.com.5. No dude en agregar informaci\u00f3n adicional o contexto al correo electr\u00f3nico si lo desea. Paso 3: Confirme su solicitud1. Verifique que haya descrito con precisi\u00f3n su intenci\u00f3n de eliminar su cuenta y todos los datos asociados.2. Env\u00ede el correo electr\u00f3nico a Blockingsites123@gmail.com. Paso 4: Procesar su solicitud1. Nuestro equipo t\u00e9cnico revisar\u00e1 su solicitud de eliminaci\u00f3n de cuenta.2. Por motivos de seguridad, podemos comunicarnos con usted por correo electr\u00f3nico para verificar su identidad.3. Una vez verificada su solicitud, nuestro equipo proceder\u00e1 con el proceso de eliminaci\u00f3n de datos. Paso 5: finalizaci\u00f3n de la eliminaci\u00f3n1. Su cuenta y los datos asociados se eliminar\u00e1n permanentemente de nuestra base de datos Firebase dentro de los 4 a 5 d\u00edas h\u00e1biles posteriores a la confirmaci\u00f3n de su solicitud.2. Le notificaremos por correo electr\u00f3nico una vez que se complete el proceso. Conclusi\u00f3n:En BlockP, estamos comprometidos a mantener la seguridad y privacidad de sus datos. Nuestro proceso f\u00e1cil de usar para eliminar su cuenta garantiza que su informaci\u00f3n se maneje con el m\u00e1ximo cuidado. Si tiene alguna pregunta o necesita ayuda durante el proceso de eliminaci\u00f3n de la cuenta, no dude en comunicarse con nuestro equipo de soporte en blockingsites123@gmail.com. Tenga en cuenta que, si bien nos esforzamos por completar el proceso dentro de 4 a 5 d\u00edas h\u00e1biles, circunstancias imprevistas en ocasiones pueden causar ligeros retrasos. Apreciamos su comprensi\u00f3n y le agradecemos por elegir BlockP para sus necesidades de gesti\u00f3n de contenido.\" \/>\n<meta property=\"og:url\" content=\"https:\/\/blockp.io\/es\/data-deletion\/\" \/>\n<meta property=\"og:site_name\" content=\"BlockP\" \/>\n<meta property=\"article:modified_time\" content=\"2024-09-23T17:45:10+00:00\" \/>\n<meta name=\"twitter:card\" content=\"summary_large_image\" \/>\n<meta name=\"twitter:label1\" content=\"Tiempo de lectura\" \/>\n\t<meta name=\"twitter:data1\" content=\"2 minutos\" \/>\n<script type=\"application\/ld+json\" class=\"yoast-schema-graph\">{\"@context\":\"https:\\\/\\\/schema.org\",\"@graph\":[{\"@type\":\"WebPage\",\"@id\":\"https:\\\/\\\/blockp.io\\\/es\\\/data-deletion\\\/\",\"url\":\"https:\\\/\\\/blockp.io\\\/es\\\/data-deletion\\\/\",\"name\":\"Data Deletion - BlockP\",\"isPartOf\":{\"@id\":\"https:\\\/\\\/blockp.io\\\/#website\"},\"datePublished\":\"2024-09-23T17:41:14+00:00\",\"dateModified\":\"2024-09-23T17:45:10+00:00\",\"breadcrumb\":{\"@id\":\"https:\\\/\\\/blockp.io\\\/es\\\/data-deletion\\\/#breadcrumb\"},\"inLanguage\":\"es\",\"potentialAction\":[{\"@type\":\"ReadAction\",\"target\":[\"https:\\\/\\\/blockp.io\\\/es\\\/data-deletion\\\/\"]}]},{\"@type\":\"BreadcrumbList\",\"@id\":\"https:\\\/\\\/blockp.io\\\/es\\\/data-deletion\\\/#breadcrumb\",\"itemListElement\":[{\"@type\":\"ListItem\",\"position\":1,\"name\":\"Home\",\"item\":\"https:\\\/\\\/blockp.io\\\/\"},{\"@type\":\"ListItem\",\"position\":2,\"name\":\"Data Deletion\"}]},{\"@type\":\"WebSite\",\"@id\":\"https:\\\/\\\/blockp.io\\\/#website\",\"url\":\"https:\\\/\\\/blockp.io\\\/\",\"name\":\"BlockP\",\"description\":\"Best Porn Blocker\",\"publisher\":{\"@id\":\"https:\\\/\\\/blockp.io\\\/#organization\"},\"alternateName\":\"BlockP\",\"potentialAction\":[{\"@type\":\"SearchAction\",\"target\":{\"@type\":\"EntryPoint\",\"urlTemplate\":\"https:\\\/\\\/blockp.io\\\/?s={search_term_string}\"},\"query-input\":{\"@type\":\"PropertyValueSpecification\",\"valueRequired\":true,\"valueName\":\"search_term_string\"}}],\"inLanguage\":\"es\"},{\"@type\":\"Organization\",\"@id\":\"https:\\\/\\\/blockp.io\\\/#organization\",\"name\":\"BlockP\",\"alternateName\":\"BlockP\",\"url\":\"https:\\\/\\\/blockp.io\\\/\",\"logo\":{\"@type\":\"ImageObject\",\"inLanguage\":\"es\",\"@id\":\"https:\\\/\\\/blockp.io\\\/#\\\/schema\\\/logo\\\/image\\\/\",\"url\":\"https:\\\/\\\/blockp.io\\\/wp-content\\\/uploads\\\/2024\\\/07\\\/blockp-Logo.avif\",\"contentUrl\":\"https:\\\/\\\/blockp.io\\\/wp-content\\\/uploads\\\/2024\\\/07\\\/blockp-Logo.avif\",\"width\":512,\"height\":512,\"caption\":\"BlockP\"},\"image\":{\"@id\":\"https:\\\/\\\/blockp.io\\\/#\\\/schema\\\/logo\\\/image\\\/\"}}]}<\/script>\n<!-- \/ Yoast SEO plugin. -->","yoast_head_json":{"title":"Data Deletion - BlockP","robots":{"index":"index","follow":"follow","max-snippet":"max-snippet:-1","max-image-preview":"max-image-preview:large","max-video-preview":"max-video-preview:-1"},"canonical":"https:\/\/blockp.io\/es\/data-deletion\/","og_locale":"es_ES","og_type":"article","og_title":"Data Deletion - BlockP","og_description":"Elimine sus datos de forma segura en la aplicaci\u00f3n BlockP para Android Introducci\u00f3n En BlockP, priorizamos su privacidad y seguridad de datos. Entendemos que es posible que desee eliminar su cuenta y los datos asociados de nuestra aplicaci\u00f3n de Android. Tenga la seguridad de que el proceso es sencillo y est\u00e1 dise\u00f1ado para garantizar la seguridad de su informaci\u00f3n. Aqu\u00ed hay una gu\u00eda paso a paso sobre c\u00f3mo solicitar la eliminaci\u00f3n de sus datos de usuario desde la aplicaci\u00f3n BlockP: Paso 1: inicie la solicitud de eliminaci\u00f3n de cuenta1. Abra la aplicaci\u00f3n BlockP en su dispositivo Android.2. Navegue a la secci\u00f3n \u00abConfiguraci\u00f3n\u00bb o \u00abCuenta\u00bb de la aplicaci\u00f3n. Paso 2: enviar correo electr\u00f3nico a la solicitud de eliminaci\u00f3n de cuenta1. En la secci\u00f3n \u00abCuenta\u00bb, busque la opci\u00f3n \u00abEliminar mi cuenta\u00bb.2. Toque la opci\u00f3n para iniciar el proceso de eliminaci\u00f3n.3. Se abrir\u00e1 un borrador de correo electr\u00f3nico en su aplicaci\u00f3n de correo electr\u00f3nico predeterminada.4. La direcci\u00f3n de correo electr\u00f3nico del destinatario ya estar\u00e1 completa: Blockingsites123@gmail.com.5. No dude en agregar informaci\u00f3n adicional o contexto al correo electr\u00f3nico si lo desea. Paso 3: Confirme su solicitud1. Verifique que haya descrito con precisi\u00f3n su intenci\u00f3n de eliminar su cuenta y todos los datos asociados.2. Env\u00ede el correo electr\u00f3nico a Blockingsites123@gmail.com. Paso 4: Procesar su solicitud1. Nuestro equipo t\u00e9cnico revisar\u00e1 su solicitud de eliminaci\u00f3n de cuenta.2. Por motivos de seguridad, podemos comunicarnos con usted por correo electr\u00f3nico para verificar su identidad.3. Una vez verificada su solicitud, nuestro equipo proceder\u00e1 con el proceso de eliminaci\u00f3n de datos. Paso 5: finalizaci\u00f3n de la eliminaci\u00f3n1. Su cuenta y los datos asociados se eliminar\u00e1n permanentemente de nuestra base de datos Firebase dentro de los 4 a 5 d\u00edas h\u00e1biles posteriores a la confirmaci\u00f3n de su solicitud.2. Le notificaremos por correo electr\u00f3nico una vez que se complete el proceso. Conclusi\u00f3n:En BlockP, estamos comprometidos a mantener la seguridad y privacidad de sus datos. Nuestro proceso f\u00e1cil de usar para eliminar su cuenta garantiza que su informaci\u00f3n se maneje con el m\u00e1ximo cuidado. Si tiene alguna pregunta o necesita ayuda durante el proceso de eliminaci\u00f3n de la cuenta, no dude en comunicarse con nuestro equipo de soporte en blockingsites123@gmail.com. Tenga en cuenta que, si bien nos esforzamos por completar el proceso dentro de 4 a 5 d\u00edas h\u00e1biles, circunstancias imprevistas en ocasiones pueden causar ligeros retrasos. Apreciamos su comprensi\u00f3n y le agradecemos por elegir BlockP para sus necesidades de gesti\u00f3n de contenido.","og_url":"https:\/\/blockp.io\/es\/data-deletion\/","og_site_name":"BlockP","article_modified_time":"2024-09-23T17:45:10+00:00","twitter_card":"summary_large_image","twitter_misc":{"Tiempo de lectura":"2 minutos"},"schema":{"@context":"https:\/\/schema.org","@graph":[{"@type":"WebPage","@id":"https:\/\/blockp.io\/es\/data-deletion\/","url":"https:\/\/blockp.io\/es\/data-deletion\/","name":"Data Deletion - BlockP","isPartOf":{"@id":"https:\/\/blockp.io\/#website"},"datePublished":"2024-09-23T17:41:14+00:00","dateModified":"2024-09-23T17:45:10+00:00","breadcrumb":{"@id":"https:\/\/blockp.io\/es\/data-deletion\/#breadcrumb"},"inLanguage":"es","potentialAction":[{"@type":"ReadAction","target":["https:\/\/blockp.io\/es\/data-deletion\/"]}]},{"@type":"BreadcrumbList","@id":"https:\/\/blockp.io\/es\/data-deletion\/#breadcrumb","itemListElement":[{"@type":"ListItem","position":1,"name":"Home","item":"https:\/\/blockp.io\/"},{"@type":"ListItem","position":2,"name":"Data Deletion"}]},{"@type":"WebSite","@id":"https:\/\/blockp.io\/#website","url":"https:\/\/blockp.io\/","name":"BlockP","description":"Best Porn Blocker","publisher":{"@id":"https:\/\/blockp.io\/#organization"},"alternateName":"BlockP","potentialAction":[{"@type":"SearchAction","target":{"@type":"EntryPoint","urlTemplate":"https:\/\/blockp.io\/?s={search_term_string}"},"query-input":{"@type":"PropertyValueSpecification","valueRequired":true,"valueName":"search_term_string"}}],"inLanguage":"es"},{"@type":"Organization","@id":"https:\/\/blockp.io\/#organization","name":"BlockP","alternateName":"BlockP","url":"https:\/\/blockp.io\/","logo":{"@type":"ImageObject","inLanguage":"es","@id":"https:\/\/blockp.io\/#\/schema\/logo\/image\/","url":"https:\/\/blockp.io\/wp-content\/uploads\/2024\/07\/blockp-Logo.avif","contentUrl":"https:\/\/blockp.io\/wp-content\/uploads\/2024\/07\/blockp-Logo.avif","width":512,"height":512,"caption":"BlockP"},"image":{"@id":"https:\/\/blockp.io\/#\/schema\/logo\/image\/"}}]}},"_links":{"self":[{"href":"https:\/\/blockp.io\/es\/wp-json\/wp\/v2\/pages\/10372","targetHints":{"allow":["GET"]}}],"collection":[{"href":"https:\/\/blockp.io\/es\/wp-json\/wp\/v2\/pages"}],"about":[{"href":"https:\/\/blockp.io\/es\/wp-json\/wp\/v2\/types\/page"}],"author":[{"embeddable":true,"href":"https:\/\/blockp.io\/es\/wp-json\/wp\/v2\/users\/1"}],"replies":[{"embeddable":true,"href":"https:\/\/blockp.io\/es\/wp-json\/wp\/v2\/comments?post=10372"}],"version-history":[{"count":0,"href":"https:\/\/blockp.io\/es\/wp-json\/wp\/v2\/pages\/10372\/revisions"}],"wp:attachment":[{"href":"https:\/\/blockp.io\/es\/wp-json\/wp\/v2\/media?parent=10372"}],"curies":[{"name":"wp","href":"https:\/\/api.w.org\/{rel}","templated":true}]}}