{"id":37537,"date":"2026-02-26T16:49:09","date_gmt":"2026-02-26T16:49:09","guid":{"rendered":"https:\/\/blockp.io\/fact-checked\/"},"modified":"2026-04-02T07:05:21","modified_gmt":"2026-04-02T07:05:21","slug":"fact-checked","status":"publish","type":"page","link":"https:\/\/blockp.io\/es\/fact-checked\/","title":{"rendered":"Verificado"},"content":{"rendered":"\t\t<div data-elementor-type=\"wp-page\" data-elementor-id=\"37537\" class=\"elementor elementor-37537 elementor-37185\" data-elementor-post-type=\"page\">\n\t\t\t\t<div class=\"elementor-element elementor-element-fc4114c e-flex e-con-boxed wpr-particle-no wpr-jarallax-no wpr-parallax-no wpr-sticky-section-no e-con e-parent\" data-id=\"fc4114c\" data-element_type=\"container\" data-e-type=\"container\" data-settings=\"{&quot;background_background&quot;:&quot;classic&quot;}\">\n\t\t\t\t\t<div class=\"e-con-inner\">\n\t\t<div class=\"elementor-element elementor-element-b7b5739 e-con-full e-flex wpr-particle-no wpr-jarallax-no wpr-parallax-no wpr-sticky-section-no e-con e-child\" data-id=\"b7b5739\" data-element_type=\"container\" data-e-type=\"container\">\n\t\t\t\t<div class=\"elementor-element elementor-element-7e09ba7 elementor-align-center elementor-widget elementor-widget-breadcrumbs\" data-id=\"7e09ba7\" data-element_type=\"widget\" data-e-type=\"widget\" data-widget_type=\"breadcrumbs.default\">\n\t\t\t\t\t<p id=\"breadcrumbs\"><span><span><a href=\"https:\/\/blockp.io\/\">Home<\/a><\/span><\/span><\/p>\t\t\t\t<\/div>\n\t\t\t\t<\/div>\n\t\t\t\t<div class=\"elementor-element elementor-element-27cc8b3 elementor-widget__width-initial elementor-widget elementor-widget-heading\" data-id=\"27cc8b3\" data-element_type=\"widget\" data-e-type=\"widget\" data-widget_type=\"heading.default\">\n\t\t\t\t\t<h2 class=\"elementor-heading-title elementor-size-default\">Verificado <\/h2>\t\t\t\t<\/div>\n\t\t\t\t<div class=\"elementor-element elementor-element-3527fd2 elementor-widget__width-initial link elementor-widget elementor-widget-text-editor\" data-id=\"3527fd2\" data-element_type=\"widget\" data-e-type=\"widget\" data-widget_type=\"text-editor.default\">\n\t\t\t\t\t\t\t\t\t<ul><li style=\"font-weight: 400;\" aria-level=\"1\"><span style=\"font-weight: 400;\">En <\/span><b>Bloque P<\/b><span style=\"font-weight: 400;\">Priorizamos la precisi\u00f3n, la investigaci\u00f3n psicol\u00f3gica y los conocimientos basados \u200b\u200ben la evidencia.<\/span><\/li><li style=\"font-weight: 400;\" aria-level=\"1\"><span style=\"font-weight: 400;\">Nuestro contenido se revisa minuciosamente y est\u00e1 respaldado por fuentes confiables, incluyendo estudios revisados \u200b\u200bpor pares, investigaciones en salud mental, hallazgos de ciencias del comportamiento e instituciones acad\u00e9micas de prestigio. Nuestro objetivo es brindar orientaci\u00f3n pr\u00e1ctica y con base cient\u00edfica para ayudar a las personas que luchan contra la adicci\u00f3n a la pornograf\u00eda, las conductas compulsivas y los problemas de autocontrol.<\/span><\/li><li style=\"font-weight: 400;\" aria-level=\"1\"><span style=\"font-weight: 400;\">Siempre que sea pertinente, se citan las referencias y las fuentes de investigaci\u00f3n dentro del art\u00edculo para mantener la transparencia y la credibilidad.<\/span><\/li><li style=\"font-weight: 400;\" aria-level=\"1\"><span style=\"font-weight: 400;\">Si detecta alguna inexactitud o tiene alguna duda sobre nuestro contenido, le animamos a que se ponga en contacto con nosotros a trav\u00e9s de la secci\u00f3n de comentarios o el formulario de contacto. Sus comentarios nos ayudan a mantener un alto nivel de calidad.<\/span><\/li><li style=\"font-weight: 400;\" aria-level=\"1\"><span style=\"font-weight: 400;\">Nuestro objetivo es brindarte informaci\u00f3n confiable para que puedas tomar decisiones informadas sobre tus h\u00e1bitos digitales, tu bienestar mental y tu crecimiento personal.<\/span><\/li><\/ul><p><b>Descargo de responsabilidad:<\/b><span style=\"font-weight: 400;\">La informaci\u00f3n proporcionada en BlockP tiene fines educativos e informativos \u00fanicamente. No pretende sustituir el asesoramiento m\u00e9dico, psicol\u00f3gico o psiqui\u00e1trico profesional. Consulte siempre con un profesional de la salud o de la salud mental cualificado para obtener orientaci\u00f3n personalizada.<\/span><\/p>\t\t\t\t\t\t\t\t<\/div>\n\t\t\t\t\t<\/div>\n\t\t\t\t<\/div>\n\t\t\t\t<\/div>\n\t\t","protected":false},"excerpt":{"rendered":"<p>Verificado En Bloque PPriorizamos la precisi\u00f3n, la investigaci\u00f3n psicol\u00f3gica y los conocimientos basados \u200b\u200ben la evidencia. Nuestro contenido se revisa minuciosamente y est\u00e1 respaldado por fuentes confiables, incluyendo estudios revisados \u200b\u200bpor pares, investigaciones en salud mental, hallazgos de ciencias del comportamiento e instituciones acad\u00e9micas de prestigio. Nuestro objetivo es brindar orientaci\u00f3n pr\u00e1ctica y con base cient\u00edfica para ayudar a las personas que luchan contra la adicci\u00f3n a la pornograf\u00eda, las conductas compulsivas y los problemas de autocontrol. Siempre que sea pertinente, se citan las referencias y las fuentes de investigaci\u00f3n dentro del art\u00edculo para mantener la transparencia y la credibilidad. Si detecta alguna inexactitud o tiene alguna duda sobre nuestro contenido, le animamos a que se ponga en contacto con nosotros a trav\u00e9s de la secci\u00f3n de comentarios o el formulario de contacto. Sus comentarios nos ayudan a mantener un alto nivel de calidad. Nuestro objetivo es brindarte informaci\u00f3n confiable para que puedas tomar decisiones informadas sobre tus h\u00e1bitos digitales, tu bienestar mental y tu crecimiento personal. Descargo de responsabilidad:La informaci\u00f3n proporcionada en BlockP tiene fines educativos e informativos \u00fanicamente. No pretende sustituir el asesoramiento m\u00e9dico, psicol\u00f3gico o psiqui\u00e1trico profesional. Consulte siempre con un profesional de la salud o de la salud mental cualificado para obtener orientaci\u00f3n personalizada.<\/p>\n","protected":false},"author":10,"featured_media":0,"parent":0,"menu_order":0,"comment_status":"closed","ping_status":"closed","template":"","meta":{"site-sidebar-layout":"no-sidebar","site-content-layout":"","ast-site-content-layout":"full-width-container","site-content-style":"default","site-sidebar-style":"default","ast-global-header-display":"","ast-banner-title-visibility":"","ast-main-header-display":"","ast-hfb-above-header-display":"","ast-hfb-below-header-display":"","ast-hfb-mobile-header-display":"","site-post-title":"","ast-breadcrumbs-content":"","ast-featured-img":"disabled","footer-sml-layout":"","ast-disable-related-posts":"","theme-transparent-header-meta":"","adv-header-id-meta":"","stick-header-meta":"","header-above-stick-meta":"","header-main-stick-meta":"","header-below-stick-meta":"","astra-migrate-meta-layouts":"default","ast-page-background-enabled":"default","ast-page-background-meta":{"desktop":{"background-color":"var(--ast-global-color-4)","background-image":"","background-repeat":"repeat","background-position":"center center","background-size":"auto","background-attachment":"scroll","background-type":"","background-media":"","overlay-type":"","overlay-color":"","overlay-opacity":"","overlay-gradient":""},"tablet":{"background-color":"","background-image":"","background-repeat":"repeat","background-position":"center center","background-size":"auto","background-attachment":"scroll","background-type":"","background-media":"","overlay-type":"","overlay-color":"","overlay-opacity":"","overlay-gradient":""},"mobile":{"background-color":"","background-image":"","background-repeat":"repeat","background-position":"center center","background-size":"auto","background-attachment":"scroll","background-type":"","background-media":"","overlay-type":"","overlay-color":"","overlay-opacity":"","overlay-gradient":""}},"ast-content-background-meta":{"desktop":{"background-color":"var(--ast-global-color-5)","background-image":"","background-repeat":"repeat","background-position":"center center","background-size":"auto","background-attachment":"scroll","background-type":"","background-media":"","overlay-type":"","overlay-color":"","overlay-opacity":"","overlay-gradient":""},"tablet":{"background-color":"var(--ast-global-color-5)","background-image":"","background-repeat":"repeat","background-position":"center center","background-size":"auto","background-attachment":"scroll","background-type":"","background-media":"","overlay-type":"","overlay-color":"","overlay-opacity":"","overlay-gradient":""},"mobile":{"background-color":"var(--ast-global-color-5)","background-image":"","background-repeat":"repeat","background-position":"center center","background-size":"auto","background-attachment":"scroll","background-type":"","background-media":"","overlay-type":"","overlay-color":"","overlay-opacity":"","overlay-gradient":""}},"footnotes":""},"class_list":["post-37537","page","type-page","status-publish","hentry"],"yoast_head":"<!-- This site is optimized with the Yoast SEO plugin v27.3 - https:\/\/yoast.com\/product\/yoast-seo-wordpress\/ -->\n<title>Verificado - BlockP<\/title>\n<meta name=\"robots\" content=\"index, follow, max-snippet:-1, max-image-preview:large, max-video-preview:-1\" \/>\n<link rel=\"canonical\" href=\"https:\/\/blockp.io\/es\/fact-checked\/\" \/>\n<meta property=\"og:locale\" content=\"es_ES\" \/>\n<meta property=\"og:type\" content=\"article\" \/>\n<meta property=\"og:title\" content=\"Verificado - BlockP\" \/>\n<meta property=\"og:description\" content=\"Verificado En Bloque PPriorizamos la precisi\u00f3n, la investigaci\u00f3n psicol\u00f3gica y los conocimientos basados \u200b\u200ben la evidencia. Nuestro contenido se revisa minuciosamente y est\u00e1 respaldado por fuentes confiables, incluyendo estudios revisados \u200b\u200bpor pares, investigaciones en salud mental, hallazgos de ciencias del comportamiento e instituciones acad\u00e9micas de prestigio. Nuestro objetivo es brindar orientaci\u00f3n pr\u00e1ctica y con base cient\u00edfica para ayudar a las personas que luchan contra la adicci\u00f3n a la pornograf\u00eda, las conductas compulsivas y los problemas de autocontrol. Siempre que sea pertinente, se citan las referencias y las fuentes de investigaci\u00f3n dentro del art\u00edculo para mantener la transparencia y la credibilidad. Si detecta alguna inexactitud o tiene alguna duda sobre nuestro contenido, le animamos a que se ponga en contacto con nosotros a trav\u00e9s de la secci\u00f3n de comentarios o el formulario de contacto. Sus comentarios nos ayudan a mantener un alto nivel de calidad. Nuestro objetivo es brindarte informaci\u00f3n confiable para que puedas tomar decisiones informadas sobre tus h\u00e1bitos digitales, tu bienestar mental y tu crecimiento personal. Descargo de responsabilidad:La informaci\u00f3n proporcionada en BlockP tiene fines educativos e informativos \u00fanicamente. No pretende sustituir el asesoramiento m\u00e9dico, psicol\u00f3gico o psiqui\u00e1trico profesional. Consulte siempre con un profesional de la salud o de la salud mental cualificado para obtener orientaci\u00f3n personalizada.\" \/>\n<meta property=\"og:url\" content=\"https:\/\/blockp.io\/es\/fact-checked\/\" \/>\n<meta property=\"og:site_name\" content=\"BlockP\" \/>\n<meta property=\"article:modified_time\" content=\"2026-04-02T07:05:21+00:00\" \/>\n<meta name=\"twitter:card\" content=\"summary_large_image\" \/>\n<meta name=\"twitter:label1\" content=\"Tiempo de lectura\" \/>\n\t<meta name=\"twitter:data1\" content=\"1 minuto\" \/>\n<script type=\"application\/ld+json\" class=\"yoast-schema-graph\">{\"@context\":\"https:\\\/\\\/schema.org\",\"@graph\":[{\"@type\":\"WebPage\",\"@id\":\"https:\\\/\\\/blockp.io\\\/es\\\/fact-checked\\\/\",\"url\":\"https:\\\/\\\/blockp.io\\\/es\\\/fact-checked\\\/\",\"name\":\"Verificado - BlockP\",\"isPartOf\":{\"@id\":\"https:\\\/\\\/blockp.io\\\/#website\"},\"datePublished\":\"2026-02-26T16:49:09+00:00\",\"dateModified\":\"2026-04-02T07:05:21+00:00\",\"breadcrumb\":{\"@id\":\"https:\\\/\\\/blockp.io\\\/es\\\/fact-checked\\\/#breadcrumb\"},\"inLanguage\":\"es\",\"potentialAction\":[{\"@type\":\"ReadAction\",\"target\":[\"https:\\\/\\\/blockp.io\\\/es\\\/fact-checked\\\/\"]}]},{\"@type\":\"BreadcrumbList\",\"@id\":\"https:\\\/\\\/blockp.io\\\/es\\\/fact-checked\\\/#breadcrumb\",\"itemListElement\":[{\"@type\":\"ListItem\",\"position\":1,\"name\":\"Home\",\"item\":\"https:\\\/\\\/blockp.io\\\/\"},{\"@type\":\"ListItem\",\"position\":2,\"name\":\"Verificado\"}]},{\"@type\":\"WebSite\",\"@id\":\"https:\\\/\\\/blockp.io\\\/#website\",\"url\":\"https:\\\/\\\/blockp.io\\\/\",\"name\":\"BlockP\",\"description\":\"Best Porn Blocker\",\"publisher\":{\"@id\":\"https:\\\/\\\/blockp.io\\\/#organization\"},\"alternateName\":\"BlockP\",\"potentialAction\":[{\"@type\":\"SearchAction\",\"target\":{\"@type\":\"EntryPoint\",\"urlTemplate\":\"https:\\\/\\\/blockp.io\\\/?s={search_term_string}\"},\"query-input\":{\"@type\":\"PropertyValueSpecification\",\"valueRequired\":true,\"valueName\":\"search_term_string\"}}],\"inLanguage\":\"es\"},{\"@type\":\"Organization\",\"@id\":\"https:\\\/\\\/blockp.io\\\/#organization\",\"name\":\"BlockP\",\"alternateName\":\"BlockP\",\"url\":\"https:\\\/\\\/blockp.io\\\/\",\"logo\":{\"@type\":\"ImageObject\",\"inLanguage\":\"es\",\"@id\":\"https:\\\/\\\/blockp.io\\\/#\\\/schema\\\/logo\\\/image\\\/\",\"url\":\"https:\\\/\\\/blockp.io\\\/wp-content\\\/uploads\\\/2024\\\/07\\\/blockp-Logo.avif\",\"contentUrl\":\"https:\\\/\\\/blockp.io\\\/wp-content\\\/uploads\\\/2024\\\/07\\\/blockp-Logo.avif\",\"width\":512,\"height\":512,\"caption\":\"BlockP\"},\"image\":{\"@id\":\"https:\\\/\\\/blockp.io\\\/#\\\/schema\\\/logo\\\/image\\\/\"}}]}<\/script>\n<!-- \/ Yoast SEO plugin. -->","yoast_head_json":{"title":"Verificado - BlockP","robots":{"index":"index","follow":"follow","max-snippet":"max-snippet:-1","max-image-preview":"max-image-preview:large","max-video-preview":"max-video-preview:-1"},"canonical":"https:\/\/blockp.io\/es\/fact-checked\/","og_locale":"es_ES","og_type":"article","og_title":"Verificado - BlockP","og_description":"Verificado En Bloque PPriorizamos la precisi\u00f3n, la investigaci\u00f3n psicol\u00f3gica y los conocimientos basados \u200b\u200ben la evidencia. Nuestro contenido se revisa minuciosamente y est\u00e1 respaldado por fuentes confiables, incluyendo estudios revisados \u200b\u200bpor pares, investigaciones en salud mental, hallazgos de ciencias del comportamiento e instituciones acad\u00e9micas de prestigio. Nuestro objetivo es brindar orientaci\u00f3n pr\u00e1ctica y con base cient\u00edfica para ayudar a las personas que luchan contra la adicci\u00f3n a la pornograf\u00eda, las conductas compulsivas y los problemas de autocontrol. Siempre que sea pertinente, se citan las referencias y las fuentes de investigaci\u00f3n dentro del art\u00edculo para mantener la transparencia y la credibilidad. Si detecta alguna inexactitud o tiene alguna duda sobre nuestro contenido, le animamos a que se ponga en contacto con nosotros a trav\u00e9s de la secci\u00f3n de comentarios o el formulario de contacto. Sus comentarios nos ayudan a mantener un alto nivel de calidad. Nuestro objetivo es brindarte informaci\u00f3n confiable para que puedas tomar decisiones informadas sobre tus h\u00e1bitos digitales, tu bienestar mental y tu crecimiento personal. Descargo de responsabilidad:La informaci\u00f3n proporcionada en BlockP tiene fines educativos e informativos \u00fanicamente. No pretende sustituir el asesoramiento m\u00e9dico, psicol\u00f3gico o psiqui\u00e1trico profesional. Consulte siempre con un profesional de la salud o de la salud mental cualificado para obtener orientaci\u00f3n personalizada.","og_url":"https:\/\/blockp.io\/es\/fact-checked\/","og_site_name":"BlockP","article_modified_time":"2026-04-02T07:05:21+00:00","twitter_card":"summary_large_image","twitter_misc":{"Tiempo de lectura":"1 minuto"},"schema":{"@context":"https:\/\/schema.org","@graph":[{"@type":"WebPage","@id":"https:\/\/blockp.io\/es\/fact-checked\/","url":"https:\/\/blockp.io\/es\/fact-checked\/","name":"Verificado - BlockP","isPartOf":{"@id":"https:\/\/blockp.io\/#website"},"datePublished":"2026-02-26T16:49:09+00:00","dateModified":"2026-04-02T07:05:21+00:00","breadcrumb":{"@id":"https:\/\/blockp.io\/es\/fact-checked\/#breadcrumb"},"inLanguage":"es","potentialAction":[{"@type":"ReadAction","target":["https:\/\/blockp.io\/es\/fact-checked\/"]}]},{"@type":"BreadcrumbList","@id":"https:\/\/blockp.io\/es\/fact-checked\/#breadcrumb","itemListElement":[{"@type":"ListItem","position":1,"name":"Home","item":"https:\/\/blockp.io\/"},{"@type":"ListItem","position":2,"name":"Verificado"}]},{"@type":"WebSite","@id":"https:\/\/blockp.io\/#website","url":"https:\/\/blockp.io\/","name":"BlockP","description":"Best Porn Blocker","publisher":{"@id":"https:\/\/blockp.io\/#organization"},"alternateName":"BlockP","potentialAction":[{"@type":"SearchAction","target":{"@type":"EntryPoint","urlTemplate":"https:\/\/blockp.io\/?s={search_term_string}"},"query-input":{"@type":"PropertyValueSpecification","valueRequired":true,"valueName":"search_term_string"}}],"inLanguage":"es"},{"@type":"Organization","@id":"https:\/\/blockp.io\/#organization","name":"BlockP","alternateName":"BlockP","url":"https:\/\/blockp.io\/","logo":{"@type":"ImageObject","inLanguage":"es","@id":"https:\/\/blockp.io\/#\/schema\/logo\/image\/","url":"https:\/\/blockp.io\/wp-content\/uploads\/2024\/07\/blockp-Logo.avif","contentUrl":"https:\/\/blockp.io\/wp-content\/uploads\/2024\/07\/blockp-Logo.avif","width":512,"height":512,"caption":"BlockP"},"image":{"@id":"https:\/\/blockp.io\/#\/schema\/logo\/image\/"}}]}},"_links":{"self":[{"href":"https:\/\/blockp.io\/es\/wp-json\/wp\/v2\/pages\/37537","targetHints":{"allow":["GET"]}}],"collection":[{"href":"https:\/\/blockp.io\/es\/wp-json\/wp\/v2\/pages"}],"about":[{"href":"https:\/\/blockp.io\/es\/wp-json\/wp\/v2\/types\/page"}],"author":[{"embeddable":true,"href":"https:\/\/blockp.io\/es\/wp-json\/wp\/v2\/users\/10"}],"replies":[{"embeddable":true,"href":"https:\/\/blockp.io\/es\/wp-json\/wp\/v2\/comments?post=37537"}],"version-history":[{"count":9,"href":"https:\/\/blockp.io\/es\/wp-json\/wp\/v2\/pages\/37537\/revisions"}],"predecessor-version":[{"id":37604,"href":"https:\/\/blockp.io\/es\/wp-json\/wp\/v2\/pages\/37537\/revisions\/37604"}],"wp:attachment":[{"href":"https:\/\/blockp.io\/es\/wp-json\/wp\/v2\/media?parent=37537"}],"curies":[{"name":"wp","href":"https:\/\/api.w.org\/{rel}","templated":true}]}}