{"id":37625,"date":"2026-02-24T12:22:08","date_gmt":"2026-02-24T12:22:08","guid":{"rendered":"https:\/\/blockp.io\/research-review-board\/"},"modified":"2026-04-02T07:42:05","modified_gmt":"2026-04-02T07:42:05","slug":"research-review-board","status":"publish","type":"page","link":"https:\/\/blockp.io\/es\/research-review-board\/","title":{"rendered":"Comit\u00e9 de Revisi\u00f3n de Investigaci\u00f3n"},"content":{"rendered":"\t\t<div data-elementor-type=\"wp-page\" data-elementor-id=\"37625\" class=\"elementor elementor-37625 elementor-37094\" data-elementor-post-type=\"page\">\n\t\t\t\t<div class=\"elementor-element elementor-element-482dd16 e-flex e-con-boxed wpr-particle-no wpr-jarallax-no wpr-parallax-no wpr-sticky-section-no e-con e-parent\" data-id=\"482dd16\" data-element_type=\"container\" data-e-type=\"container\" data-settings=\"{&quot;background_background&quot;:&quot;classic&quot;}\">\n\t\t\t\t\t<div class=\"e-con-inner\">\n\t\t<div class=\"elementor-element elementor-element-fffe862 e-con-full e-flex wpr-particle-no wpr-jarallax-no wpr-parallax-no wpr-sticky-section-no e-con e-child\" data-id=\"fffe862\" data-element_type=\"container\" data-e-type=\"container\">\n\t\t\t\t<div class=\"elementor-element elementor-element-1631df4 elementor-align-center elementor-widget elementor-widget-breadcrumbs\" data-id=\"1631df4\" data-element_type=\"widget\" data-e-type=\"widget\" data-widget_type=\"breadcrumbs.default\">\n\t\t\t\t\t<p id=\"breadcrumbs\"><span><span><a href=\"https:\/\/blockp.io\/\">Home<\/a><\/span><\/span><\/p>\t\t\t\t<\/div>\n\t\t\t\t<\/div>\n\t\t\t\t<div class=\"elementor-element elementor-element-1723676 elementor-widget__width-initial elementor-widget elementor-widget-heading\" data-id=\"1723676\" data-element_type=\"widget\" data-e-type=\"widget\" data-widget_type=\"heading.default\">\n\t\t\t\t\t<h2 class=\"elementor-heading-title elementor-size-default\">Comit\u00e9 Asesor Cl\u00ednico y del Comportamiento\n<\/h2>\t\t\t\t<\/div>\n\t\t\t\t<div class=\"elementor-element elementor-element-92baf18 elementor-widget__width-initial link elementor-widget elementor-widget-text-editor\" data-id=\"92baf18\" data-element_type=\"widget\" data-e-type=\"widget\" data-widget_type=\"text-editor.default\">\n\t\t\t\t\t\t\t\t\t<p><span style=\"font-weight: 400;\">En BlockP, nuestra misi\u00f3n es ayudar a las personas a recuperar el control sobre sus h\u00e1bitos digitales y a construir una vida m\u00e1s sana y centrada.<\/span><\/p><p><span style=\"font-weight: 400;\">Nuestro <\/span><b>Consejo Asesor Cl\u00ednico y del Comportamiento<\/b><span style=\"font-weight: 400;\">Apoya esta misi\u00f3n proporcionando informaci\u00f3n basada en evidencia sobre la psicolog\u00eda de la adicci\u00f3n, la formaci\u00f3n de h\u00e1bitos y el bienestar mental.<\/span><\/p><p><span style=\"font-weight: 400;\">Junto con nuestro equipo editorial, nos aseguramos de que nuestro contenido refleje las \u00faltimas investigaciones en ciencias del comportamiento, control de impulsos y recuperaci\u00f3n de la adicci\u00f3n digital.<\/span><\/p><p><span style=\"font-weight: 400;\">Nuestro consejo asesor est\u00e1 compuesto por psic\u00f3logos titulados, expertos en comportamiento y profesionales de la salud mental comprometidos con la precisi\u00f3n, la integridad y el bienestar del usuario.<\/span><\/p>\t\t\t\t\t\t\t\t<\/div>\n\t\t\t\t\t<\/div>\n\t\t\t\t<\/div>\n\t\t<div class=\"elementor-element elementor-element-172d3ab e-flex e-con-boxed wpr-particle-no wpr-jarallax-no wpr-parallax-no wpr-sticky-section-no e-con e-parent\" data-id=\"172d3ab\" data-element_type=\"container\" data-e-type=\"container\" data-settings=\"{&quot;background_background&quot;:&quot;classic&quot;}\">\n\t\t\t\t\t<div class=\"e-con-inner\">\n\t\t<div class=\"elementor-element elementor-element-a2de4d8 e-con-full e-flex wpr-particle-no wpr-jarallax-no wpr-parallax-no wpr-sticky-section-no e-con e-child\" data-id=\"a2de4d8\" data-element_type=\"container\" data-e-type=\"container\">\n\t\t\t\t<div class=\"elementor-element elementor-element-c6fcd92 elementor-widget elementor-widget-shortcode\" data-id=\"c6fcd92\" data-element_type=\"widget\" data-e-type=\"widget\" data-widget_type=\"shortcode.default\">\n\t\t\t\t\t\t\t<div class=\"elementor-shortcode\">    <div class=\"all-authors-list\">\n                <a href=\"https:\/\/blockp.io\/es\/author\/dr-aditya-sunka\/\" target=\"_blank\" class=\"author-card-link\">\n            <div class=\"author-card\">\n                Dr. Aditya Sunka (Consultant Neuropsychiatrist, Sexologist &amp; De-addiction specialist)            <\/div>\n        <\/a>\n            <\/div>\n\n    <style>\n        .all-authors-list {\n            display: flex;\n            flex-wrap: wrap;\n            gap: 16px;\n        }\n        .author-card-link {\n            text-decoration: none;\n        }\n        .author-card {\n            background-color: #1a5296;\n            color: #ffffff;\n            padding: 18px 28px;\n            border-radius: 8px;\n            font-weight: 700;\n            font-size: 15px;\n            box-shadow: 0 2px 8px rgba(0, 0, 0, 0.18);\n            transition: transform 0.2s ease, box-shadow 0.2s ease;\n            cursor: pointer;\n            display: inline-block;\n        }\n        .author-card:hover {\n            transform: translateY(-5px);\n            box-shadow: 0 8px 20px rgba(0, 0, 0, 0.25);\n        }\n    <\/style>\n    <\/div>\n\t\t\t\t\t\t<\/div>\n\t\t\t\t<\/div>\n\t\t\t\t\t<\/div>\n\t\t\t\t<\/div>\n\t\t\t\t<\/div>\n\t\t","protected":false},"excerpt":{"rendered":"<p>Comit\u00e9 Asesor Cl\u00ednico y del Comportamiento En BlockP, nuestra misi\u00f3n es ayudar a las personas a recuperar el control sobre sus h\u00e1bitos digitales y a construir una vida m\u00e1s sana y centrada. Nuestro Consejo Asesor Cl\u00ednico y del ComportamientoApoya esta misi\u00f3n proporcionando informaci\u00f3n basada en evidencia sobre la psicolog\u00eda de la adicci\u00f3n, la formaci\u00f3n de h\u00e1bitos y el bienestar mental. Junto con nuestro equipo editorial, nos aseguramos de que nuestro contenido refleje las \u00faltimas investigaciones en ciencias del comportamiento, control de impulsos y recuperaci\u00f3n de la adicci\u00f3n digital. Nuestro consejo asesor est\u00e1 compuesto por psic\u00f3logos titulados, expertos en comportamiento y profesionales de la salud mental comprometidos con la precisi\u00f3n, la integridad y el bienestar del usuario.<\/p>\n","protected":false},"author":10,"featured_media":0,"parent":0,"menu_order":0,"comment_status":"closed","ping_status":"closed","template":"","meta":{"site-sidebar-layout":"no-sidebar","site-content-layout":"","ast-site-content-layout":"full-width-container","site-content-style":"default","site-sidebar-style":"default","ast-global-header-display":"","ast-banner-title-visibility":"","ast-main-header-display":"","ast-hfb-above-header-display":"","ast-hfb-below-header-display":"","ast-hfb-mobile-header-display":"","site-post-title":"disabled","ast-breadcrumbs-content":"","ast-featured-img":"disabled","footer-sml-layout":"","ast-disable-related-posts":"","theme-transparent-header-meta":"","adv-header-id-meta":"","stick-header-meta":"","header-above-stick-meta":"","header-main-stick-meta":"","header-below-stick-meta":"","astra-migrate-meta-layouts":"default","ast-page-background-enabled":"default","ast-page-background-meta":{"desktop":{"background-color":"var(--ast-global-color-4)","background-image":"","background-repeat":"repeat","background-position":"center center","background-size":"auto","background-attachment":"scroll","background-type":"","background-media":"","overlay-type":"","overlay-color":"","overlay-opacity":"","overlay-gradient":""},"tablet":{"background-color":"","background-image":"","background-repeat":"repeat","background-position":"center center","background-size":"auto","background-attachment":"scroll","background-type":"","background-media":"","overlay-type":"","overlay-color":"","overlay-opacity":"","overlay-gradient":""},"mobile":{"background-color":"","background-image":"","background-repeat":"repeat","background-position":"center center","background-size":"auto","background-attachment":"scroll","background-type":"","background-media":"","overlay-type":"","overlay-color":"","overlay-opacity":"","overlay-gradient":""}},"ast-content-background-meta":{"desktop":{"background-color":"var(--ast-global-color-5)","background-image":"","background-repeat":"repeat","background-position":"center center","background-size":"auto","background-attachment":"scroll","background-type":"","background-media":"","overlay-type":"","overlay-color":"","overlay-opacity":"","overlay-gradient":""},"tablet":{"background-color":"var(--ast-global-color-5)","background-image":"","background-repeat":"repeat","background-position":"center center","background-size":"auto","background-attachment":"scroll","background-type":"","background-media":"","overlay-type":"","overlay-color":"","overlay-opacity":"","overlay-gradient":""},"mobile":{"background-color":"var(--ast-global-color-5)","background-image":"","background-repeat":"repeat","background-position":"center center","background-size":"auto","background-attachment":"scroll","background-type":"","background-media":"","overlay-type":"","overlay-color":"","overlay-opacity":"","overlay-gradient":""}},"footnotes":""},"class_list":["post-37625","page","type-page","status-publish","hentry"],"yoast_head":"<!-- This site is optimized with the Yoast SEO plugin v27.0 - https:\/\/yoast.com\/product\/yoast-seo-wordpress\/ -->\n<title>Comit\u00e9 de Revisi\u00f3n de Investigaci\u00f3n - BlockP<\/title>\n<meta name=\"robots\" content=\"index, follow, max-snippet:-1, max-image-preview:large, max-video-preview:-1\" \/>\n<link rel=\"canonical\" href=\"https:\/\/blockp.io\/zh-hans\/research-review-board\/\" \/>\n<meta property=\"og:locale\" content=\"es_ES\" \/>\n<meta property=\"og:type\" content=\"article\" \/>\n<meta property=\"og:title\" content=\"Comit\u00e9 de Revisi\u00f3n de Investigaci\u00f3n - BlockP\" \/>\n<meta property=\"og:description\" content=\"Comit\u00e9 Asesor Cl\u00ednico y del Comportamiento En BlockP, nuestra misi\u00f3n es ayudar a las personas a recuperar el control sobre sus h\u00e1bitos digitales y a construir una vida m\u00e1s sana y centrada. Nuestro Consejo Asesor Cl\u00ednico y del ComportamientoApoya esta misi\u00f3n proporcionando informaci\u00f3n basada en evidencia sobre la psicolog\u00eda de la adicci\u00f3n, la formaci\u00f3n de h\u00e1bitos y el bienestar mental. Junto con nuestro equipo editorial, nos aseguramos de que nuestro contenido refleje las \u00faltimas investigaciones en ciencias del comportamiento, control de impulsos y recuperaci\u00f3n de la adicci\u00f3n digital. Nuestro consejo asesor est\u00e1 compuesto por psic\u00f3logos titulados, expertos en comportamiento y profesionales de la salud mental comprometidos con la precisi\u00f3n, la integridad y el bienestar del usuario.\" \/>\n<meta property=\"og:url\" content=\"https:\/\/blockp.io\/zh-hans\/research-review-board\/\" \/>\n<meta property=\"og:site_name\" content=\"BlockP\" \/>\n<meta property=\"article:modified_time\" content=\"2026-04-02T07:42:05+00:00\" \/>\n<meta name=\"twitter:card\" content=\"summary_large_image\" \/>\n<meta name=\"twitter:label1\" content=\"Tiempo de lectura\" \/>\n\t<meta name=\"twitter:data1\" content=\"1 minuto\" \/>\n<script type=\"application\/ld+json\" class=\"yoast-schema-graph\">{\"@context\":\"https:\/\/schema.org\",\"@graph\":[{\"@type\":\"WebPage\",\"@id\":\"https:\/\/blockp.io\/zh-hans\/research-review-board\/\",\"url\":\"https:\/\/blockp.io\/zh-hans\/research-review-board\/\",\"name\":\"Comit\u00e9 de Revisi\u00f3n de Investigaci\u00f3n - BlockP\",\"isPartOf\":{\"@id\":\"https:\/\/blockp.io\/#website\"},\"datePublished\":\"2026-02-24T12:22:08+00:00\",\"dateModified\":\"2026-04-02T07:42:05+00:00\",\"breadcrumb\":{\"@id\":\"https:\/\/blockp.io\/zh-hans\/research-review-board\/#breadcrumb\"},\"inLanguage\":\"es\",\"potentialAction\":[{\"@type\":\"ReadAction\",\"target\":[\"https:\/\/blockp.io\/zh-hans\/research-review-board\/\"]}]},{\"@type\":\"BreadcrumbList\",\"@id\":\"https:\/\/blockp.io\/zh-hans\/research-review-board\/#breadcrumb\",\"itemListElement\":[{\"@type\":\"ListItem\",\"position\":1,\"name\":\"Home\",\"item\":\"https:\/\/blockp.io\/\"},{\"@type\":\"ListItem\",\"position\":2,\"name\":\"Comit\u00e9 de Revisi\u00f3n de Investigaci\u00f3n\"}]},{\"@type\":\"WebSite\",\"@id\":\"https:\/\/blockp.io\/#website\",\"url\":\"https:\/\/blockp.io\/\",\"name\":\"BlockP\",\"description\":\"Best Porn Blocker\",\"publisher\":{\"@id\":\"https:\/\/blockp.io\/#organization\"},\"alternateName\":\"BlockP\",\"potentialAction\":[{\"@type\":\"SearchAction\",\"target\":{\"@type\":\"EntryPoint\",\"urlTemplate\":\"https:\/\/blockp.io\/?s={search_term_string}\"},\"query-input\":{\"@type\":\"PropertyValueSpecification\",\"valueRequired\":true,\"valueName\":\"search_term_string\"}}],\"inLanguage\":\"es\"},{\"@type\":\"Organization\",\"@id\":\"https:\/\/blockp.io\/#organization\",\"name\":\"BlockP\",\"alternateName\":\"BlockP\",\"url\":\"https:\/\/blockp.io\/\",\"logo\":{\"@type\":\"ImageObject\",\"inLanguage\":\"es\",\"@id\":\"https:\/\/blockp.io\/#\/schema\/logo\/image\/\",\"url\":\"https:\/\/blockp.io\/wp-content\/uploads\/2024\/07\/blockp-Logo.avif\",\"contentUrl\":\"https:\/\/blockp.io\/wp-content\/uploads\/2024\/07\/blockp-Logo.avif\",\"width\":512,\"height\":512,\"caption\":\"BlockP\"},\"image\":{\"@id\":\"https:\/\/blockp.io\/#\/schema\/logo\/image\/\"}}]}<\/script>\n<!-- \/ Yoast SEO plugin. -->","yoast_head_json":{"title":"Comit\u00e9 de Revisi\u00f3n de Investigaci\u00f3n - BlockP","robots":{"index":"index","follow":"follow","max-snippet":"max-snippet:-1","max-image-preview":"max-image-preview:large","max-video-preview":"max-video-preview:-1"},"canonical":"https:\/\/blockp.io\/zh-hans\/research-review-board\/","og_locale":"es_ES","og_type":"article","og_title":"Comit\u00e9 de Revisi\u00f3n de Investigaci\u00f3n - BlockP","og_description":"Comit\u00e9 Asesor Cl\u00ednico y del Comportamiento En BlockP, nuestra misi\u00f3n es ayudar a las personas a recuperar el control sobre sus h\u00e1bitos digitales y a construir una vida m\u00e1s sana y centrada. Nuestro Consejo Asesor Cl\u00ednico y del ComportamientoApoya esta misi\u00f3n proporcionando informaci\u00f3n basada en evidencia sobre la psicolog\u00eda de la adicci\u00f3n, la formaci\u00f3n de h\u00e1bitos y el bienestar mental. Junto con nuestro equipo editorial, nos aseguramos de que nuestro contenido refleje las \u00faltimas investigaciones en ciencias del comportamiento, control de impulsos y recuperaci\u00f3n de la adicci\u00f3n digital. Nuestro consejo asesor est\u00e1 compuesto por psic\u00f3logos titulados, expertos en comportamiento y profesionales de la salud mental comprometidos con la precisi\u00f3n, la integridad y el bienestar del usuario.","og_url":"https:\/\/blockp.io\/zh-hans\/research-review-board\/","og_site_name":"BlockP","article_modified_time":"2026-04-02T07:42:05+00:00","twitter_card":"summary_large_image","twitter_misc":{"Tiempo de lectura":"1 minuto"},"schema":{"@context":"https:\/\/schema.org","@graph":[{"@type":"WebPage","@id":"https:\/\/blockp.io\/zh-hans\/research-review-board\/","url":"https:\/\/blockp.io\/zh-hans\/research-review-board\/","name":"Comit\u00e9 de Revisi\u00f3n de Investigaci\u00f3n - BlockP","isPartOf":{"@id":"https:\/\/blockp.io\/#website"},"datePublished":"2026-02-24T12:22:08+00:00","dateModified":"2026-04-02T07:42:05+00:00","breadcrumb":{"@id":"https:\/\/blockp.io\/zh-hans\/research-review-board\/#breadcrumb"},"inLanguage":"es","potentialAction":[{"@type":"ReadAction","target":["https:\/\/blockp.io\/zh-hans\/research-review-board\/"]}]},{"@type":"BreadcrumbList","@id":"https:\/\/blockp.io\/zh-hans\/research-review-board\/#breadcrumb","itemListElement":[{"@type":"ListItem","position":1,"name":"Home","item":"https:\/\/blockp.io\/"},{"@type":"ListItem","position":2,"name":"Comit\u00e9 de Revisi\u00f3n de Investigaci\u00f3n"}]},{"@type":"WebSite","@id":"https:\/\/blockp.io\/#website","url":"https:\/\/blockp.io\/","name":"BlockP","description":"Best Porn Blocker","publisher":{"@id":"https:\/\/blockp.io\/#organization"},"alternateName":"BlockP","potentialAction":[{"@type":"SearchAction","target":{"@type":"EntryPoint","urlTemplate":"https:\/\/blockp.io\/?s={search_term_string}"},"query-input":{"@type":"PropertyValueSpecification","valueRequired":true,"valueName":"search_term_string"}}],"inLanguage":"es"},{"@type":"Organization","@id":"https:\/\/blockp.io\/#organization","name":"BlockP","alternateName":"BlockP","url":"https:\/\/blockp.io\/","logo":{"@type":"ImageObject","inLanguage":"es","@id":"https:\/\/blockp.io\/#\/schema\/logo\/image\/","url":"https:\/\/blockp.io\/wp-content\/uploads\/2024\/07\/blockp-Logo.avif","contentUrl":"https:\/\/blockp.io\/wp-content\/uploads\/2024\/07\/blockp-Logo.avif","width":512,"height":512,"caption":"BlockP"},"image":{"@id":"https:\/\/blockp.io\/#\/schema\/logo\/image\/"}}]}},"_links":{"self":[{"href":"https:\/\/blockp.io\/es\/wp-json\/wp\/v2\/pages\/37625","targetHints":{"allow":["GET"]}}],"collection":[{"href":"https:\/\/blockp.io\/es\/wp-json\/wp\/v2\/pages"}],"about":[{"href":"https:\/\/blockp.io\/es\/wp-json\/wp\/v2\/types\/page"}],"author":[{"embeddable":true,"href":"https:\/\/blockp.io\/es\/wp-json\/wp\/v2\/users\/10"}],"replies":[{"embeddable":true,"href":"https:\/\/blockp.io\/es\/wp-json\/wp\/v2\/comments?post=37625"}],"version-history":[{"count":4,"href":"https:\/\/blockp.io\/es\/wp-json\/wp\/v2\/pages\/37625\/revisions"}],"predecessor-version":[{"id":37675,"href":"https:\/\/blockp.io\/es\/wp-json\/wp\/v2\/pages\/37625\/revisions\/37675"}],"wp:attachment":[{"href":"https:\/\/blockp.io\/es\/wp-json\/wp\/v2\/media?parent=37625"}],"curies":[{"name":"wp","href":"https:\/\/api.w.org\/{rel}","templated":true}]}}