{"id":37529,"date":"2026-02-26T16:49:09","date_gmt":"2026-02-26T16:49:09","guid":{"rendered":"https:\/\/blockp.io\/fact-checked\/"},"modified":"2026-04-02T06:40:32","modified_gmt":"2026-04-02T06:40:32","slug":"fact-checked","status":"publish","type":"page","link":"https:\/\/blockp.io\/fr\/fact-checked\/","title":{"rendered":"V\u00e9rifi\u00e9 par"},"content":{"rendered":"\t\t<div data-elementor-type=\"wp-page\" data-elementor-id=\"37529\" class=\"elementor elementor-37529 elementor-37185\" data-elementor-post-type=\"page\">\n\t\t\t\t<div class=\"elementor-element elementor-element-fc4114c e-flex e-con-boxed wpr-particle-no wpr-jarallax-no wpr-parallax-no wpr-sticky-section-no e-con e-parent\" data-id=\"fc4114c\" data-element_type=\"container\" data-e-type=\"container\" data-settings=\"{&quot;background_background&quot;:&quot;classic&quot;}\">\n\t\t\t\t\t<div class=\"e-con-inner\">\n\t\t<div class=\"elementor-element elementor-element-b7b5739 e-con-full e-flex wpr-particle-no wpr-jarallax-no wpr-parallax-no wpr-sticky-section-no e-con e-child\" data-id=\"b7b5739\" data-element_type=\"container\" data-e-type=\"container\">\n\t\t\t\t<div class=\"elementor-element elementor-element-7e09ba7 elementor-align-center elementor-widget elementor-widget-breadcrumbs\" data-id=\"7e09ba7\" data-element_type=\"widget\" data-e-type=\"widget\" data-widget_type=\"breadcrumbs.default\">\n\t\t\t\t\t<p id=\"breadcrumbs\"><span><span><a href=\"https:\/\/blockp.io\/\">Home<\/a><\/span><\/span><\/p>\t\t\t\t<\/div>\n\t\t\t\t<\/div>\n\t\t\t\t<div class=\"elementor-element elementor-element-27cc8b3 elementor-widget__width-initial elementor-widget elementor-widget-heading\" data-id=\"27cc8b3\" data-element_type=\"widget\" data-e-type=\"widget\" data-widget_type=\"heading.default\">\n\t\t\t\t\t<h2 class=\"elementor-heading-title elementor-size-default\">V\u00e9rifi\u00e9 par <\/h2>\t\t\t\t<\/div>\n\t\t\t\t<div class=\"elementor-element elementor-element-3527fd2 elementor-widget__width-initial link elementor-widget elementor-widget-text-editor\" data-id=\"3527fd2\" data-element_type=\"widget\" data-e-type=\"widget\" data-widget_type=\"text-editor.default\">\n\t\t\t\t\t\t\t\t\t<ul><li style=\"font-weight: 400;\" aria-level=\"1\"><span style=\"font-weight: 400;\">\u00c0 <\/span><b>Bloc P<\/b><span style=\"font-weight: 400;\">Nous privil\u00e9gions l&rsquo;exactitude, la recherche psychologique et les connaissances fond\u00e9es sur des preuves.<\/span><\/li><li style=\"font-weight: 400;\" aria-level=\"1\"><span style=\"font-weight: 400;\">Notre contenu est rigoureusement v\u00e9rifi\u00e9 et s&rsquo;appuie sur des sources fiables, notamment des \u00e9tudes \u00e9valu\u00e9es par des pairs, des recherches en sant\u00e9 mentale, des donn\u00e9es en sciences comportementales et des institutions universitaires reconnues. Notre objectif est de fournir des conseils pratiques et scientifiquement \u00e9tay\u00e9s pour aider les personnes aux prises avec une d\u00e9pendance \u00e0 la pornographie, des comportements compulsifs et des difficult\u00e9s de ma\u00eetrise de soi.<\/span><\/li><li style=\"font-weight: 400;\" aria-level=\"1\"><span style=\"font-weight: 400;\">Le cas \u00e9ch\u00e9ant, les r\u00e9f\u00e9rences et les sources de recherche sont cit\u00e9es dans l&rsquo;article afin de garantir la transparence et la cr\u00e9dibilit\u00e9.<\/span><\/li><li style=\"font-weight: 400;\" aria-level=\"1\"><span style=\"font-weight: 400;\">Si vous constatez des inexactitudes ou si vous avez des questions concernant notre contenu, n&rsquo;h\u00e9sitez pas \u00e0 nous contacter via la section commentaires ou le formulaire de contact. Vos commentaires nous aident \u00e0 maintenir un niveau de qualit\u00e9 \u00e9lev\u00e9.<\/span><\/li><li style=\"font-weight: 400;\" aria-level=\"1\"><span style=\"font-weight: 400;\">Notre objectif est de vous donner les moyens d&rsquo;acc\u00e9der \u00e0 des informations fiables afin que vous puissiez prendre des d\u00e9cisions \u00e9clair\u00e9es concernant vos habitudes num\u00e9riques, votre bien-\u00eatre mental et votre d\u00e9veloppement personnel.<\/span><\/li><\/ul><p><b>Clause de non-responsabilit\u00e9:<\/b><span style=\"font-weight: 400;\">Les informations fournies sur BlockP sont uniquement destin\u00e9es \u00e0 des fins \u00e9ducatives et informatives. Elles ne sauraient se substituer \u00e0 un avis m\u00e9dical, psychologique ou psychiatrique professionnel. Consultez toujours un professionnel de la sant\u00e9 qualifi\u00e9 pour obtenir des conseils personnalis\u00e9s.<\/span><\/p>\t\t\t\t\t\t\t\t<\/div>\n\t\t\t\t\t<\/div>\n\t\t\t\t<\/div>\n\t\t\t\t<\/div>\n\t\t","protected":false},"excerpt":{"rendered":"<p>V\u00e9rifi\u00e9 par \u00c0 Bloc PNous privil\u00e9gions l&rsquo;exactitude, la recherche psychologique et les connaissances fond\u00e9es sur des preuves. Notre contenu est rigoureusement v\u00e9rifi\u00e9 et s&rsquo;appuie sur des sources fiables, notamment des \u00e9tudes \u00e9valu\u00e9es par des pairs, des recherches en sant\u00e9 mentale, des donn\u00e9es en sciences comportementales et des institutions universitaires reconnues. Notre objectif est de fournir des conseils pratiques et scientifiquement \u00e9tay\u00e9s pour aider les personnes aux prises avec une d\u00e9pendance \u00e0 la pornographie, des comportements compulsifs et des difficult\u00e9s de ma\u00eetrise de soi. Le cas \u00e9ch\u00e9ant, les r\u00e9f\u00e9rences et les sources de recherche sont cit\u00e9es dans l&rsquo;article afin de garantir la transparence et la cr\u00e9dibilit\u00e9. Si vous constatez des inexactitudes ou si vous avez des questions concernant notre contenu, n&rsquo;h\u00e9sitez pas \u00e0 nous contacter via la section commentaires ou le formulaire de contact. Vos commentaires nous aident \u00e0 maintenir un niveau de qualit\u00e9 \u00e9lev\u00e9. Notre objectif est de vous donner les moyens d&rsquo;acc\u00e9der \u00e0 des informations fiables afin que vous puissiez prendre des d\u00e9cisions \u00e9clair\u00e9es concernant vos habitudes num\u00e9riques, votre bien-\u00eatre mental et votre d\u00e9veloppement personnel. Clause de non-responsabilit\u00e9:Les informations fournies sur BlockP sont uniquement destin\u00e9es \u00e0 des fins \u00e9ducatives et informatives. Elles ne sauraient se substituer \u00e0 un avis m\u00e9dical, psychologique ou psychiatrique professionnel. Consultez toujours un professionnel de la sant\u00e9 qualifi\u00e9 pour obtenir des conseils personnalis\u00e9s.<\/p>\n","protected":false},"author":10,"featured_media":0,"parent":0,"menu_order":0,"comment_status":"closed","ping_status":"closed","template":"","meta":{"site-sidebar-layout":"no-sidebar","site-content-layout":"","ast-site-content-layout":"full-width-container","site-content-style":"default","site-sidebar-style":"default","ast-global-header-display":"","ast-banner-title-visibility":"","ast-main-header-display":"","ast-hfb-above-header-display":"","ast-hfb-below-header-display":"","ast-hfb-mobile-header-display":"","site-post-title":"","ast-breadcrumbs-content":"","ast-featured-img":"disabled","footer-sml-layout":"","ast-disable-related-posts":"","theme-transparent-header-meta":"","adv-header-id-meta":"","stick-header-meta":"","header-above-stick-meta":"","header-main-stick-meta":"","header-below-stick-meta":"","astra-migrate-meta-layouts":"default","ast-page-background-enabled":"default","ast-page-background-meta":{"desktop":{"background-color":"var(--ast-global-color-4)","background-image":"","background-repeat":"repeat","background-position":"center center","background-size":"auto","background-attachment":"scroll","background-type":"","background-media":"","overlay-type":"","overlay-color":"","overlay-opacity":"","overlay-gradient":""},"tablet":{"background-color":"","background-image":"","background-repeat":"repeat","background-position":"center center","background-size":"auto","background-attachment":"scroll","background-type":"","background-media":"","overlay-type":"","overlay-color":"","overlay-opacity":"","overlay-gradient":""},"mobile":{"background-color":"","background-image":"","background-repeat":"repeat","background-position":"center center","background-size":"auto","background-attachment":"scroll","background-type":"","background-media":"","overlay-type":"","overlay-color":"","overlay-opacity":"","overlay-gradient":""}},"ast-content-background-meta":{"desktop":{"background-color":"var(--ast-global-color-5)","background-image":"","background-repeat":"repeat","background-position":"center center","background-size":"auto","background-attachment":"scroll","background-type":"","background-media":"","overlay-type":"","overlay-color":"","overlay-opacity":"","overlay-gradient":""},"tablet":{"background-color":"var(--ast-global-color-5)","background-image":"","background-repeat":"repeat","background-position":"center center","background-size":"auto","background-attachment":"scroll","background-type":"","background-media":"","overlay-type":"","overlay-color":"","overlay-opacity":"","overlay-gradient":""},"mobile":{"background-color":"var(--ast-global-color-5)","background-image":"","background-repeat":"repeat","background-position":"center center","background-size":"auto","background-attachment":"scroll","background-type":"","background-media":"","overlay-type":"","overlay-color":"","overlay-opacity":"","overlay-gradient":""}},"footnotes":""},"class_list":["post-37529","page","type-page","status-publish","hentry"],"yoast_head":"<!-- This site is optimized with the Yoast SEO plugin v27.3 - https:\/\/yoast.com\/product\/yoast-seo-wordpress\/ -->\n<title>V\u00e9rifi\u00e9 par BlockP<\/title>\n<meta name=\"robots\" content=\"index, follow, max-snippet:-1, max-image-preview:large, max-video-preview:-1\" \/>\n<link rel=\"canonical\" href=\"https:\/\/blockp.io\/fr\/fact-checked\/\" \/>\n<meta property=\"og:locale\" content=\"fr_FR\" \/>\n<meta property=\"og:type\" content=\"article\" \/>\n<meta property=\"og:title\" content=\"V\u00e9rifi\u00e9 par BlockP\" \/>\n<meta property=\"og:description\" content=\"V\u00e9rifi\u00e9 par \u00c0 Bloc PNous privil\u00e9gions l&rsquo;exactitude, la recherche psychologique et les connaissances fond\u00e9es sur des preuves. Notre contenu est rigoureusement v\u00e9rifi\u00e9 et s&rsquo;appuie sur des sources fiables, notamment des \u00e9tudes \u00e9valu\u00e9es par des pairs, des recherches en sant\u00e9 mentale, des donn\u00e9es en sciences comportementales et des institutions universitaires reconnues. Notre objectif est de fournir des conseils pratiques et scientifiquement \u00e9tay\u00e9s pour aider les personnes aux prises avec une d\u00e9pendance \u00e0 la pornographie, des comportements compulsifs et des difficult\u00e9s de ma\u00eetrise de soi. Le cas \u00e9ch\u00e9ant, les r\u00e9f\u00e9rences et les sources de recherche sont cit\u00e9es dans l&rsquo;article afin de garantir la transparence et la cr\u00e9dibilit\u00e9. Si vous constatez des inexactitudes ou si vous avez des questions concernant notre contenu, n&rsquo;h\u00e9sitez pas \u00e0 nous contacter via la section commentaires ou le formulaire de contact. Vos commentaires nous aident \u00e0 maintenir un niveau de qualit\u00e9 \u00e9lev\u00e9. Notre objectif est de vous donner les moyens d&rsquo;acc\u00e9der \u00e0 des informations fiables afin que vous puissiez prendre des d\u00e9cisions \u00e9clair\u00e9es concernant vos habitudes num\u00e9riques, votre bien-\u00eatre mental et votre d\u00e9veloppement personnel. Clause de non-responsabilit\u00e9:Les informations fournies sur BlockP sont uniquement destin\u00e9es \u00e0 des fins \u00e9ducatives et informatives. Elles ne sauraient se substituer \u00e0 un avis m\u00e9dical, psychologique ou psychiatrique professionnel. Consultez toujours un professionnel de la sant\u00e9 qualifi\u00e9 pour obtenir des conseils personnalis\u00e9s.\" \/>\n<meta property=\"og:url\" content=\"https:\/\/blockp.io\/fr\/fact-checked\/\" \/>\n<meta property=\"og:site_name\" content=\"BlockP\" \/>\n<meta property=\"article:modified_time\" content=\"2026-04-02T06:40:32+00:00\" \/>\n<meta name=\"twitter:card\" content=\"summary_large_image\" \/>\n<meta name=\"twitter:label1\" content=\"Dur\u00e9e de lecture estim\u00e9e\" \/>\n\t<meta name=\"twitter:data1\" content=\"1 minute\" \/>\n<script type=\"application\/ld+json\" class=\"yoast-schema-graph\">{\"@context\":\"https:\\\/\\\/schema.org\",\"@graph\":[{\"@type\":\"WebPage\",\"@id\":\"https:\\\/\\\/blockp.io\\\/fr\\\/fact-checked\\\/\",\"url\":\"https:\\\/\\\/blockp.io\\\/fr\\\/fact-checked\\\/\",\"name\":\"V\u00e9rifi\u00e9 par BlockP\",\"isPartOf\":{\"@id\":\"https:\\\/\\\/blockp.io\\\/#website\"},\"datePublished\":\"2026-02-26T16:49:09+00:00\",\"dateModified\":\"2026-04-02T06:40:32+00:00\",\"breadcrumb\":{\"@id\":\"https:\\\/\\\/blockp.io\\\/fr\\\/fact-checked\\\/#breadcrumb\"},\"inLanguage\":\"fr-FR\",\"potentialAction\":[{\"@type\":\"ReadAction\",\"target\":[\"https:\\\/\\\/blockp.io\\\/fr\\\/fact-checked\\\/\"]}]},{\"@type\":\"BreadcrumbList\",\"@id\":\"https:\\\/\\\/blockp.io\\\/fr\\\/fact-checked\\\/#breadcrumb\",\"itemListElement\":[{\"@type\":\"ListItem\",\"position\":1,\"name\":\"Home\",\"item\":\"https:\\\/\\\/blockp.io\\\/\"},{\"@type\":\"ListItem\",\"position\":2,\"name\":\"V\u00e9rifi\u00e9 par\"}]},{\"@type\":\"WebSite\",\"@id\":\"https:\\\/\\\/blockp.io\\\/#website\",\"url\":\"https:\\\/\\\/blockp.io\\\/\",\"name\":\"BlockP\",\"description\":\"Best Porn Blocker\",\"publisher\":{\"@id\":\"https:\\\/\\\/blockp.io\\\/#organization\"},\"alternateName\":\"BlockP\",\"potentialAction\":[{\"@type\":\"SearchAction\",\"target\":{\"@type\":\"EntryPoint\",\"urlTemplate\":\"https:\\\/\\\/blockp.io\\\/?s={search_term_string}\"},\"query-input\":{\"@type\":\"PropertyValueSpecification\",\"valueRequired\":true,\"valueName\":\"search_term_string\"}}],\"inLanguage\":\"fr-FR\"},{\"@type\":\"Organization\",\"@id\":\"https:\\\/\\\/blockp.io\\\/#organization\",\"name\":\"BlockP\",\"alternateName\":\"BlockP\",\"url\":\"https:\\\/\\\/blockp.io\\\/\",\"logo\":{\"@type\":\"ImageObject\",\"inLanguage\":\"fr-FR\",\"@id\":\"https:\\\/\\\/blockp.io\\\/#\\\/schema\\\/logo\\\/image\\\/\",\"url\":\"https:\\\/\\\/blockp.io\\\/wp-content\\\/uploads\\\/2024\\\/07\\\/blockp-Logo.avif\",\"contentUrl\":\"https:\\\/\\\/blockp.io\\\/wp-content\\\/uploads\\\/2024\\\/07\\\/blockp-Logo.avif\",\"width\":512,\"height\":512,\"caption\":\"BlockP\"},\"image\":{\"@id\":\"https:\\\/\\\/blockp.io\\\/#\\\/schema\\\/logo\\\/image\\\/\"}}]}<\/script>\n<!-- \/ Yoast SEO plugin. -->","yoast_head_json":{"title":"V\u00e9rifi\u00e9 par BlockP","robots":{"index":"index","follow":"follow","max-snippet":"max-snippet:-1","max-image-preview":"max-image-preview:large","max-video-preview":"max-video-preview:-1"},"canonical":"https:\/\/blockp.io\/fr\/fact-checked\/","og_locale":"fr_FR","og_type":"article","og_title":"V\u00e9rifi\u00e9 par BlockP","og_description":"V\u00e9rifi\u00e9 par \u00c0 Bloc PNous privil\u00e9gions l&rsquo;exactitude, la recherche psychologique et les connaissances fond\u00e9es sur des preuves. Notre contenu est rigoureusement v\u00e9rifi\u00e9 et s&rsquo;appuie sur des sources fiables, notamment des \u00e9tudes \u00e9valu\u00e9es par des pairs, des recherches en sant\u00e9 mentale, des donn\u00e9es en sciences comportementales et des institutions universitaires reconnues. Notre objectif est de fournir des conseils pratiques et scientifiquement \u00e9tay\u00e9s pour aider les personnes aux prises avec une d\u00e9pendance \u00e0 la pornographie, des comportements compulsifs et des difficult\u00e9s de ma\u00eetrise de soi. Le cas \u00e9ch\u00e9ant, les r\u00e9f\u00e9rences et les sources de recherche sont cit\u00e9es dans l&rsquo;article afin de garantir la transparence et la cr\u00e9dibilit\u00e9. Si vous constatez des inexactitudes ou si vous avez des questions concernant notre contenu, n&rsquo;h\u00e9sitez pas \u00e0 nous contacter via la section commentaires ou le formulaire de contact. Vos commentaires nous aident \u00e0 maintenir un niveau de qualit\u00e9 \u00e9lev\u00e9. Notre objectif est de vous donner les moyens d&rsquo;acc\u00e9der \u00e0 des informations fiables afin que vous puissiez prendre des d\u00e9cisions \u00e9clair\u00e9es concernant vos habitudes num\u00e9riques, votre bien-\u00eatre mental et votre d\u00e9veloppement personnel. Clause de non-responsabilit\u00e9:Les informations fournies sur BlockP sont uniquement destin\u00e9es \u00e0 des fins \u00e9ducatives et informatives. Elles ne sauraient se substituer \u00e0 un avis m\u00e9dical, psychologique ou psychiatrique professionnel. Consultez toujours un professionnel de la sant\u00e9 qualifi\u00e9 pour obtenir des conseils personnalis\u00e9s.","og_url":"https:\/\/blockp.io\/fr\/fact-checked\/","og_site_name":"BlockP","article_modified_time":"2026-04-02T06:40:32+00:00","twitter_card":"summary_large_image","twitter_misc":{"Dur\u00e9e de lecture estim\u00e9e":"1 minute"},"schema":{"@context":"https:\/\/schema.org","@graph":[{"@type":"WebPage","@id":"https:\/\/blockp.io\/fr\/fact-checked\/","url":"https:\/\/blockp.io\/fr\/fact-checked\/","name":"V\u00e9rifi\u00e9 par BlockP","isPartOf":{"@id":"https:\/\/blockp.io\/#website"},"datePublished":"2026-02-26T16:49:09+00:00","dateModified":"2026-04-02T06:40:32+00:00","breadcrumb":{"@id":"https:\/\/blockp.io\/fr\/fact-checked\/#breadcrumb"},"inLanguage":"fr-FR","potentialAction":[{"@type":"ReadAction","target":["https:\/\/blockp.io\/fr\/fact-checked\/"]}]},{"@type":"BreadcrumbList","@id":"https:\/\/blockp.io\/fr\/fact-checked\/#breadcrumb","itemListElement":[{"@type":"ListItem","position":1,"name":"Home","item":"https:\/\/blockp.io\/"},{"@type":"ListItem","position":2,"name":"V\u00e9rifi\u00e9 par"}]},{"@type":"WebSite","@id":"https:\/\/blockp.io\/#website","url":"https:\/\/blockp.io\/","name":"BlockP","description":"Best Porn Blocker","publisher":{"@id":"https:\/\/blockp.io\/#organization"},"alternateName":"BlockP","potentialAction":[{"@type":"SearchAction","target":{"@type":"EntryPoint","urlTemplate":"https:\/\/blockp.io\/?s={search_term_string}"},"query-input":{"@type":"PropertyValueSpecification","valueRequired":true,"valueName":"search_term_string"}}],"inLanguage":"fr-FR"},{"@type":"Organization","@id":"https:\/\/blockp.io\/#organization","name":"BlockP","alternateName":"BlockP","url":"https:\/\/blockp.io\/","logo":{"@type":"ImageObject","inLanguage":"fr-FR","@id":"https:\/\/blockp.io\/#\/schema\/logo\/image\/","url":"https:\/\/blockp.io\/wp-content\/uploads\/2024\/07\/blockp-Logo.avif","contentUrl":"https:\/\/blockp.io\/wp-content\/uploads\/2024\/07\/blockp-Logo.avif","width":512,"height":512,"caption":"BlockP"},"image":{"@id":"https:\/\/blockp.io\/#\/schema\/logo\/image\/"}}]}},"_links":{"self":[{"href":"https:\/\/blockp.io\/fr\/wp-json\/wp\/v2\/pages\/37529","targetHints":{"allow":["GET"]}}],"collection":[{"href":"https:\/\/blockp.io\/fr\/wp-json\/wp\/v2\/pages"}],"about":[{"href":"https:\/\/blockp.io\/fr\/wp-json\/wp\/v2\/types\/page"}],"author":[{"embeddable":true,"href":"https:\/\/blockp.io\/fr\/wp-json\/wp\/v2\/users\/10"}],"replies":[{"embeddable":true,"href":"https:\/\/blockp.io\/fr\/wp-json\/wp\/v2\/comments?post=37529"}],"version-history":[{"count":5,"href":"https:\/\/blockp.io\/fr\/wp-json\/wp\/v2\/pages\/37529\/revisions"}],"predecessor-version":[{"id":37558,"href":"https:\/\/blockp.io\/fr\/wp-json\/wp\/v2\/pages\/37529\/revisions\/37558"}],"wp:attachment":[{"href":"https:\/\/blockp.io\/fr\/wp-json\/wp\/v2\/media?parent=37529"}],"curies":[{"name":"wp","href":"https:\/\/api.w.org\/{rel}","templated":true}]}}