{"id":10077,"date":"2024-09-12T06:22:21","date_gmt":"2024-09-12T06:22:21","guid":{"rendered":"https:\/\/blockp.io\/data-deletion\/"},"modified":"2024-09-12T06:25:41","modified_gmt":"2024-09-12T06:25:41","slug":"data-deletion","status":"publish","type":"page","link":"https:\/\/blockp.io\/hr\/data-deletion\/","title":{"rendered":"Data Deletion"},"content":{"rendered":"\t\t<div data-elementor-type=\"wp-page\" data-elementor-id=\"10077\" class=\"elementor elementor-10077 elementor-9800\" data-elementor-post-type=\"page\">\n\t\t\t\t\t\t<section class=\"elementor-section elementor-top-section elementor-element elementor-element-fac2de8 elementor-section-boxed elementor-section-height-default elementor-section-height-default wpr-particle-no wpr-jarallax-no wpr-parallax-no wpr-sticky-section-no wpr-equal-height-no\" data-id=\"fac2de8\" data-element_type=\"section\" data-e-type=\"section\">\n\t\t\t\t\t\t<div class=\"elementor-container elementor-column-gap-default\">\n\t\t\t\t\t<div class=\"elementor-column elementor-col-100 elementor-top-column elementor-element elementor-element-44d1710\" data-id=\"44d1710\" data-element_type=\"column\" data-e-type=\"column\">\n\t\t\t<div class=\"elementor-widget-wrap elementor-element-populated\">\n\t\t\t\t\t\t<div class=\"elementor-element elementor-element-2354e6b elementor-widget elementor-widget-heading\" data-id=\"2354e6b\" data-element_type=\"widget\" data-e-type=\"widget\" data-widget_type=\"heading.default\">\n\t\t\t\t\t<h1 class=\"elementor-heading-title elementor-size-default\">Sigurno izbri\u0161ite svoje podatke na BlockP Android aplikaciji<\/h1>\t\t\t\t<\/div>\n\t\t\t\t\t<\/div>\n\t\t<\/div>\n\t\t\t\t\t<\/div>\n\t\t<\/section>\n\t\t\t\t<section class=\"elementor-section elementor-top-section elementor-element elementor-element-4a76043 elementor-section-boxed elementor-section-height-default elementor-section-height-default wpr-particle-no wpr-jarallax-no wpr-parallax-no wpr-sticky-section-no wpr-equal-height-no\" data-id=\"4a76043\" data-element_type=\"section\" data-e-type=\"section\">\n\t\t\t\t\t\t<div class=\"elementor-container elementor-column-gap-default\">\n\t\t\t\t\t<div class=\"elementor-column elementor-col-100 elementor-top-column elementor-element elementor-element-ee7a776\" data-id=\"ee7a776\" data-element_type=\"column\" data-e-type=\"column\">\n\t\t\t<div class=\"elementor-widget-wrap elementor-element-populated\">\n\t\t\t\t\t\t<div class=\"elementor-element elementor-element-f907970 elementor-widget elementor-widget-text-editor\" data-id=\"f907970\" data-element_type=\"widget\" data-e-type=\"widget\" data-widget_type=\"text-editor.default\">\n\t\t\t\t\t\t\t\t\t<p><strong>Uvod<\/strong><\/p><p>U BlockP-u dajemo prioritet va\u0161oj privatnosti i sigurnosti podataka. Razumijemo da biste mogli izbrisati svoj ra\u010dun i povezane podatke iz na\u0161e Android aplikacije. Budite uvjereni da je proces jednostavan i osmi\u0161ljen kako bi osigurao sigurnost va\u0161ih podataka. Evo vodi\u010da korak po korak o tome kako zatra\u017eiti brisanje svojih korisni\u010dkih podataka iz aplikacije BlockP:<\/p><p><strong>Korak 1: Pokrenite zahtjev za brisanje ra\u010duna<\/strong><br \/>1. Otvorite aplikaciju BlockP na svom Android ure\u0111aju.<br \/>2. Do\u0111ite do odjeljka &#8220;Postavke&#8221; ili &#8220;Ra\u010dun&#8221; u aplikaciji.<\/p><p><strong>Korak 2: Po\u0161aljite zahtjev za brisanje ra\u010duna e-po\u0161tom<\/strong><br \/>1. U odjeljku &#8220;Ra\u010dun&#8221; prona\u0111ite opciju &#8220;Izbri\u0161i moj ra\u010dun&#8221;.<br \/>2. Dodirnite opciju za pokretanje postupka brisanja.<br \/>3. Nacrt e-po\u0161te otvorit \u0107e se u va\u0161oj zadanoj aplikaciji e-po\u0161te.<br \/>4. Adresa e-po\u0161te primatelja ve\u0107 \u0107e biti popunjena: Blockingsites123@gmail.com.<br \/>5. Slobodno dodajte sve dodatne informacije ili kontekst e-po\u0161ti ako \u017eelite.<\/p><p><strong>Korak 3: Potvrdite svoj zahtjev<\/strong><br \/>1. Jo\u0161 jednom provjerite jeste li to\u010dno opisali svoju namjeru brisanja ra\u010duna i svih povezanih podataka.<br \/>2. Po\u0161aljite e-po\u0161tu na Blockingsites123@gmail.com.<\/p><p><strong>Korak 4: Obrada va\u0161eg zahtjeva<\/strong><br \/>1. Na\u0161 tehni\u010dki tim pregledat \u0107e va\u0161 zahtjev za brisanje ra\u010duna.<br \/>2. Iz sigurnosnih razloga, mo\u017eemo vam se obratiti putem e-po\u0161te kako bismo potvrdili va\u0161 identitet.<br \/>3. Nakon \u0161to se va\u0161 zahtjev potvrdi, na\u0161 tim \u0107e nastaviti s postupkom brisanja podataka.<\/p><p><strong>Korak 5: Zavr\u0161etak brisanja<\/strong><br \/>1. Va\u0161 ra\u010dun i povezani podaci bit \u0107e trajno izbrisani iz na\u0161e Firebase baze podataka u roku od 4-5 radnih dana od potvrde va\u0161eg zahtjeva.<br \/>2. Obavijestit \u0107emo vas putem e-po\u0161te nakon zavr\u0161etka procesa.<\/p><p><strong>Zaklju\u010dak:<\/strong><br \/>U BlockP-u smo predani odr\u017eavanju sigurnosti i privatnosti va\u0161ih podataka. Na\u0161 jednostavan postupak za brisanje va\u0161eg ra\u010duna osigurava da se s va\u0161im podacima postupa s najve\u0107om pa\u017enjom. Ako imate bilo kakvih pitanja ili trebate pomo\u0107 tijekom cijelog postupka brisanja ra\u010duna, slobodno se obratite na\u0161em timu za podr\u0161ku na blockingsites123@gmail.com.<\/p><p>Imajte na umu da, iako nastojimo dovr\u0161iti proces u roku od 4-5 radnih dana, nepredvi\u0111ene okolnosti mogu povremeno uzrokovati mala ka\u0161njenja. Cijenimo va\u0161e razumijevanje i zahvaljujemo vam \u0161to ste odabrali BlockP za svoje potrebe upravljanja sadr\u017eajem.<\/p>\t\t\t\t\t\t\t\t<\/div>\n\t\t\t\t\t<\/div>\n\t\t<\/div>\n\t\t\t\t\t<\/div>\n\t\t<\/section>\n\t\t\t\t<\/div>\n\t\t","protected":false},"excerpt":{"rendered":"<p>Sigurno izbri\u0161ite svoje podatke na BlockP Android aplikaciji Uvod U BlockP-u dajemo prioritet va\u0161oj privatnosti i sigurnosti podataka. Razumijemo da biste mogli izbrisati svoj ra\u010dun i povezane podatke iz na\u0161e Android aplikacije. Budite uvjereni da je proces jednostavan i osmi\u0161ljen kako bi osigurao sigurnost va\u0161ih podataka. Evo vodi\u010da korak po korak o tome kako zatra\u017eiti brisanje svojih korisni\u010dkih podataka iz aplikacije BlockP: Korak 1: Pokrenite zahtjev za brisanje ra\u010duna1. Otvorite aplikaciju BlockP na svom Android ure\u0111aju.2. Do\u0111ite do odjeljka &#8220;Postavke&#8221; ili &#8220;Ra\u010dun&#8221; u aplikaciji. Korak 2: Po\u0161aljite zahtjev za brisanje ra\u010duna e-po\u0161tom1. U odjeljku &#8220;Ra\u010dun&#8221; prona\u0111ite opciju &#8220;Izbri\u0161i moj ra\u010dun&#8221;.2. Dodirnite opciju za pokretanje postupka brisanja.3. Nacrt e-po\u0161te otvorit \u0107e se u va\u0161oj zadanoj aplikaciji e-po\u0161te.4. Adresa e-po\u0161te primatelja ve\u0107 \u0107e biti popunjena: Blockingsites123@gmail.com.5. Slobodno dodajte sve dodatne informacije ili kontekst e-po\u0161ti ako \u017eelite. Korak 3: Potvrdite svoj zahtjev1. Jo\u0161 jednom provjerite jeste li to\u010dno opisali svoju namjeru brisanja ra\u010duna i svih povezanih podataka.2. Po\u0161aljite e-po\u0161tu na Blockingsites123@gmail.com. Korak 4: Obrada va\u0161eg zahtjeva1. Na\u0161 tehni\u010dki tim pregledat \u0107e va\u0161 zahtjev za brisanje ra\u010duna.2. Iz sigurnosnih razloga, mo\u017eemo vam se obratiti putem e-po\u0161te kako bismo potvrdili va\u0161 identitet.3. Nakon \u0161to se va\u0161 zahtjev potvrdi, na\u0161 tim \u0107e nastaviti s postupkom brisanja podataka. Korak 5: Zavr\u0161etak brisanja1. Va\u0161 ra\u010dun i povezani podaci bit \u0107e trajno izbrisani iz na\u0161e Firebase baze podataka u roku od 4-5 radnih dana od potvrde va\u0161eg zahtjeva.2. Obavijestit \u0107emo vas putem e-po\u0161te nakon zavr\u0161etka procesa. Zaklju\u010dak:U BlockP-u smo predani odr\u017eavanju sigurnosti i privatnosti va\u0161ih podataka. Na\u0161 jednostavan postupak za brisanje va\u0161eg ra\u010duna osigurava da se s va\u0161im podacima postupa s najve\u0107om pa\u017enjom. Ako imate bilo kakvih pitanja ili trebate pomo\u0107 tijekom cijelog postupka brisanja ra\u010duna, slobodno se obratite na\u0161em timu za podr\u0161ku na blockingsites123@gmail.com. Imajte na umu da, iako nastojimo dovr\u0161iti proces u roku od 4-5 radnih dana, nepredvi\u0111ene okolnosti mogu povremeno uzrokovati mala ka\u0161njenja. Cijenimo va\u0161e razumijevanje i zahvaljujemo vam \u0161to ste odabrali BlockP za svoje potrebe upravljanja sadr\u017eajem.<\/p>\n","protected":false},"author":1,"featured_media":0,"parent":0,"menu_order":0,"comment_status":"closed","ping_status":"closed","template":"","meta":{"site-sidebar-layout":"no-sidebar","site-content-layout":"","ast-site-content-layout":"full-width-container","site-content-style":"default","site-sidebar-style":"default","ast-global-header-display":"","ast-banner-title-visibility":"","ast-main-header-display":"","ast-hfb-above-header-display":"","ast-hfb-below-header-display":"","ast-hfb-mobile-header-display":"","site-post-title":"disabled","ast-breadcrumbs-content":"","ast-featured-img":"disabled","footer-sml-layout":"","ast-disable-related-posts":"","theme-transparent-header-meta":"default","adv-header-id-meta":"","stick-header-meta":"","header-above-stick-meta":"","header-main-stick-meta":"","header-below-stick-meta":"","astra-migrate-meta-layouts":"default","ast-page-background-enabled":"default","ast-page-background-meta":{"desktop":{"background-color":"var(--ast-global-color-4)","background-image":"","background-repeat":"repeat","background-position":"center center","background-size":"auto","background-attachment":"scroll","background-type":"","background-media":"","overlay-type":"","overlay-color":"","overlay-opacity":"","overlay-gradient":""},"tablet":{"background-color":"","background-image":"","background-repeat":"repeat","background-position":"center center","background-size":"auto","background-attachment":"scroll","background-type":"","background-media":"","overlay-type":"","overlay-color":"","overlay-opacity":"","overlay-gradient":""},"mobile":{"background-color":"","background-image":"","background-repeat":"repeat","background-position":"center center","background-size":"auto","background-attachment":"scroll","background-type":"","background-media":"","overlay-type":"","overlay-color":"","overlay-opacity":"","overlay-gradient":""}},"ast-content-background-meta":{"desktop":{"background-color":"var(--ast-global-color-5)","background-image":"","background-repeat":"repeat","background-position":"center center","background-size":"auto","background-attachment":"scroll","background-type":"","background-media":"","overlay-type":"","overlay-color":"","overlay-opacity":"","overlay-gradient":""},"tablet":{"background-color":"var(--ast-global-color-5)","background-image":"","background-repeat":"repeat","background-position":"center center","background-size":"auto","background-attachment":"scroll","background-type":"","background-media":"","overlay-type":"","overlay-color":"","overlay-opacity":"","overlay-gradient":""},"mobile":{"background-color":"var(--ast-global-color-5)","background-image":"","background-repeat":"repeat","background-position":"center center","background-size":"auto","background-attachment":"scroll","background-type":"","background-media":"","overlay-type":"","overlay-color":"","overlay-opacity":"","overlay-gradient":""}},"footnotes":""},"class_list":["post-10077","page","type-page","status-publish","hentry"],"yoast_head":"<!-- This site is optimized with the Yoast SEO plugin v27.5 - https:\/\/yoast.com\/product\/yoast-seo-wordpress\/ -->\n<title>Data Deletion - BlockP<\/title>\n<meta name=\"robots\" content=\"index, follow, max-snippet:-1, max-image-preview:large, max-video-preview:-1\" \/>\n<link rel=\"canonical\" href=\"https:\/\/blockp.io\/hr\/data-deletion\/\" \/>\n<meta property=\"og:locale\" content=\"hr_HR\" \/>\n<meta property=\"og:type\" content=\"article\" \/>\n<meta property=\"og:title\" content=\"Data Deletion - BlockP\" \/>\n<meta property=\"og:description\" content=\"Sigurno izbri\u0161ite svoje podatke na BlockP Android aplikaciji Uvod U BlockP-u dajemo prioritet va\u0161oj privatnosti i sigurnosti podataka. Razumijemo da biste mogli izbrisati svoj ra\u010dun i povezane podatke iz na\u0161e Android aplikacije. Budite uvjereni da je proces jednostavan i osmi\u0161ljen kako bi osigurao sigurnost va\u0161ih podataka. Evo vodi\u010da korak po korak o tome kako zatra\u017eiti brisanje svojih korisni\u010dkih podataka iz aplikacije BlockP: Korak 1: Pokrenite zahtjev za brisanje ra\u010duna1. Otvorite aplikaciju BlockP na svom Android ure\u0111aju.2. Do\u0111ite do odjeljka &#8220;Postavke&#8221; ili &#8220;Ra\u010dun&#8221; u aplikaciji. Korak 2: Po\u0161aljite zahtjev za brisanje ra\u010duna e-po\u0161tom1. U odjeljku &#8220;Ra\u010dun&#8221; prona\u0111ite opciju &#8220;Izbri\u0161i moj ra\u010dun&#8221;.2. Dodirnite opciju za pokretanje postupka brisanja.3. Nacrt e-po\u0161te otvorit \u0107e se u va\u0161oj zadanoj aplikaciji e-po\u0161te.4. Adresa e-po\u0161te primatelja ve\u0107 \u0107e biti popunjena: Blockingsites123@gmail.com.5. Slobodno dodajte sve dodatne informacije ili kontekst e-po\u0161ti ako \u017eelite. Korak 3: Potvrdite svoj zahtjev1. Jo\u0161 jednom provjerite jeste li to\u010dno opisali svoju namjeru brisanja ra\u010duna i svih povezanih podataka.2. Po\u0161aljite e-po\u0161tu na Blockingsites123@gmail.com. Korak 4: Obrada va\u0161eg zahtjeva1. Na\u0161 tehni\u010dki tim pregledat \u0107e va\u0161 zahtjev za brisanje ra\u010duna.2. Iz sigurnosnih razloga, mo\u017eemo vam se obratiti putem e-po\u0161te kako bismo potvrdili va\u0161 identitet.3. Nakon \u0161to se va\u0161 zahtjev potvrdi, na\u0161 tim \u0107e nastaviti s postupkom brisanja podataka. Korak 5: Zavr\u0161etak brisanja1. Va\u0161 ra\u010dun i povezani podaci bit \u0107e trajno izbrisani iz na\u0161e Firebase baze podataka u roku od 4-5 radnih dana od potvrde va\u0161eg zahtjeva.2. Obavijestit \u0107emo vas putem e-po\u0161te nakon zavr\u0161etka procesa. Zaklju\u010dak:U BlockP-u smo predani odr\u017eavanju sigurnosti i privatnosti va\u0161ih podataka. Na\u0161 jednostavan postupak za brisanje va\u0161eg ra\u010duna osigurava da se s va\u0161im podacima postupa s najve\u0107om pa\u017enjom. Ako imate bilo kakvih pitanja ili trebate pomo\u0107 tijekom cijelog postupka brisanja ra\u010duna, slobodno se obratite na\u0161em timu za podr\u0161ku na blockingsites123@gmail.com. Imajte na umu da, iako nastojimo dovr\u0161iti proces u roku od 4-5 radnih dana, nepredvi\u0111ene okolnosti mogu povremeno uzrokovati mala ka\u0161njenja. Cijenimo va\u0161e razumijevanje i zahvaljujemo vam \u0161to ste odabrali BlockP za svoje potrebe upravljanja sadr\u017eajem.\" \/>\n<meta property=\"og:url\" content=\"https:\/\/blockp.io\/hr\/data-deletion\/\" \/>\n<meta property=\"og:site_name\" content=\"BlockP\" \/>\n<meta property=\"article:modified_time\" content=\"2024-09-12T06:25:41+00:00\" \/>\n<meta name=\"twitter:card\" content=\"summary_large_image\" \/>\n<meta name=\"twitter:label1\" content=\"Procijenjeno vrijeme \u010ditanja\" \/>\n\t<meta name=\"twitter:data1\" content=\"2 minute\" \/>\n<script type=\"application\/ld+json\" class=\"yoast-schema-graph\">{\"@context\":\"https:\\\/\\\/schema.org\",\"@graph\":[{\"@type\":\"WebPage\",\"@id\":\"https:\\\/\\\/blockp.io\\\/hr\\\/data-deletion\\\/\",\"url\":\"https:\\\/\\\/blockp.io\\\/hr\\\/data-deletion\\\/\",\"name\":\"Data Deletion - BlockP\",\"isPartOf\":{\"@id\":\"https:\\\/\\\/blockp.io\\\/#website\"},\"datePublished\":\"2024-09-12T06:22:21+00:00\",\"dateModified\":\"2024-09-12T06:25:41+00:00\",\"breadcrumb\":{\"@id\":\"https:\\\/\\\/blockp.io\\\/hr\\\/data-deletion\\\/#breadcrumb\"},\"inLanguage\":\"hr\",\"potentialAction\":[{\"@type\":\"ReadAction\",\"target\":[\"https:\\\/\\\/blockp.io\\\/hr\\\/data-deletion\\\/\"]}]},{\"@type\":\"BreadcrumbList\",\"@id\":\"https:\\\/\\\/blockp.io\\\/hr\\\/data-deletion\\\/#breadcrumb\",\"itemListElement\":[{\"@type\":\"ListItem\",\"position\":1,\"name\":\"Home\",\"item\":\"https:\\\/\\\/blockp.io\\\/\"},{\"@type\":\"ListItem\",\"position\":2,\"name\":\"Data Deletion\"}]},{\"@type\":\"WebSite\",\"@id\":\"https:\\\/\\\/blockp.io\\\/#website\",\"url\":\"https:\\\/\\\/blockp.io\\\/\",\"name\":\"BlockP\",\"description\":\"Best Porn Blocker\",\"publisher\":{\"@id\":\"https:\\\/\\\/blockp.io\\\/#organization\"},\"alternateName\":\"BlockP\",\"potentialAction\":[{\"@type\":\"SearchAction\",\"target\":{\"@type\":\"EntryPoint\",\"urlTemplate\":\"https:\\\/\\\/blockp.io\\\/?s={search_term_string}\"},\"query-input\":{\"@type\":\"PropertyValueSpecification\",\"valueRequired\":true,\"valueName\":\"search_term_string\"}}],\"inLanguage\":\"hr\"},{\"@type\":\"Organization\",\"@id\":\"https:\\\/\\\/blockp.io\\\/#organization\",\"name\":\"BlockP\",\"alternateName\":\"BlockP\",\"url\":\"https:\\\/\\\/blockp.io\\\/\",\"logo\":{\"@type\":\"ImageObject\",\"inLanguage\":\"hr\",\"@id\":\"https:\\\/\\\/blockp.io\\\/#\\\/schema\\\/logo\\\/image\\\/\",\"url\":\"https:\\\/\\\/blockp.io\\\/wp-content\\\/uploads\\\/2024\\\/07\\\/blockp-Logo.avif\",\"contentUrl\":\"https:\\\/\\\/blockp.io\\\/wp-content\\\/uploads\\\/2024\\\/07\\\/blockp-Logo.avif\",\"width\":512,\"height\":512,\"caption\":\"BlockP\"},\"image\":{\"@id\":\"https:\\\/\\\/blockp.io\\\/#\\\/schema\\\/logo\\\/image\\\/\"}}]}<\/script>\n<!-- \/ Yoast SEO plugin. -->","yoast_head_json":{"title":"Data Deletion - BlockP","robots":{"index":"index","follow":"follow","max-snippet":"max-snippet:-1","max-image-preview":"max-image-preview:large","max-video-preview":"max-video-preview:-1"},"canonical":"https:\/\/blockp.io\/hr\/data-deletion\/","og_locale":"hr_HR","og_type":"article","og_title":"Data Deletion - BlockP","og_description":"Sigurno izbri\u0161ite svoje podatke na BlockP Android aplikaciji Uvod U BlockP-u dajemo prioritet va\u0161oj privatnosti i sigurnosti podataka. Razumijemo da biste mogli izbrisati svoj ra\u010dun i povezane podatke iz na\u0161e Android aplikacije. Budite uvjereni da je proces jednostavan i osmi\u0161ljen kako bi osigurao sigurnost va\u0161ih podataka. Evo vodi\u010da korak po korak o tome kako zatra\u017eiti brisanje svojih korisni\u010dkih podataka iz aplikacije BlockP: Korak 1: Pokrenite zahtjev za brisanje ra\u010duna1. Otvorite aplikaciju BlockP na svom Android ure\u0111aju.2. Do\u0111ite do odjeljka &#8220;Postavke&#8221; ili &#8220;Ra\u010dun&#8221; u aplikaciji. Korak 2: Po\u0161aljite zahtjev za brisanje ra\u010duna e-po\u0161tom1. U odjeljku &#8220;Ra\u010dun&#8221; prona\u0111ite opciju &#8220;Izbri\u0161i moj ra\u010dun&#8221;.2. Dodirnite opciju za pokretanje postupka brisanja.3. Nacrt e-po\u0161te otvorit \u0107e se u va\u0161oj zadanoj aplikaciji e-po\u0161te.4. Adresa e-po\u0161te primatelja ve\u0107 \u0107e biti popunjena: Blockingsites123@gmail.com.5. Slobodno dodajte sve dodatne informacije ili kontekst e-po\u0161ti ako \u017eelite. Korak 3: Potvrdite svoj zahtjev1. Jo\u0161 jednom provjerite jeste li to\u010dno opisali svoju namjeru brisanja ra\u010duna i svih povezanih podataka.2. Po\u0161aljite e-po\u0161tu na Blockingsites123@gmail.com. Korak 4: Obrada va\u0161eg zahtjeva1. Na\u0161 tehni\u010dki tim pregledat \u0107e va\u0161 zahtjev za brisanje ra\u010duna.2. Iz sigurnosnih razloga, mo\u017eemo vam se obratiti putem e-po\u0161te kako bismo potvrdili va\u0161 identitet.3. Nakon \u0161to se va\u0161 zahtjev potvrdi, na\u0161 tim \u0107e nastaviti s postupkom brisanja podataka. Korak 5: Zavr\u0161etak brisanja1. Va\u0161 ra\u010dun i povezani podaci bit \u0107e trajno izbrisani iz na\u0161e Firebase baze podataka u roku od 4-5 radnih dana od potvrde va\u0161eg zahtjeva.2. Obavijestit \u0107emo vas putem e-po\u0161te nakon zavr\u0161etka procesa. Zaklju\u010dak:U BlockP-u smo predani odr\u017eavanju sigurnosti i privatnosti va\u0161ih podataka. Na\u0161 jednostavan postupak za brisanje va\u0161eg ra\u010duna osigurava da se s va\u0161im podacima postupa s najve\u0107om pa\u017enjom. Ako imate bilo kakvih pitanja ili trebate pomo\u0107 tijekom cijelog postupka brisanja ra\u010duna, slobodno se obratite na\u0161em timu za podr\u0161ku na blockingsites123@gmail.com. Imajte na umu da, iako nastojimo dovr\u0161iti proces u roku od 4-5 radnih dana, nepredvi\u0111ene okolnosti mogu povremeno uzrokovati mala ka\u0161njenja. Cijenimo va\u0161e razumijevanje i zahvaljujemo vam \u0161to ste odabrali BlockP za svoje potrebe upravljanja sadr\u017eajem.","og_url":"https:\/\/blockp.io\/hr\/data-deletion\/","og_site_name":"BlockP","article_modified_time":"2024-09-12T06:25:41+00:00","twitter_card":"summary_large_image","twitter_misc":{"Procijenjeno vrijeme \u010ditanja":"2 minute"},"schema":{"@context":"https:\/\/schema.org","@graph":[{"@type":"WebPage","@id":"https:\/\/blockp.io\/hr\/data-deletion\/","url":"https:\/\/blockp.io\/hr\/data-deletion\/","name":"Data Deletion - BlockP","isPartOf":{"@id":"https:\/\/blockp.io\/#website"},"datePublished":"2024-09-12T06:22:21+00:00","dateModified":"2024-09-12T06:25:41+00:00","breadcrumb":{"@id":"https:\/\/blockp.io\/hr\/data-deletion\/#breadcrumb"},"inLanguage":"hr","potentialAction":[{"@type":"ReadAction","target":["https:\/\/blockp.io\/hr\/data-deletion\/"]}]},{"@type":"BreadcrumbList","@id":"https:\/\/blockp.io\/hr\/data-deletion\/#breadcrumb","itemListElement":[{"@type":"ListItem","position":1,"name":"Home","item":"https:\/\/blockp.io\/"},{"@type":"ListItem","position":2,"name":"Data Deletion"}]},{"@type":"WebSite","@id":"https:\/\/blockp.io\/#website","url":"https:\/\/blockp.io\/","name":"BlockP","description":"Best Porn Blocker","publisher":{"@id":"https:\/\/blockp.io\/#organization"},"alternateName":"BlockP","potentialAction":[{"@type":"SearchAction","target":{"@type":"EntryPoint","urlTemplate":"https:\/\/blockp.io\/?s={search_term_string}"},"query-input":{"@type":"PropertyValueSpecification","valueRequired":true,"valueName":"search_term_string"}}],"inLanguage":"hr"},{"@type":"Organization","@id":"https:\/\/blockp.io\/#organization","name":"BlockP","alternateName":"BlockP","url":"https:\/\/blockp.io\/","logo":{"@type":"ImageObject","inLanguage":"hr","@id":"https:\/\/blockp.io\/#\/schema\/logo\/image\/","url":"https:\/\/blockp.io\/wp-content\/uploads\/2024\/07\/blockp-Logo.avif","contentUrl":"https:\/\/blockp.io\/wp-content\/uploads\/2024\/07\/blockp-Logo.avif","width":512,"height":512,"caption":"BlockP"},"image":{"@id":"https:\/\/blockp.io\/#\/schema\/logo\/image\/"}}]}},"_links":{"self":[{"href":"https:\/\/blockp.io\/hr\/wp-json\/wp\/v2\/pages\/10077","targetHints":{"allow":["GET"]}}],"collection":[{"href":"https:\/\/blockp.io\/hr\/wp-json\/wp\/v2\/pages"}],"about":[{"href":"https:\/\/blockp.io\/hr\/wp-json\/wp\/v2\/types\/page"}],"author":[{"embeddable":true,"href":"https:\/\/blockp.io\/hr\/wp-json\/wp\/v2\/users\/1"}],"replies":[{"embeddable":true,"href":"https:\/\/blockp.io\/hr\/wp-json\/wp\/v2\/comments?post=10077"}],"version-history":[{"count":0,"href":"https:\/\/blockp.io\/hr\/wp-json\/wp\/v2\/pages\/10077\/revisions"}],"wp:attachment":[{"href":"https:\/\/blockp.io\/hr\/wp-json\/wp\/v2\/media?parent=10077"}],"curies":[{"name":"wp","href":"https:\/\/api.w.org\/{rel}","templated":true}]}}