{"id":37527,"date":"2026-02-26T16:49:09","date_gmt":"2026-02-26T16:49:09","guid":{"rendered":"https:\/\/blockp.io\/fact-checked\/"},"modified":"2026-04-02T06:45:38","modified_gmt":"2026-04-02T06:45:38","slug":"fact-checked","status":"publish","type":"page","link":"https:\/\/blockp.io\/hr\/fact-checked\/","title":{"rendered":"Provjerene \u010dinjenice"},"content":{"rendered":"\t\t<div data-elementor-type=\"wp-page\" data-elementor-id=\"37527\" class=\"elementor elementor-37527 elementor-37185\" data-elementor-post-type=\"page\">\n\t\t\t\t<div class=\"elementor-element elementor-element-fc4114c e-flex e-con-boxed wpr-particle-no wpr-jarallax-no wpr-parallax-no wpr-sticky-section-no e-con e-parent\" data-id=\"fc4114c\" data-element_type=\"container\" data-e-type=\"container\" data-settings=\"{&quot;background_background&quot;:&quot;classic&quot;}\">\n\t\t\t\t\t<div class=\"e-con-inner\">\n\t\t<div class=\"elementor-element elementor-element-b7b5739 e-con-full e-flex wpr-particle-no wpr-jarallax-no wpr-parallax-no wpr-sticky-section-no e-con e-child\" data-id=\"b7b5739\" data-element_type=\"container\" data-e-type=\"container\">\n\t\t\t\t<div class=\"elementor-element elementor-element-7e09ba7 elementor-align-center elementor-widget elementor-widget-breadcrumbs\" data-id=\"7e09ba7\" data-element_type=\"widget\" data-e-type=\"widget\" data-widget_type=\"breadcrumbs.default\">\n\t\t\t\t\t<p id=\"breadcrumbs\"><span><span><a href=\"https:\/\/blockp.io\/\">Home<\/a><\/span><\/span><\/p>\t\t\t\t<\/div>\n\t\t\t\t<\/div>\n\t\t\t\t<div class=\"elementor-element elementor-element-27cc8b3 elementor-widget__width-initial elementor-widget elementor-widget-heading\" data-id=\"27cc8b3\" data-element_type=\"widget\" data-e-type=\"widget\" data-widget_type=\"heading.default\">\n\t\t\t\t\t<h2 class=\"elementor-heading-title elementor-size-default\">Provjerene \u010dinjenice <\/h2>\t\t\t\t<\/div>\n\t\t\t\t<div class=\"elementor-element elementor-element-3527fd2 elementor-widget__width-initial link elementor-widget elementor-widget-text-editor\" data-id=\"3527fd2\" data-element_type=\"widget\" data-e-type=\"widget\" data-widget_type=\"text-editor.default\">\n\t\t\t\t\t\t\t\t\t<ul><li style=\"font-weight: 400;\" aria-level=\"1\"><span style=\"font-weight: 400;\">U<\/span><b>BlokP<\/b><span style=\"font-weight: 400;\">, dajemo prioritet to\u010dnosti, psiholo\u0161kim istra\u017eivanjima i uvidima temeljenim na dokazima.<\/span><\/li><li style=\"font-weight: 400;\" aria-level=\"1\"><span style=\"font-weight: 400;\">Na\u0161 sadr\u017eaj pa\u017eljivo je pregledan i potkrijepljen uglednim izvorima, uklju\u010duju\u0107i recenzirane studije, istra\u017eivanja mentalnog zdravlja, nalaze bihevioralne znanosti i pouzdane akademske institucije. Cilj nam je pru\u017eiti prakti\u010dne, znanstveno potkrijepljene smjernice kako bismo pomogli pojedincima koji se bore s ovisno\u0161\u0107u o pornografiji, kompulzivnim pona\u0161anjem i izazovima samokontrole.<\/span><\/li><li style=\"font-weight: 400;\" aria-level=\"1\"><span style=\"font-weight: 400;\">Kad god je to primjenjivo, reference i istra\u017eiva\u010dki izvori citiraju se unutar \u010dlanka radi o\u010duvanja transparentnosti i vjerodostojnosti.<\/span><\/li><li style=\"font-weight: 400;\" aria-level=\"1\"><span style=\"font-weight: 400;\">Ako primijetite bilo kakve neto\u010dnosti ili imate nedoumica u vezi s na\u0161im sadr\u017eajem, poti\u010demo vas da nas kontaktirate putem odjeljka za komentare ili kontakt obrasca. Va\u0161e povratne informacije poma\u017eu nam da odr\u017eimo visoke standarde.<\/span><\/li><li style=\"font-weight: 400;\" aria-level=\"1\"><span style=\"font-weight: 400;\">Na\u0161 je cilj osna\u017eiti vas pouzdanim informacijama kako biste mogli donositi informirane odluke o svojim digitalnim navikama, mentalnom blagostanju i osobnom rastu.<\/span><\/li><\/ul><p><b>Odricanje:<\/b><span style=\"font-weight: 400;\">Informacije navedene na BlockP-u slu\u017ee isklju\u010divo u obrazovne i informativne svrhe. Nisu namijenjene kao zamjena za stru\u010dni medicinski, psiholo\u0161ki ili psihijatrijski savjet. Za personalizirane smjernice uvijek se posavjetujte s kvalificiranim zdravstvenim ili stru\u010dnjakom za mentalno zdravlje.<\/span><\/p>\t\t\t\t\t\t\t\t<\/div>\n\t\t\t\t\t<\/div>\n\t\t\t\t<\/div>\n\t\t\t\t<\/div>\n\t\t","protected":false},"excerpt":{"rendered":"<p>Provjerene \u010dinjenice UBlokP, dajemo prioritet to\u010dnosti, psiholo\u0161kim istra\u017eivanjima i uvidima temeljenim na dokazima. Na\u0161 sadr\u017eaj pa\u017eljivo je pregledan i potkrijepljen uglednim izvorima, uklju\u010duju\u0107i recenzirane studije, istra\u017eivanja mentalnog zdravlja, nalaze bihevioralne znanosti i pouzdane akademske institucije. Cilj nam je pru\u017eiti prakti\u010dne, znanstveno potkrijepljene smjernice kako bismo pomogli pojedincima koji se bore s ovisno\u0161\u0107u o pornografiji, kompulzivnim pona\u0161anjem i izazovima samokontrole. Kad god je to primjenjivo, reference i istra\u017eiva\u010dki izvori citiraju se unutar \u010dlanka radi o\u010duvanja transparentnosti i vjerodostojnosti. Ako primijetite bilo kakve neto\u010dnosti ili imate nedoumica u vezi s na\u0161im sadr\u017eajem, poti\u010demo vas da nas kontaktirate putem odjeljka za komentare ili kontakt obrasca. Va\u0161e povratne informacije poma\u017eu nam da odr\u017eimo visoke standarde. Na\u0161 je cilj osna\u017eiti vas pouzdanim informacijama kako biste mogli donositi informirane odluke o svojim digitalnim navikama, mentalnom blagostanju i osobnom rastu. Odricanje:Informacije navedene na BlockP-u slu\u017ee isklju\u010divo u obrazovne i informativne svrhe. Nisu namijenjene kao zamjena za stru\u010dni medicinski, psiholo\u0161ki ili psihijatrijski savjet. Za personalizirane smjernice uvijek se posavjetujte s kvalificiranim zdravstvenim ili stru\u010dnjakom za mentalno zdravlje.<\/p>\n","protected":false},"author":10,"featured_media":0,"parent":0,"menu_order":0,"comment_status":"closed","ping_status":"closed","template":"","meta":{"site-sidebar-layout":"no-sidebar","site-content-layout":"","ast-site-content-layout":"full-width-container","site-content-style":"default","site-sidebar-style":"default","ast-global-header-display":"","ast-banner-title-visibility":"","ast-main-header-display":"","ast-hfb-above-header-display":"","ast-hfb-below-header-display":"","ast-hfb-mobile-header-display":"","site-post-title":"","ast-breadcrumbs-content":"","ast-featured-img":"disabled","footer-sml-layout":"","ast-disable-related-posts":"","theme-transparent-header-meta":"","adv-header-id-meta":"","stick-header-meta":"","header-above-stick-meta":"","header-main-stick-meta":"","header-below-stick-meta":"","astra-migrate-meta-layouts":"default","ast-page-background-enabled":"default","ast-page-background-meta":{"desktop":{"background-color":"var(--ast-global-color-4)","background-image":"","background-repeat":"repeat","background-position":"center center","background-size":"auto","background-attachment":"scroll","background-type":"","background-media":"","overlay-type":"","overlay-color":"","overlay-opacity":"","overlay-gradient":""},"tablet":{"background-color":"","background-image":"","background-repeat":"repeat","background-position":"center center","background-size":"auto","background-attachment":"scroll","background-type":"","background-media":"","overlay-type":"","overlay-color":"","overlay-opacity":"","overlay-gradient":""},"mobile":{"background-color":"","background-image":"","background-repeat":"repeat","background-position":"center center","background-size":"auto","background-attachment":"scroll","background-type":"","background-media":"","overlay-type":"","overlay-color":"","overlay-opacity":"","overlay-gradient":""}},"ast-content-background-meta":{"desktop":{"background-color":"var(--ast-global-color-5)","background-image":"","background-repeat":"repeat","background-position":"center center","background-size":"auto","background-attachment":"scroll","background-type":"","background-media":"","overlay-type":"","overlay-color":"","overlay-opacity":"","overlay-gradient":""},"tablet":{"background-color":"var(--ast-global-color-5)","background-image":"","background-repeat":"repeat","background-position":"center center","background-size":"auto","background-attachment":"scroll","background-type":"","background-media":"","overlay-type":"","overlay-color":"","overlay-opacity":"","overlay-gradient":""},"mobile":{"background-color":"var(--ast-global-color-5)","background-image":"","background-repeat":"repeat","background-position":"center center","background-size":"auto","background-attachment":"scroll","background-type":"","background-media":"","overlay-type":"","overlay-color":"","overlay-opacity":"","overlay-gradient":""}},"footnotes":""},"class_list":["post-37527","page","type-page","status-publish","hentry"],"yoast_head":"<!-- This site is optimized with the Yoast SEO plugin v27.3 - https:\/\/yoast.com\/product\/yoast-seo-wordpress\/ -->\n<title>Provjerene \u010dinjenice - BlockP<\/title>\n<meta name=\"robots\" content=\"index, follow, max-snippet:-1, max-image-preview:large, max-video-preview:-1\" \/>\n<link rel=\"canonical\" href=\"https:\/\/blockp.io\/hr\/fact-checked\/\" \/>\n<meta property=\"og:locale\" content=\"hr_HR\" \/>\n<meta property=\"og:type\" content=\"article\" \/>\n<meta property=\"og:title\" content=\"Provjerene \u010dinjenice - BlockP\" \/>\n<meta property=\"og:description\" content=\"Provjerene \u010dinjenice UBlokP, dajemo prioritet to\u010dnosti, psiholo\u0161kim istra\u017eivanjima i uvidima temeljenim na dokazima. Na\u0161 sadr\u017eaj pa\u017eljivo je pregledan i potkrijepljen uglednim izvorima, uklju\u010duju\u0107i recenzirane studije, istra\u017eivanja mentalnog zdravlja, nalaze bihevioralne znanosti i pouzdane akademske institucije. Cilj nam je pru\u017eiti prakti\u010dne, znanstveno potkrijepljene smjernice kako bismo pomogli pojedincima koji se bore s ovisno\u0161\u0107u o pornografiji, kompulzivnim pona\u0161anjem i izazovima samokontrole. Kad god je to primjenjivo, reference i istra\u017eiva\u010dki izvori citiraju se unutar \u010dlanka radi o\u010duvanja transparentnosti i vjerodostojnosti. Ako primijetite bilo kakve neto\u010dnosti ili imate nedoumica u vezi s na\u0161im sadr\u017eajem, poti\u010demo vas da nas kontaktirate putem odjeljka za komentare ili kontakt obrasca. Va\u0161e povratne informacije poma\u017eu nam da odr\u017eimo visoke standarde. Na\u0161 je cilj osna\u017eiti vas pouzdanim informacijama kako biste mogli donositi informirane odluke o svojim digitalnim navikama, mentalnom blagostanju i osobnom rastu. Odricanje:Informacije navedene na BlockP-u slu\u017ee isklju\u010divo u obrazovne i informativne svrhe. Nisu namijenjene kao zamjena za stru\u010dni medicinski, psiholo\u0161ki ili psihijatrijski savjet. Za personalizirane smjernice uvijek se posavjetujte s kvalificiranim zdravstvenim ili stru\u010dnjakom za mentalno zdravlje.\" \/>\n<meta property=\"og:url\" content=\"https:\/\/blockp.io\/hr\/fact-checked\/\" \/>\n<meta property=\"og:site_name\" content=\"BlockP\" \/>\n<meta property=\"article:modified_time\" content=\"2026-04-02T06:45:38+00:00\" \/>\n<meta name=\"twitter:card\" content=\"summary_large_image\" \/>\n<meta name=\"twitter:label1\" content=\"Procijenjeno vrijeme \u010ditanja\" \/>\n\t<meta name=\"twitter:data1\" content=\"1 minuta\" \/>\n<script type=\"application\/ld+json\" class=\"yoast-schema-graph\">{\"@context\":\"https:\\\/\\\/schema.org\",\"@graph\":[{\"@type\":\"WebPage\",\"@id\":\"https:\\\/\\\/blockp.io\\\/hr\\\/fact-checked\\\/\",\"url\":\"https:\\\/\\\/blockp.io\\\/hr\\\/fact-checked\\\/\",\"name\":\"Provjerene \u010dinjenice - BlockP\",\"isPartOf\":{\"@id\":\"https:\\\/\\\/blockp.io\\\/#website\"},\"datePublished\":\"2026-02-26T16:49:09+00:00\",\"dateModified\":\"2026-04-02T06:45:38+00:00\",\"breadcrumb\":{\"@id\":\"https:\\\/\\\/blockp.io\\\/hr\\\/fact-checked\\\/#breadcrumb\"},\"inLanguage\":\"hr\",\"potentialAction\":[{\"@type\":\"ReadAction\",\"target\":[\"https:\\\/\\\/blockp.io\\\/hr\\\/fact-checked\\\/\"]}]},{\"@type\":\"BreadcrumbList\",\"@id\":\"https:\\\/\\\/blockp.io\\\/hr\\\/fact-checked\\\/#breadcrumb\",\"itemListElement\":[{\"@type\":\"ListItem\",\"position\":1,\"name\":\"Home\",\"item\":\"https:\\\/\\\/blockp.io\\\/\"},{\"@type\":\"ListItem\",\"position\":2,\"name\":\"Provjerene \u010dinjenice\"}]},{\"@type\":\"WebSite\",\"@id\":\"https:\\\/\\\/blockp.io\\\/#website\",\"url\":\"https:\\\/\\\/blockp.io\\\/\",\"name\":\"BlockP\",\"description\":\"Best Porn Blocker\",\"publisher\":{\"@id\":\"https:\\\/\\\/blockp.io\\\/#organization\"},\"alternateName\":\"BlockP\",\"potentialAction\":[{\"@type\":\"SearchAction\",\"target\":{\"@type\":\"EntryPoint\",\"urlTemplate\":\"https:\\\/\\\/blockp.io\\\/?s={search_term_string}\"},\"query-input\":{\"@type\":\"PropertyValueSpecification\",\"valueRequired\":true,\"valueName\":\"search_term_string\"}}],\"inLanguage\":\"hr\"},{\"@type\":\"Organization\",\"@id\":\"https:\\\/\\\/blockp.io\\\/#organization\",\"name\":\"BlockP\",\"alternateName\":\"BlockP\",\"url\":\"https:\\\/\\\/blockp.io\\\/\",\"logo\":{\"@type\":\"ImageObject\",\"inLanguage\":\"hr\",\"@id\":\"https:\\\/\\\/blockp.io\\\/#\\\/schema\\\/logo\\\/image\\\/\",\"url\":\"https:\\\/\\\/blockp.io\\\/wp-content\\\/uploads\\\/2024\\\/07\\\/blockp-Logo.avif\",\"contentUrl\":\"https:\\\/\\\/blockp.io\\\/wp-content\\\/uploads\\\/2024\\\/07\\\/blockp-Logo.avif\",\"width\":512,\"height\":512,\"caption\":\"BlockP\"},\"image\":{\"@id\":\"https:\\\/\\\/blockp.io\\\/#\\\/schema\\\/logo\\\/image\\\/\"}}]}<\/script>\n<!-- \/ Yoast SEO plugin. -->","yoast_head_json":{"title":"Provjerene \u010dinjenice - BlockP","robots":{"index":"index","follow":"follow","max-snippet":"max-snippet:-1","max-image-preview":"max-image-preview:large","max-video-preview":"max-video-preview:-1"},"canonical":"https:\/\/blockp.io\/hr\/fact-checked\/","og_locale":"hr_HR","og_type":"article","og_title":"Provjerene \u010dinjenice - BlockP","og_description":"Provjerene \u010dinjenice UBlokP, dajemo prioritet to\u010dnosti, psiholo\u0161kim istra\u017eivanjima i uvidima temeljenim na dokazima. Na\u0161 sadr\u017eaj pa\u017eljivo je pregledan i potkrijepljen uglednim izvorima, uklju\u010duju\u0107i recenzirane studije, istra\u017eivanja mentalnog zdravlja, nalaze bihevioralne znanosti i pouzdane akademske institucije. Cilj nam je pru\u017eiti prakti\u010dne, znanstveno potkrijepljene smjernice kako bismo pomogli pojedincima koji se bore s ovisno\u0161\u0107u o pornografiji, kompulzivnim pona\u0161anjem i izazovima samokontrole. Kad god je to primjenjivo, reference i istra\u017eiva\u010dki izvori citiraju se unutar \u010dlanka radi o\u010duvanja transparentnosti i vjerodostojnosti. Ako primijetite bilo kakve neto\u010dnosti ili imate nedoumica u vezi s na\u0161im sadr\u017eajem, poti\u010demo vas da nas kontaktirate putem odjeljka za komentare ili kontakt obrasca. Va\u0161e povratne informacije poma\u017eu nam da odr\u017eimo visoke standarde. Na\u0161 je cilj osna\u017eiti vas pouzdanim informacijama kako biste mogli donositi informirane odluke o svojim digitalnim navikama, mentalnom blagostanju i osobnom rastu. Odricanje:Informacije navedene na BlockP-u slu\u017ee isklju\u010divo u obrazovne i informativne svrhe. Nisu namijenjene kao zamjena za stru\u010dni medicinski, psiholo\u0161ki ili psihijatrijski savjet. Za personalizirane smjernice uvijek se posavjetujte s kvalificiranim zdravstvenim ili stru\u010dnjakom za mentalno zdravlje.","og_url":"https:\/\/blockp.io\/hr\/fact-checked\/","og_site_name":"BlockP","article_modified_time":"2026-04-02T06:45:38+00:00","twitter_card":"summary_large_image","twitter_misc":{"Procijenjeno vrijeme \u010ditanja":"1 minuta"},"schema":{"@context":"https:\/\/schema.org","@graph":[{"@type":"WebPage","@id":"https:\/\/blockp.io\/hr\/fact-checked\/","url":"https:\/\/blockp.io\/hr\/fact-checked\/","name":"Provjerene \u010dinjenice - BlockP","isPartOf":{"@id":"https:\/\/blockp.io\/#website"},"datePublished":"2026-02-26T16:49:09+00:00","dateModified":"2026-04-02T06:45:38+00:00","breadcrumb":{"@id":"https:\/\/blockp.io\/hr\/fact-checked\/#breadcrumb"},"inLanguage":"hr","potentialAction":[{"@type":"ReadAction","target":["https:\/\/blockp.io\/hr\/fact-checked\/"]}]},{"@type":"BreadcrumbList","@id":"https:\/\/blockp.io\/hr\/fact-checked\/#breadcrumb","itemListElement":[{"@type":"ListItem","position":1,"name":"Home","item":"https:\/\/blockp.io\/"},{"@type":"ListItem","position":2,"name":"Provjerene \u010dinjenice"}]},{"@type":"WebSite","@id":"https:\/\/blockp.io\/#website","url":"https:\/\/blockp.io\/","name":"BlockP","description":"Best Porn Blocker","publisher":{"@id":"https:\/\/blockp.io\/#organization"},"alternateName":"BlockP","potentialAction":[{"@type":"SearchAction","target":{"@type":"EntryPoint","urlTemplate":"https:\/\/blockp.io\/?s={search_term_string}"},"query-input":{"@type":"PropertyValueSpecification","valueRequired":true,"valueName":"search_term_string"}}],"inLanguage":"hr"},{"@type":"Organization","@id":"https:\/\/blockp.io\/#organization","name":"BlockP","alternateName":"BlockP","url":"https:\/\/blockp.io\/","logo":{"@type":"ImageObject","inLanguage":"hr","@id":"https:\/\/blockp.io\/#\/schema\/logo\/image\/","url":"https:\/\/blockp.io\/wp-content\/uploads\/2024\/07\/blockp-Logo.avif","contentUrl":"https:\/\/blockp.io\/wp-content\/uploads\/2024\/07\/blockp-Logo.avif","width":512,"height":512,"caption":"BlockP"},"image":{"@id":"https:\/\/blockp.io\/#\/schema\/logo\/image\/"}}]}},"_links":{"self":[{"href":"https:\/\/blockp.io\/hr\/wp-json\/wp\/v2\/pages\/37527","targetHints":{"allow":["GET"]}}],"collection":[{"href":"https:\/\/blockp.io\/hr\/wp-json\/wp\/v2\/pages"}],"about":[{"href":"https:\/\/blockp.io\/hr\/wp-json\/wp\/v2\/types\/page"}],"author":[{"embeddable":true,"href":"https:\/\/blockp.io\/hr\/wp-json\/wp\/v2\/users\/10"}],"replies":[{"embeddable":true,"href":"https:\/\/blockp.io\/hr\/wp-json\/wp\/v2\/comments?post=37527"}],"version-history":[{"count":5,"href":"https:\/\/blockp.io\/hr\/wp-json\/wp\/v2\/pages\/37527\/revisions"}],"predecessor-version":[{"id":37567,"href":"https:\/\/blockp.io\/hr\/wp-json\/wp\/v2\/pages\/37527\/revisions\/37567"}],"wp:attachment":[{"href":"https:\/\/blockp.io\/hr\/wp-json\/wp\/v2\/media?parent=37527"}],"curies":[{"name":"wp","href":"https:\/\/api.w.org\/{rel}","templated":true}]}}