{"id":10343,"date":"2024-09-23T17:18:26","date_gmt":"2024-09-23T17:18:26","guid":{"rendered":"https:\/\/blockp.io\/data-deletion\/"},"modified":"2024-09-23T17:25:01","modified_gmt":"2024-09-23T17:25:01","slug":"data-deletion","status":"publish","type":"page","link":"https:\/\/blockp.io\/it\/data-deletion\/","title":{"rendered":"Data Deletion"},"content":{"rendered":"\t\t<div data-elementor-type=\"wp-page\" data-elementor-id=\"10343\" class=\"elementor elementor-10343 elementor-9800\" data-elementor-post-type=\"page\">\n\t\t\t\t\t\t<section class=\"elementor-section elementor-top-section elementor-element elementor-element-fac2de8 elementor-section-boxed elementor-section-height-default elementor-section-height-default wpr-particle-no wpr-jarallax-no wpr-parallax-no wpr-sticky-section-no wpr-equal-height-no\" data-id=\"fac2de8\" data-element_type=\"section\" data-e-type=\"section\">\n\t\t\t\t\t\t<div class=\"elementor-container elementor-column-gap-default\">\n\t\t\t\t\t<div class=\"elementor-column elementor-col-100 elementor-top-column elementor-element elementor-element-44d1710\" data-id=\"44d1710\" data-element_type=\"column\" data-e-type=\"column\">\n\t\t\t<div class=\"elementor-widget-wrap elementor-element-populated\">\n\t\t\t\t\t\t<div class=\"elementor-element elementor-element-2354e6b elementor-widget elementor-widget-heading\" data-id=\"2354e6b\" data-element_type=\"widget\" data-e-type=\"widget\" data-widget_type=\"heading.default\">\n\t\t\t\t\t<h1 class=\"elementor-heading-title elementor-size-default\">Elimina in modo sicuro i tuoi dati sull'app Android BlockP<\/h1>\t\t\t\t<\/div>\n\t\t\t\t\t<\/div>\n\t\t<\/div>\n\t\t\t\t\t<\/div>\n\t\t<\/section>\n\t\t\t\t<section class=\"elementor-section elementor-top-section elementor-element elementor-element-4a76043 elementor-section-boxed elementor-section-height-default elementor-section-height-default wpr-particle-no wpr-jarallax-no wpr-parallax-no wpr-sticky-section-no wpr-equal-height-no\" data-id=\"4a76043\" data-element_type=\"section\" data-e-type=\"section\">\n\t\t\t\t\t\t<div class=\"elementor-container elementor-column-gap-default\">\n\t\t\t\t\t<div class=\"elementor-column elementor-col-100 elementor-top-column elementor-element elementor-element-ee7a776\" data-id=\"ee7a776\" data-element_type=\"column\" data-e-type=\"column\">\n\t\t\t<div class=\"elementor-widget-wrap elementor-element-populated\">\n\t\t\t\t\t\t<div class=\"elementor-element elementor-element-f907970 elementor-widget elementor-widget-text-editor\" data-id=\"f907970\" data-element_type=\"widget\" data-e-type=\"widget\" data-widget_type=\"text-editor.default\">\n\t\t\t\t\t\t\t\t\t<p><strong>Introduzione<\/strong><\/p><p>Noi di BlockP diamo priorit\u00e0 alla tua privacy e alla sicurezza dei dati. Comprendiamo che potresti voler eliminare il tuo account e i dati associati dalla nostra app Android. Stai tranquillo, il processo \u00e8 semplice e progettato per garantire la sicurezza delle tue informazioni. Ecco una guida passo passo su come richiedere la cancellazione dei dati utente dall&#8217;app BlockP:<\/p><p><strong>Passaggio 1:<\/strong> avvia la richiesta di cancellazione dell&#8217;account<br \/>1. Apri l&#8217;app BlockP sul tuo dispositivo Android.<br \/>2. Passare alla sezione &#8220;Impostazioni&#8221; o &#8220;Account&#8221; dell&#8217;app.<\/p><p><strong>Passaggio 2:<\/strong> invia l&#8217;e-mail di richiesta di cancellazione dell&#8217;account<br \/>1. Nella sezione &#8220;Account&#8221;, individua l&#8217;opzione &#8220;Elimina il mio account&#8221;.<br \/>2. Tocca l&#8217;opzione per avviare il processo di cancellazione.<br \/>3. Una bozza di email si aprir\u00e0 nella tua applicazione di posta elettronica predefinita.<br \/>4. L&#8217;indirizzo email del destinatario sar\u00e0 gi\u00e0 popolato: Blockingsites123@gmail.com.<br \/>5. Sentiti libero di aggiungere qualsiasi informazione o contesto aggiuntivo all&#8217;e-mail, se lo desideri.<\/p><p><strong>Passaggio 3:<\/strong> conferma la tua richiesta<br \/>1. Ricontrolla di aver descritto accuratamente la tua intenzione di eliminare il tuo account e tutti i dati associati.<br \/>2. Invia l&#8217;e-mail a Blockingsites123@gmail.com.<\/p><p><strong>Passaggio 4:<\/strong> elaborazione della richiesta<br \/>1. Il nostro team tecnico esaminer\u00e0 la richiesta di cancellazione del tuo account.<br \/>2. Per motivi di sicurezza, potremmo contattarti via e-mail per verificare la tua identit\u00e0.<br \/>3. Una volta verificata la tua richiesta, il nostro team proceder\u00e0 con il processo di cancellazione dei dati.<\/p><p><strong>Passaggio 5:<\/strong> completamento dell&#8217;eliminazione<br \/>1. Il tuo account e i dati associati verranno eliminati definitivamente dal nostro database Firebase entro 4-5 giorni lavorativi dalla conferma della tua richiesta.<br \/>2. Ti avviseremo via e-mail una volta completato il processo.<\/p><p><strong>Conclusione:<\/strong><br \/>Noi di BlockP ci impegniamo a mantenere la sicurezza e la privacy dei tuoi dati. Il nostro processo user-friendly per l&#8217;eliminazione del tuo account garantisce che le tue informazioni siano gestite con la massima cura. Se hai domande o hai bisogno di assistenza durante tutto il processo di cancellazione dell&#8217;account, non esitare a contattare il nostro team di supporto su blockingsites123@gmail.com.<\/p><p>Si prega di notare che, mentre ci sforziamo di completare il processo entro 4-5 giorni lavorativi, circostanze impreviste possono occasionalmente causare lievi ritardi. Apprezziamo la vostra comprensione e vi ringraziamo per aver scelto BlockP per le vostre esigenze di gestione dei contenuti.<\/p>\t\t\t\t\t\t\t\t<\/div>\n\t\t\t\t\t<\/div>\n\t\t<\/div>\n\t\t\t\t\t<\/div>\n\t\t<\/section>\n\t\t\t\t<\/div>\n\t\t","protected":false},"excerpt":{"rendered":"<p>Elimina in modo sicuro i tuoi dati sull&#8217;app Android BlockP Introduzione Noi di BlockP diamo priorit\u00e0 alla tua privacy e alla sicurezza dei dati. Comprendiamo che potresti voler eliminare il tuo account e i dati associati dalla nostra app Android. Stai tranquillo, il processo \u00e8 semplice e progettato per garantire la sicurezza delle tue informazioni. Ecco una guida passo passo su come richiedere la cancellazione dei dati utente dall&#8217;app BlockP: Passaggio 1: avvia la richiesta di cancellazione dell&#8217;account1. Apri l&#8217;app BlockP sul tuo dispositivo Android.2. Passare alla sezione &#8220;Impostazioni&#8221; o &#8220;Account&#8221; dell&#8217;app. Passaggio 2: invia l&#8217;e-mail di richiesta di cancellazione dell&#8217;account1. Nella sezione &#8220;Account&#8221;, individua l&#8217;opzione &#8220;Elimina il mio account&#8221;.2. Tocca l&#8217;opzione per avviare il processo di cancellazione.3. Una bozza di email si aprir\u00e0 nella tua applicazione di posta elettronica predefinita.4. L&#8217;indirizzo email del destinatario sar\u00e0 gi\u00e0 popolato: Blockingsites123@gmail.com.5. Sentiti libero di aggiungere qualsiasi informazione o contesto aggiuntivo all&#8217;e-mail, se lo desideri. Passaggio 3: conferma la tua richiesta1. Ricontrolla di aver descritto accuratamente la tua intenzione di eliminare il tuo account e tutti i dati associati.2. Invia l&#8217;e-mail a Blockingsites123@gmail.com. Passaggio 4: elaborazione della richiesta1. Il nostro team tecnico esaminer\u00e0 la richiesta di cancellazione del tuo account.2. Per motivi di sicurezza, potremmo contattarti via e-mail per verificare la tua identit\u00e0.3. Una volta verificata la tua richiesta, il nostro team proceder\u00e0 con il processo di cancellazione dei dati. Passaggio 5: completamento dell&#8217;eliminazione1. Il tuo account e i dati associati verranno eliminati definitivamente dal nostro database Firebase entro 4-5 giorni lavorativi dalla conferma della tua richiesta.2. Ti avviseremo via e-mail una volta completato il processo. Conclusione:Noi di BlockP ci impegniamo a mantenere la sicurezza e la privacy dei tuoi dati. Il nostro processo user-friendly per l&#8217;eliminazione del tuo account garantisce che le tue informazioni siano gestite con la massima cura. Se hai domande o hai bisogno di assistenza durante tutto il processo di cancellazione dell&#8217;account, non esitare a contattare il nostro team di supporto su blockingsites123@gmail.com. Si prega di notare che, mentre ci sforziamo di completare il processo entro 4-5 giorni lavorativi, circostanze impreviste possono occasionalmente causare lievi ritardi. Apprezziamo la vostra comprensione e vi ringraziamo per aver scelto BlockP per le vostre esigenze di gestione dei contenuti.<\/p>\n","protected":false},"author":1,"featured_media":0,"parent":0,"menu_order":0,"comment_status":"closed","ping_status":"closed","template":"","meta":{"site-sidebar-layout":"no-sidebar","site-content-layout":"","ast-site-content-layout":"full-width-container","site-content-style":"default","site-sidebar-style":"default","ast-global-header-display":"","ast-banner-title-visibility":"","ast-main-header-display":"","ast-hfb-above-header-display":"","ast-hfb-below-header-display":"","ast-hfb-mobile-header-display":"","site-post-title":"disabled","ast-breadcrumbs-content":"","ast-featured-img":"disabled","footer-sml-layout":"","ast-disable-related-posts":"","theme-transparent-header-meta":"default","adv-header-id-meta":"","stick-header-meta":"","header-above-stick-meta":"","header-main-stick-meta":"","header-below-stick-meta":"","astra-migrate-meta-layouts":"default","ast-page-background-enabled":"default","ast-page-background-meta":{"desktop":{"background-color":"var(--ast-global-color-4)","background-image":"","background-repeat":"repeat","background-position":"center center","background-size":"auto","background-attachment":"scroll","background-type":"","background-media":"","overlay-type":"","overlay-color":"","overlay-opacity":"","overlay-gradient":""},"tablet":{"background-color":"","background-image":"","background-repeat":"repeat","background-position":"center center","background-size":"auto","background-attachment":"scroll","background-type":"","background-media":"","overlay-type":"","overlay-color":"","overlay-opacity":"","overlay-gradient":""},"mobile":{"background-color":"","background-image":"","background-repeat":"repeat","background-position":"center center","background-size":"auto","background-attachment":"scroll","background-type":"","background-media":"","overlay-type":"","overlay-color":"","overlay-opacity":"","overlay-gradient":""}},"ast-content-background-meta":{"desktop":{"background-color":"var(--ast-global-color-5)","background-image":"","background-repeat":"repeat","background-position":"center center","background-size":"auto","background-attachment":"scroll","background-type":"","background-media":"","overlay-type":"","overlay-color":"","overlay-opacity":"","overlay-gradient":""},"tablet":{"background-color":"var(--ast-global-color-5)","background-image":"","background-repeat":"repeat","background-position":"center center","background-size":"auto","background-attachment":"scroll","background-type":"","background-media":"","overlay-type":"","overlay-color":"","overlay-opacity":"","overlay-gradient":""},"mobile":{"background-color":"var(--ast-global-color-5)","background-image":"","background-repeat":"repeat","background-position":"center center","background-size":"auto","background-attachment":"scroll","background-type":"","background-media":"","overlay-type":"","overlay-color":"","overlay-opacity":"","overlay-gradient":""}},"footnotes":""},"class_list":["post-10343","page","type-page","status-publish","hentry"],"yoast_head":"<!-- This site is optimized with the Yoast SEO plugin v27.5 - https:\/\/yoast.com\/product\/yoast-seo-wordpress\/ -->\n<title>Data Deletion - BlockP<\/title>\n<meta name=\"robots\" content=\"index, follow, max-snippet:-1, max-image-preview:large, max-video-preview:-1\" \/>\n<link rel=\"canonical\" href=\"https:\/\/blockp.io\/it\/data-deletion\/\" \/>\n<meta property=\"og:locale\" content=\"it_IT\" \/>\n<meta property=\"og:type\" content=\"article\" \/>\n<meta property=\"og:title\" content=\"Data Deletion - BlockP\" \/>\n<meta property=\"og:description\" content=\"Elimina in modo sicuro i tuoi dati sull&#8217;app Android BlockP Introduzione Noi di BlockP diamo priorit\u00e0 alla tua privacy e alla sicurezza dei dati. Comprendiamo che potresti voler eliminare il tuo account e i dati associati dalla nostra app Android. Stai tranquillo, il processo \u00e8 semplice e progettato per garantire la sicurezza delle tue informazioni. Ecco una guida passo passo su come richiedere la cancellazione dei dati utente dall&#8217;app BlockP: Passaggio 1: avvia la richiesta di cancellazione dell&#8217;account1. Apri l&#8217;app BlockP sul tuo dispositivo Android.2. Passare alla sezione &#8220;Impostazioni&#8221; o &#8220;Account&#8221; dell&#8217;app. Passaggio 2: invia l&#8217;e-mail di richiesta di cancellazione dell&#8217;account1. Nella sezione &#8220;Account&#8221;, individua l&#8217;opzione &#8220;Elimina il mio account&#8221;.2. Tocca l&#8217;opzione per avviare il processo di cancellazione.3. Una bozza di email si aprir\u00e0 nella tua applicazione di posta elettronica predefinita.4. L&#8217;indirizzo email del destinatario sar\u00e0 gi\u00e0 popolato: Blockingsites123@gmail.com.5. Sentiti libero di aggiungere qualsiasi informazione o contesto aggiuntivo all&#8217;e-mail, se lo desideri. Passaggio 3: conferma la tua richiesta1. Ricontrolla di aver descritto accuratamente la tua intenzione di eliminare il tuo account e tutti i dati associati.2. Invia l&#8217;e-mail a Blockingsites123@gmail.com. Passaggio 4: elaborazione della richiesta1. Il nostro team tecnico esaminer\u00e0 la richiesta di cancellazione del tuo account.2. Per motivi di sicurezza, potremmo contattarti via e-mail per verificare la tua identit\u00e0.3. Una volta verificata la tua richiesta, il nostro team proceder\u00e0 con il processo di cancellazione dei dati. Passaggio 5: completamento dell&#8217;eliminazione1. Il tuo account e i dati associati verranno eliminati definitivamente dal nostro database Firebase entro 4-5 giorni lavorativi dalla conferma della tua richiesta.2. Ti avviseremo via e-mail una volta completato il processo. Conclusione:Noi di BlockP ci impegniamo a mantenere la sicurezza e la privacy dei tuoi dati. Il nostro processo user-friendly per l&#8217;eliminazione del tuo account garantisce che le tue informazioni siano gestite con la massima cura. Se hai domande o hai bisogno di assistenza durante tutto il processo di cancellazione dell&#8217;account, non esitare a contattare il nostro team di supporto su blockingsites123@gmail.com. Si prega di notare che, mentre ci sforziamo di completare il processo entro 4-5 giorni lavorativi, circostanze impreviste possono occasionalmente causare lievi ritardi. Apprezziamo la vostra comprensione e vi ringraziamo per aver scelto BlockP per le vostre esigenze di gestione dei contenuti.\" \/>\n<meta property=\"og:url\" content=\"https:\/\/blockp.io\/it\/data-deletion\/\" \/>\n<meta property=\"og:site_name\" content=\"BlockP\" \/>\n<meta property=\"article:modified_time\" content=\"2024-09-23T17:25:01+00:00\" \/>\n<meta name=\"twitter:card\" content=\"summary_large_image\" \/>\n<meta name=\"twitter:label1\" content=\"Tempo di lettura stimato\" \/>\n\t<meta name=\"twitter:data1\" content=\"2 minuti\" \/>\n<script type=\"application\/ld+json\" class=\"yoast-schema-graph\">{\"@context\":\"https:\\\/\\\/schema.org\",\"@graph\":[{\"@type\":\"WebPage\",\"@id\":\"https:\\\/\\\/blockp.io\\\/it\\\/data-deletion\\\/\",\"url\":\"https:\\\/\\\/blockp.io\\\/it\\\/data-deletion\\\/\",\"name\":\"Data Deletion - BlockP\",\"isPartOf\":{\"@id\":\"https:\\\/\\\/blockp.io\\\/#website\"},\"datePublished\":\"2024-09-23T17:18:26+00:00\",\"dateModified\":\"2024-09-23T17:25:01+00:00\",\"breadcrumb\":{\"@id\":\"https:\\\/\\\/blockp.io\\\/it\\\/data-deletion\\\/#breadcrumb\"},\"inLanguage\":\"it-IT\",\"potentialAction\":[{\"@type\":\"ReadAction\",\"target\":[\"https:\\\/\\\/blockp.io\\\/it\\\/data-deletion\\\/\"]}]},{\"@type\":\"BreadcrumbList\",\"@id\":\"https:\\\/\\\/blockp.io\\\/it\\\/data-deletion\\\/#breadcrumb\",\"itemListElement\":[{\"@type\":\"ListItem\",\"position\":1,\"name\":\"Home\",\"item\":\"https:\\\/\\\/blockp.io\\\/\"},{\"@type\":\"ListItem\",\"position\":2,\"name\":\"Data Deletion\"}]},{\"@type\":\"WebSite\",\"@id\":\"https:\\\/\\\/blockp.io\\\/#website\",\"url\":\"https:\\\/\\\/blockp.io\\\/\",\"name\":\"BlockP\",\"description\":\"Best Porn Blocker\",\"publisher\":{\"@id\":\"https:\\\/\\\/blockp.io\\\/#organization\"},\"alternateName\":\"BlockP\",\"potentialAction\":[{\"@type\":\"SearchAction\",\"target\":{\"@type\":\"EntryPoint\",\"urlTemplate\":\"https:\\\/\\\/blockp.io\\\/?s={search_term_string}\"},\"query-input\":{\"@type\":\"PropertyValueSpecification\",\"valueRequired\":true,\"valueName\":\"search_term_string\"}}],\"inLanguage\":\"it-IT\"},{\"@type\":\"Organization\",\"@id\":\"https:\\\/\\\/blockp.io\\\/#organization\",\"name\":\"BlockP\",\"alternateName\":\"BlockP\",\"url\":\"https:\\\/\\\/blockp.io\\\/\",\"logo\":{\"@type\":\"ImageObject\",\"inLanguage\":\"it-IT\",\"@id\":\"https:\\\/\\\/blockp.io\\\/#\\\/schema\\\/logo\\\/image\\\/\",\"url\":\"https:\\\/\\\/blockp.io\\\/wp-content\\\/uploads\\\/2024\\\/07\\\/blockp-Logo.avif\",\"contentUrl\":\"https:\\\/\\\/blockp.io\\\/wp-content\\\/uploads\\\/2024\\\/07\\\/blockp-Logo.avif\",\"width\":512,\"height\":512,\"caption\":\"BlockP\"},\"image\":{\"@id\":\"https:\\\/\\\/blockp.io\\\/#\\\/schema\\\/logo\\\/image\\\/\"}}]}<\/script>\n<!-- \/ Yoast SEO plugin. -->","yoast_head_json":{"title":"Data Deletion - BlockP","robots":{"index":"index","follow":"follow","max-snippet":"max-snippet:-1","max-image-preview":"max-image-preview:large","max-video-preview":"max-video-preview:-1"},"canonical":"https:\/\/blockp.io\/it\/data-deletion\/","og_locale":"it_IT","og_type":"article","og_title":"Data Deletion - BlockP","og_description":"Elimina in modo sicuro i tuoi dati sull&#8217;app Android BlockP Introduzione Noi di BlockP diamo priorit\u00e0 alla tua privacy e alla sicurezza dei dati. Comprendiamo che potresti voler eliminare il tuo account e i dati associati dalla nostra app Android. Stai tranquillo, il processo \u00e8 semplice e progettato per garantire la sicurezza delle tue informazioni. Ecco una guida passo passo su come richiedere la cancellazione dei dati utente dall&#8217;app BlockP: Passaggio 1: avvia la richiesta di cancellazione dell&#8217;account1. Apri l&#8217;app BlockP sul tuo dispositivo Android.2. Passare alla sezione &#8220;Impostazioni&#8221; o &#8220;Account&#8221; dell&#8217;app. Passaggio 2: invia l&#8217;e-mail di richiesta di cancellazione dell&#8217;account1. Nella sezione &#8220;Account&#8221;, individua l&#8217;opzione &#8220;Elimina il mio account&#8221;.2. Tocca l&#8217;opzione per avviare il processo di cancellazione.3. Una bozza di email si aprir\u00e0 nella tua applicazione di posta elettronica predefinita.4. L&#8217;indirizzo email del destinatario sar\u00e0 gi\u00e0 popolato: Blockingsites123@gmail.com.5. Sentiti libero di aggiungere qualsiasi informazione o contesto aggiuntivo all&#8217;e-mail, se lo desideri. Passaggio 3: conferma la tua richiesta1. Ricontrolla di aver descritto accuratamente la tua intenzione di eliminare il tuo account e tutti i dati associati.2. Invia l&#8217;e-mail a Blockingsites123@gmail.com. Passaggio 4: elaborazione della richiesta1. Il nostro team tecnico esaminer\u00e0 la richiesta di cancellazione del tuo account.2. Per motivi di sicurezza, potremmo contattarti via e-mail per verificare la tua identit\u00e0.3. Una volta verificata la tua richiesta, il nostro team proceder\u00e0 con il processo di cancellazione dei dati. Passaggio 5: completamento dell&#8217;eliminazione1. Il tuo account e i dati associati verranno eliminati definitivamente dal nostro database Firebase entro 4-5 giorni lavorativi dalla conferma della tua richiesta.2. Ti avviseremo via e-mail una volta completato il processo. Conclusione:Noi di BlockP ci impegniamo a mantenere la sicurezza e la privacy dei tuoi dati. Il nostro processo user-friendly per l&#8217;eliminazione del tuo account garantisce che le tue informazioni siano gestite con la massima cura. Se hai domande o hai bisogno di assistenza durante tutto il processo di cancellazione dell&#8217;account, non esitare a contattare il nostro team di supporto su blockingsites123@gmail.com. Si prega di notare che, mentre ci sforziamo di completare il processo entro 4-5 giorni lavorativi, circostanze impreviste possono occasionalmente causare lievi ritardi. Apprezziamo la vostra comprensione e vi ringraziamo per aver scelto BlockP per le vostre esigenze di gestione dei contenuti.","og_url":"https:\/\/blockp.io\/it\/data-deletion\/","og_site_name":"BlockP","article_modified_time":"2024-09-23T17:25:01+00:00","twitter_card":"summary_large_image","twitter_misc":{"Tempo di lettura stimato":"2 minuti"},"schema":{"@context":"https:\/\/schema.org","@graph":[{"@type":"WebPage","@id":"https:\/\/blockp.io\/it\/data-deletion\/","url":"https:\/\/blockp.io\/it\/data-deletion\/","name":"Data Deletion - BlockP","isPartOf":{"@id":"https:\/\/blockp.io\/#website"},"datePublished":"2024-09-23T17:18:26+00:00","dateModified":"2024-09-23T17:25:01+00:00","breadcrumb":{"@id":"https:\/\/blockp.io\/it\/data-deletion\/#breadcrumb"},"inLanguage":"it-IT","potentialAction":[{"@type":"ReadAction","target":["https:\/\/blockp.io\/it\/data-deletion\/"]}]},{"@type":"BreadcrumbList","@id":"https:\/\/blockp.io\/it\/data-deletion\/#breadcrumb","itemListElement":[{"@type":"ListItem","position":1,"name":"Home","item":"https:\/\/blockp.io\/"},{"@type":"ListItem","position":2,"name":"Data Deletion"}]},{"@type":"WebSite","@id":"https:\/\/blockp.io\/#website","url":"https:\/\/blockp.io\/","name":"BlockP","description":"Best Porn Blocker","publisher":{"@id":"https:\/\/blockp.io\/#organization"},"alternateName":"BlockP","potentialAction":[{"@type":"SearchAction","target":{"@type":"EntryPoint","urlTemplate":"https:\/\/blockp.io\/?s={search_term_string}"},"query-input":{"@type":"PropertyValueSpecification","valueRequired":true,"valueName":"search_term_string"}}],"inLanguage":"it-IT"},{"@type":"Organization","@id":"https:\/\/blockp.io\/#organization","name":"BlockP","alternateName":"BlockP","url":"https:\/\/blockp.io\/","logo":{"@type":"ImageObject","inLanguage":"it-IT","@id":"https:\/\/blockp.io\/#\/schema\/logo\/image\/","url":"https:\/\/blockp.io\/wp-content\/uploads\/2024\/07\/blockp-Logo.avif","contentUrl":"https:\/\/blockp.io\/wp-content\/uploads\/2024\/07\/blockp-Logo.avif","width":512,"height":512,"caption":"BlockP"},"image":{"@id":"https:\/\/blockp.io\/#\/schema\/logo\/image\/"}}]}},"_links":{"self":[{"href":"https:\/\/blockp.io\/it\/wp-json\/wp\/v2\/pages\/10343","targetHints":{"allow":["GET"]}}],"collection":[{"href":"https:\/\/blockp.io\/it\/wp-json\/wp\/v2\/pages"}],"about":[{"href":"https:\/\/blockp.io\/it\/wp-json\/wp\/v2\/types\/page"}],"author":[{"embeddable":true,"href":"https:\/\/blockp.io\/it\/wp-json\/wp\/v2\/users\/1"}],"replies":[{"embeddable":true,"href":"https:\/\/blockp.io\/it\/wp-json\/wp\/v2\/comments?post=10343"}],"version-history":[{"count":0,"href":"https:\/\/blockp.io\/it\/wp-json\/wp\/v2\/pages\/10343\/revisions"}],"wp:attachment":[{"href":"https:\/\/blockp.io\/it\/wp-json\/wp\/v2\/media?parent=10343"}],"curies":[{"name":"wp","href":"https:\/\/api.w.org\/{rel}","templated":true}]}}