{"id":10360,"date":"2024-09-23T17:32:05","date_gmt":"2024-09-23T17:32:05","guid":{"rendered":"https:\/\/blockp.io\/data-deletion\/"},"modified":"2024-09-23T17:34:23","modified_gmt":"2024-09-23T17:34:23","slug":"data-deletion","status":"publish","type":"page","link":"https:\/\/blockp.io\/pt-br\/data-deletion\/","title":{"rendered":"Data Deletion"},"content":{"rendered":"\t\t<div data-elementor-type=\"wp-page\" data-elementor-id=\"10360\" class=\"elementor elementor-10360 elementor-9800\" data-elementor-post-type=\"page\">\n\t\t\t\t\t\t<section class=\"elementor-section elementor-top-section elementor-element elementor-element-fac2de8 elementor-section-boxed elementor-section-height-default elementor-section-height-default wpr-particle-no wpr-jarallax-no wpr-parallax-no wpr-sticky-section-no wpr-equal-height-no\" data-id=\"fac2de8\" data-element_type=\"section\" data-e-type=\"section\">\n\t\t\t\t\t\t<div class=\"elementor-container elementor-column-gap-default\">\n\t\t\t\t\t<div class=\"elementor-column elementor-col-100 elementor-top-column elementor-element elementor-element-44d1710\" data-id=\"44d1710\" data-element_type=\"column\" data-e-type=\"column\">\n\t\t\t<div class=\"elementor-widget-wrap elementor-element-populated\">\n\t\t\t\t\t\t<div class=\"elementor-element elementor-element-2354e6b elementor-widget elementor-widget-heading\" data-id=\"2354e6b\" data-element_type=\"widget\" data-e-type=\"widget\" data-widget_type=\"heading.default\">\n\t\t\t\t\t<h1 class=\"elementor-heading-title elementor-size-default\">Exclua seus dados com seguran\u00e7a no aplicativo BlockP para Android<\/h1>\t\t\t\t<\/div>\n\t\t\t\t\t<\/div>\n\t\t<\/div>\n\t\t\t\t\t<\/div>\n\t\t<\/section>\n\t\t\t\t<section class=\"elementor-section elementor-top-section elementor-element elementor-element-4a76043 elementor-section-boxed elementor-section-height-default elementor-section-height-default wpr-particle-no wpr-jarallax-no wpr-parallax-no wpr-sticky-section-no wpr-equal-height-no\" data-id=\"4a76043\" data-element_type=\"section\" data-e-type=\"section\">\n\t\t\t\t\t\t<div class=\"elementor-container elementor-column-gap-default\">\n\t\t\t\t\t<div class=\"elementor-column elementor-col-100 elementor-top-column elementor-element elementor-element-ee7a776\" data-id=\"ee7a776\" data-element_type=\"column\" data-e-type=\"column\">\n\t\t\t<div class=\"elementor-widget-wrap elementor-element-populated\">\n\t\t\t\t\t\t<div class=\"elementor-element elementor-element-f907970 elementor-widget elementor-widget-text-editor\" data-id=\"f907970\" data-element_type=\"widget\" data-e-type=\"widget\" data-widget_type=\"text-editor.default\">\n\t\t\t\t\t\t\t\t\t<p><strong>Introdu\u00e7\u00e3o<\/strong><\/p><p>No BlockP, priorizamos sua privacidade e seguran\u00e7a de dados. Entendemos que talvez voc\u00ea queira excluir sua conta e os dados associados do nosso aplicativo para Android. Fique tranquilo, pois o processo \u00e9 simples e foi projetado para garantir a seguran\u00e7a de suas informa\u00e7\u00f5es. Aqui est\u00e1 um guia passo a passo sobre como solicitar a exclus\u00e3o de seus dados de usu\u00e1rio do aplicativo BlockP:<\/p><p><strong>Etapa 1:<\/strong> Iniciar a solicita\u00e7\u00e3o de exclus\u00e3o da conta<br \/>1. Abra o aplicativo BlockP em seu dispositivo Android.<br \/>2. Navegue at\u00e9 a se\u00e7\u00e3o \u201cSettings\u201d (Configura\u00e7\u00f5es) ou \u201cAccount\u201d (Conta) do aplicativo.<\/p><p><strong>Etapa 2:<\/strong> Enviar e-mail de solicita\u00e7\u00e3o de exclus\u00e3o de conta<br \/>1. Na se\u00e7\u00e3o \u201cAccount\u201d (Conta), localize a op\u00e7\u00e3o \u201cDelete My Account\u201d (Excluir minha conta).<br \/>2. Toque na op\u00e7\u00e3o para iniciar o processo de exclus\u00e3o.<br \/>3. Um rascunho de e-mail ser\u00e1 aberto em seu aplicativo de e-mail padr\u00e3o.<br \/>4. O endere\u00e7o de e-mail do destinat\u00e1rio j\u00e1 estar\u00e1 preenchido: Blockingsites123@gmail.com.<br \/>5. Sinta-se \u00e0 vontade para acrescentar qualquer informa\u00e7\u00e3o ou contexto adicional ao e-mail, se desejar.<\/p><p><strong>Etapa 3:<\/strong> Confirmar sua solicita\u00e7\u00e3o<br \/>1. Verifique novamente se voc\u00ea descreveu com precis\u00e3o sua inten\u00e7\u00e3o de excluir sua conta e todos os dados associados.<br \/>2. Envie o e-mail para Blockingsites123@gmail.com.<\/p><p><strong>Etapa 4:<\/strong> Processamento da solicita\u00e7\u00e3o<br \/>1. Nossa equipe t\u00e9cnica analisar\u00e1 sua solicita\u00e7\u00e3o de exclus\u00e3o de conta.<br \/>2. Por motivos de seguran\u00e7a, poderemos entrar em contato com voc\u00ea por e-mail para verificar sua identidade.<br \/>3. Depois que sua solicita\u00e7\u00e3o for verificada, nossa equipe prosseguir\u00e1 com o processo de exclus\u00e3o de dados.<\/p><p><strong>Etapa 5:<\/strong> Conclus\u00e3o da exclus\u00e3o<br \/>1. Sua conta e os dados associados ser\u00e3o permanentemente exclu\u00eddos do nosso banco de dados do Firebase dentro de 4 a 5 dias \u00fateis a partir da confirma\u00e7\u00e3o da sua solicita\u00e7\u00e3o.<br \/>2. N\u00f3s o notificaremos por e-mail assim que o processo for conclu\u00eddo.<\/p><p><strong>Conclus\u00e3o:<\/strong><br \/>No BlockP, temos o compromisso de manter a seguran\u00e7a e a privacidade de seus dados. Nosso processo f\u00e1cil de usar para excluir sua conta garante que suas informa\u00e7\u00f5es sejam tratadas com o m\u00e1ximo cuidado. Se tiver alguma d\u00favida ou precisar de ajuda durante o processo de exclus\u00e3o da conta, entre em contato com nossa equipe de suporte pelo e-mail blockingsites123@gmail.com.<\/p><p>Observe que, embora nos esforcemos para concluir o processo dentro de 4 a 5 dias \u00fateis, circunst\u00e2ncias imprevistas podem ocasionalmente causar pequenos atrasos. Agradecemos sua compreens\u00e3o e por ter escolhido o BlockP para suas necessidades de gerenciamento de conte\u00fado.<\/p>\t\t\t\t\t\t\t\t<\/div>\n\t\t\t\t\t<\/div>\n\t\t<\/div>\n\t\t\t\t\t<\/div>\n\t\t<\/section>\n\t\t\t\t<\/div>\n\t\t","protected":false},"excerpt":{"rendered":"<p>Exclua seus dados com seguran\u00e7a no aplicativo BlockP para Android Introdu\u00e7\u00e3o No BlockP, priorizamos sua privacidade e seguran\u00e7a de dados. Entendemos que talvez voc\u00ea queira excluir sua conta e os dados associados do nosso aplicativo para Android. Fique tranquilo, pois o processo \u00e9 simples e foi projetado para garantir a seguran\u00e7a de suas informa\u00e7\u00f5es. Aqui est\u00e1 um guia passo a passo sobre como solicitar a exclus\u00e3o de seus dados de usu\u00e1rio do aplicativo BlockP: Etapa 1: Iniciar a solicita\u00e7\u00e3o de exclus\u00e3o da conta1. Abra o aplicativo BlockP em seu dispositivo Android.2. Navegue at\u00e9 a se\u00e7\u00e3o \u201cSettings\u201d (Configura\u00e7\u00f5es) ou \u201cAccount\u201d (Conta) do aplicativo. Etapa 2: Enviar e-mail de solicita\u00e7\u00e3o de exclus\u00e3o de conta1. Na se\u00e7\u00e3o \u201cAccount\u201d (Conta), localize a op\u00e7\u00e3o \u201cDelete My Account\u201d (Excluir minha conta).2. Toque na op\u00e7\u00e3o para iniciar o processo de exclus\u00e3o.3. Um rascunho de e-mail ser\u00e1 aberto em seu aplicativo de e-mail padr\u00e3o.4. O endere\u00e7o de e-mail do destinat\u00e1rio j\u00e1 estar\u00e1 preenchido: Blockingsites123@gmail.com.5. Sinta-se \u00e0 vontade para acrescentar qualquer informa\u00e7\u00e3o ou contexto adicional ao e-mail, se desejar. Etapa 3: Confirmar sua solicita\u00e7\u00e3o1. Verifique novamente se voc\u00ea descreveu com precis\u00e3o sua inten\u00e7\u00e3o de excluir sua conta e todos os dados associados.2. Envie o e-mail para Blockingsites123@gmail.com. Etapa 4: Processamento da solicita\u00e7\u00e3o1. Nossa equipe t\u00e9cnica analisar\u00e1 sua solicita\u00e7\u00e3o de exclus\u00e3o de conta.2. Por motivos de seguran\u00e7a, poderemos entrar em contato com voc\u00ea por e-mail para verificar sua identidade.3. Depois que sua solicita\u00e7\u00e3o for verificada, nossa equipe prosseguir\u00e1 com o processo de exclus\u00e3o de dados. Etapa 5: Conclus\u00e3o da exclus\u00e3o1. Sua conta e os dados associados ser\u00e3o permanentemente exclu\u00eddos do nosso banco de dados do Firebase dentro de 4 a 5 dias \u00fateis a partir da confirma\u00e7\u00e3o da sua solicita\u00e7\u00e3o.2. N\u00f3s o notificaremos por e-mail assim que o processo for conclu\u00eddo. Conclus\u00e3o:No BlockP, temos o compromisso de manter a seguran\u00e7a e a privacidade de seus dados. Nosso processo f\u00e1cil de usar para excluir sua conta garante que suas informa\u00e7\u00f5es sejam tratadas com o m\u00e1ximo cuidado. Se tiver alguma d\u00favida ou precisar de ajuda durante o processo de exclus\u00e3o da conta, entre em contato com nossa equipe de suporte pelo e-mail blockingsites123@gmail.com. Observe que, embora nos esforcemos para concluir o processo dentro de 4 a 5 dias \u00fateis, circunst\u00e2ncias imprevistas podem ocasionalmente causar pequenos atrasos. Agradecemos sua compreens\u00e3o e por ter escolhido o BlockP para suas necessidades de gerenciamento de conte\u00fado.<\/p>\n","protected":false},"author":1,"featured_media":0,"parent":0,"menu_order":0,"comment_status":"closed","ping_status":"closed","template":"","meta":{"site-sidebar-layout":"no-sidebar","site-content-layout":"","ast-site-content-layout":"full-width-container","site-content-style":"default","site-sidebar-style":"default","ast-global-header-display":"","ast-banner-title-visibility":"","ast-main-header-display":"","ast-hfb-above-header-display":"","ast-hfb-below-header-display":"","ast-hfb-mobile-header-display":"","site-post-title":"disabled","ast-breadcrumbs-content":"","ast-featured-img":"disabled","footer-sml-layout":"","ast-disable-related-posts":"","theme-transparent-header-meta":"default","adv-header-id-meta":"","stick-header-meta":"","header-above-stick-meta":"","header-main-stick-meta":"","header-below-stick-meta":"","astra-migrate-meta-layouts":"default","ast-page-background-enabled":"default","ast-page-background-meta":{"desktop":{"background-color":"var(--ast-global-color-4)","background-image":"","background-repeat":"repeat","background-position":"center center","background-size":"auto","background-attachment":"scroll","background-type":"","background-media":"","overlay-type":"","overlay-color":"","overlay-opacity":"","overlay-gradient":""},"tablet":{"background-color":"","background-image":"","background-repeat":"repeat","background-position":"center center","background-size":"auto","background-attachment":"scroll","background-type":"","background-media":"","overlay-type":"","overlay-color":"","overlay-opacity":"","overlay-gradient":""},"mobile":{"background-color":"","background-image":"","background-repeat":"repeat","background-position":"center center","background-size":"auto","background-attachment":"scroll","background-type":"","background-media":"","overlay-type":"","overlay-color":"","overlay-opacity":"","overlay-gradient":""}},"ast-content-background-meta":{"desktop":{"background-color":"var(--ast-global-color-5)","background-image":"","background-repeat":"repeat","background-position":"center center","background-size":"auto","background-attachment":"scroll","background-type":"","background-media":"","overlay-type":"","overlay-color":"","overlay-opacity":"","overlay-gradient":""},"tablet":{"background-color":"var(--ast-global-color-5)","background-image":"","background-repeat":"repeat","background-position":"center center","background-size":"auto","background-attachment":"scroll","background-type":"","background-media":"","overlay-type":"","overlay-color":"","overlay-opacity":"","overlay-gradient":""},"mobile":{"background-color":"var(--ast-global-color-5)","background-image":"","background-repeat":"repeat","background-position":"center center","background-size":"auto","background-attachment":"scroll","background-type":"","background-media":"","overlay-type":"","overlay-color":"","overlay-opacity":"","overlay-gradient":""}},"footnotes":""},"class_list":["post-10360","page","type-page","status-publish","hentry"],"yoast_head":"<!-- This site is optimized with the Yoast SEO plugin v27.5 - https:\/\/yoast.com\/product\/yoast-seo-wordpress\/ -->\n<title>Data Deletion - BlockP<\/title>\n<meta name=\"robots\" content=\"index, follow, max-snippet:-1, max-image-preview:large, max-video-preview:-1\" \/>\n<link rel=\"canonical\" href=\"https:\/\/blockp.io\/pt-br\/data-deletion\/\" \/>\n<meta property=\"og:locale\" content=\"pt_BR\" \/>\n<meta property=\"og:type\" content=\"article\" \/>\n<meta property=\"og:title\" content=\"Data Deletion - BlockP\" \/>\n<meta property=\"og:description\" content=\"Exclua seus dados com seguran\u00e7a no aplicativo BlockP para Android Introdu\u00e7\u00e3o No BlockP, priorizamos sua privacidade e seguran\u00e7a de dados. Entendemos que talvez voc\u00ea queira excluir sua conta e os dados associados do nosso aplicativo para Android. Fique tranquilo, pois o processo \u00e9 simples e foi projetado para garantir a seguran\u00e7a de suas informa\u00e7\u00f5es. Aqui est\u00e1 um guia passo a passo sobre como solicitar a exclus\u00e3o de seus dados de usu\u00e1rio do aplicativo BlockP: Etapa 1: Iniciar a solicita\u00e7\u00e3o de exclus\u00e3o da conta1. Abra o aplicativo BlockP em seu dispositivo Android.2. Navegue at\u00e9 a se\u00e7\u00e3o \u201cSettings\u201d (Configura\u00e7\u00f5es) ou \u201cAccount\u201d (Conta) do aplicativo. Etapa 2: Enviar e-mail de solicita\u00e7\u00e3o de exclus\u00e3o de conta1. Na se\u00e7\u00e3o \u201cAccount\u201d (Conta), localize a op\u00e7\u00e3o \u201cDelete My Account\u201d (Excluir minha conta).2. Toque na op\u00e7\u00e3o para iniciar o processo de exclus\u00e3o.3. Um rascunho de e-mail ser\u00e1 aberto em seu aplicativo de e-mail padr\u00e3o.4. O endere\u00e7o de e-mail do destinat\u00e1rio j\u00e1 estar\u00e1 preenchido: Blockingsites123@gmail.com.5. Sinta-se \u00e0 vontade para acrescentar qualquer informa\u00e7\u00e3o ou contexto adicional ao e-mail, se desejar. Etapa 3: Confirmar sua solicita\u00e7\u00e3o1. Verifique novamente se voc\u00ea descreveu com precis\u00e3o sua inten\u00e7\u00e3o de excluir sua conta e todos os dados associados.2. Envie o e-mail para Blockingsites123@gmail.com. Etapa 4: Processamento da solicita\u00e7\u00e3o1. Nossa equipe t\u00e9cnica analisar\u00e1 sua solicita\u00e7\u00e3o de exclus\u00e3o de conta.2. Por motivos de seguran\u00e7a, poderemos entrar em contato com voc\u00ea por e-mail para verificar sua identidade.3. Depois que sua solicita\u00e7\u00e3o for verificada, nossa equipe prosseguir\u00e1 com o processo de exclus\u00e3o de dados. Etapa 5: Conclus\u00e3o da exclus\u00e3o1. Sua conta e os dados associados ser\u00e3o permanentemente exclu\u00eddos do nosso banco de dados do Firebase dentro de 4 a 5 dias \u00fateis a partir da confirma\u00e7\u00e3o da sua solicita\u00e7\u00e3o.2. N\u00f3s o notificaremos por e-mail assim que o processo for conclu\u00eddo. Conclus\u00e3o:No BlockP, temos o compromisso de manter a seguran\u00e7a e a privacidade de seus dados. Nosso processo f\u00e1cil de usar para excluir sua conta garante que suas informa\u00e7\u00f5es sejam tratadas com o m\u00e1ximo cuidado. Se tiver alguma d\u00favida ou precisar de ajuda durante o processo de exclus\u00e3o da conta, entre em contato com nossa equipe de suporte pelo e-mail blockingsites123@gmail.com. Observe que, embora nos esforcemos para concluir o processo dentro de 4 a 5 dias \u00fateis, circunst\u00e2ncias imprevistas podem ocasionalmente causar pequenos atrasos. Agradecemos sua compreens\u00e3o e por ter escolhido o BlockP para suas necessidades de gerenciamento de conte\u00fado.\" \/>\n<meta property=\"og:url\" content=\"https:\/\/blockp.io\/pt-br\/data-deletion\/\" \/>\n<meta property=\"og:site_name\" content=\"BlockP\" \/>\n<meta property=\"article:modified_time\" content=\"2024-09-23T17:34:23+00:00\" \/>\n<meta name=\"twitter:card\" content=\"summary_large_image\" \/>\n<meta name=\"twitter:label1\" content=\"Est. tempo de leitura\" \/>\n\t<meta name=\"twitter:data1\" content=\"2 minutos\" \/>\n<script type=\"application\/ld+json\" class=\"yoast-schema-graph\">{\"@context\":\"https:\\\/\\\/schema.org\",\"@graph\":[{\"@type\":\"WebPage\",\"@id\":\"https:\\\/\\\/blockp.io\\\/pt-br\\\/data-deletion\\\/\",\"url\":\"https:\\\/\\\/blockp.io\\\/pt-br\\\/data-deletion\\\/\",\"name\":\"Data Deletion - BlockP\",\"isPartOf\":{\"@id\":\"https:\\\/\\\/blockp.io\\\/#website\"},\"datePublished\":\"2024-09-23T17:32:05+00:00\",\"dateModified\":\"2024-09-23T17:34:23+00:00\",\"breadcrumb\":{\"@id\":\"https:\\\/\\\/blockp.io\\\/pt-br\\\/data-deletion\\\/#breadcrumb\"},\"inLanguage\":\"pt-BR\",\"potentialAction\":[{\"@type\":\"ReadAction\",\"target\":[\"https:\\\/\\\/blockp.io\\\/pt-br\\\/data-deletion\\\/\"]}]},{\"@type\":\"BreadcrumbList\",\"@id\":\"https:\\\/\\\/blockp.io\\\/pt-br\\\/data-deletion\\\/#breadcrumb\",\"itemListElement\":[{\"@type\":\"ListItem\",\"position\":1,\"name\":\"Home\",\"item\":\"https:\\\/\\\/blockp.io\\\/\"},{\"@type\":\"ListItem\",\"position\":2,\"name\":\"Data Deletion\"}]},{\"@type\":\"WebSite\",\"@id\":\"https:\\\/\\\/blockp.io\\\/#website\",\"url\":\"https:\\\/\\\/blockp.io\\\/\",\"name\":\"BlockP\",\"description\":\"Best Porn Blocker\",\"publisher\":{\"@id\":\"https:\\\/\\\/blockp.io\\\/#organization\"},\"alternateName\":\"BlockP\",\"potentialAction\":[{\"@type\":\"SearchAction\",\"target\":{\"@type\":\"EntryPoint\",\"urlTemplate\":\"https:\\\/\\\/blockp.io\\\/?s={search_term_string}\"},\"query-input\":{\"@type\":\"PropertyValueSpecification\",\"valueRequired\":true,\"valueName\":\"search_term_string\"}}],\"inLanguage\":\"pt-BR\"},{\"@type\":\"Organization\",\"@id\":\"https:\\\/\\\/blockp.io\\\/#organization\",\"name\":\"BlockP\",\"alternateName\":\"BlockP\",\"url\":\"https:\\\/\\\/blockp.io\\\/\",\"logo\":{\"@type\":\"ImageObject\",\"inLanguage\":\"pt-BR\",\"@id\":\"https:\\\/\\\/blockp.io\\\/#\\\/schema\\\/logo\\\/image\\\/\",\"url\":\"https:\\\/\\\/blockp.io\\\/wp-content\\\/uploads\\\/2024\\\/07\\\/blockp-Logo.avif\",\"contentUrl\":\"https:\\\/\\\/blockp.io\\\/wp-content\\\/uploads\\\/2024\\\/07\\\/blockp-Logo.avif\",\"width\":512,\"height\":512,\"caption\":\"BlockP\"},\"image\":{\"@id\":\"https:\\\/\\\/blockp.io\\\/#\\\/schema\\\/logo\\\/image\\\/\"}}]}<\/script>\n<!-- \/ Yoast SEO plugin. -->","yoast_head_json":{"title":"Data Deletion - BlockP","robots":{"index":"index","follow":"follow","max-snippet":"max-snippet:-1","max-image-preview":"max-image-preview:large","max-video-preview":"max-video-preview:-1"},"canonical":"https:\/\/blockp.io\/pt-br\/data-deletion\/","og_locale":"pt_BR","og_type":"article","og_title":"Data Deletion - BlockP","og_description":"Exclua seus dados com seguran\u00e7a no aplicativo BlockP para Android Introdu\u00e7\u00e3o No BlockP, priorizamos sua privacidade e seguran\u00e7a de dados. Entendemos que talvez voc\u00ea queira excluir sua conta e os dados associados do nosso aplicativo para Android. Fique tranquilo, pois o processo \u00e9 simples e foi projetado para garantir a seguran\u00e7a de suas informa\u00e7\u00f5es. Aqui est\u00e1 um guia passo a passo sobre como solicitar a exclus\u00e3o de seus dados de usu\u00e1rio do aplicativo BlockP: Etapa 1: Iniciar a solicita\u00e7\u00e3o de exclus\u00e3o da conta1. Abra o aplicativo BlockP em seu dispositivo Android.2. Navegue at\u00e9 a se\u00e7\u00e3o \u201cSettings\u201d (Configura\u00e7\u00f5es) ou \u201cAccount\u201d (Conta) do aplicativo. Etapa 2: Enviar e-mail de solicita\u00e7\u00e3o de exclus\u00e3o de conta1. Na se\u00e7\u00e3o \u201cAccount\u201d (Conta), localize a op\u00e7\u00e3o \u201cDelete My Account\u201d (Excluir minha conta).2. Toque na op\u00e7\u00e3o para iniciar o processo de exclus\u00e3o.3. Um rascunho de e-mail ser\u00e1 aberto em seu aplicativo de e-mail padr\u00e3o.4. O endere\u00e7o de e-mail do destinat\u00e1rio j\u00e1 estar\u00e1 preenchido: Blockingsites123@gmail.com.5. Sinta-se \u00e0 vontade para acrescentar qualquer informa\u00e7\u00e3o ou contexto adicional ao e-mail, se desejar. Etapa 3: Confirmar sua solicita\u00e7\u00e3o1. Verifique novamente se voc\u00ea descreveu com precis\u00e3o sua inten\u00e7\u00e3o de excluir sua conta e todos os dados associados.2. Envie o e-mail para Blockingsites123@gmail.com. Etapa 4: Processamento da solicita\u00e7\u00e3o1. Nossa equipe t\u00e9cnica analisar\u00e1 sua solicita\u00e7\u00e3o de exclus\u00e3o de conta.2. Por motivos de seguran\u00e7a, poderemos entrar em contato com voc\u00ea por e-mail para verificar sua identidade.3. Depois que sua solicita\u00e7\u00e3o for verificada, nossa equipe prosseguir\u00e1 com o processo de exclus\u00e3o de dados. Etapa 5: Conclus\u00e3o da exclus\u00e3o1. Sua conta e os dados associados ser\u00e3o permanentemente exclu\u00eddos do nosso banco de dados do Firebase dentro de 4 a 5 dias \u00fateis a partir da confirma\u00e7\u00e3o da sua solicita\u00e7\u00e3o.2. N\u00f3s o notificaremos por e-mail assim que o processo for conclu\u00eddo. Conclus\u00e3o:No BlockP, temos o compromisso de manter a seguran\u00e7a e a privacidade de seus dados. Nosso processo f\u00e1cil de usar para excluir sua conta garante que suas informa\u00e7\u00f5es sejam tratadas com o m\u00e1ximo cuidado. Se tiver alguma d\u00favida ou precisar de ajuda durante o processo de exclus\u00e3o da conta, entre em contato com nossa equipe de suporte pelo e-mail blockingsites123@gmail.com. Observe que, embora nos esforcemos para concluir o processo dentro de 4 a 5 dias \u00fateis, circunst\u00e2ncias imprevistas podem ocasionalmente causar pequenos atrasos. Agradecemos sua compreens\u00e3o e por ter escolhido o BlockP para suas necessidades de gerenciamento de conte\u00fado.","og_url":"https:\/\/blockp.io\/pt-br\/data-deletion\/","og_site_name":"BlockP","article_modified_time":"2024-09-23T17:34:23+00:00","twitter_card":"summary_large_image","twitter_misc":{"Est. tempo de leitura":"2 minutos"},"schema":{"@context":"https:\/\/schema.org","@graph":[{"@type":"WebPage","@id":"https:\/\/blockp.io\/pt-br\/data-deletion\/","url":"https:\/\/blockp.io\/pt-br\/data-deletion\/","name":"Data Deletion - BlockP","isPartOf":{"@id":"https:\/\/blockp.io\/#website"},"datePublished":"2024-09-23T17:32:05+00:00","dateModified":"2024-09-23T17:34:23+00:00","breadcrumb":{"@id":"https:\/\/blockp.io\/pt-br\/data-deletion\/#breadcrumb"},"inLanguage":"pt-BR","potentialAction":[{"@type":"ReadAction","target":["https:\/\/blockp.io\/pt-br\/data-deletion\/"]}]},{"@type":"BreadcrumbList","@id":"https:\/\/blockp.io\/pt-br\/data-deletion\/#breadcrumb","itemListElement":[{"@type":"ListItem","position":1,"name":"Home","item":"https:\/\/blockp.io\/"},{"@type":"ListItem","position":2,"name":"Data Deletion"}]},{"@type":"WebSite","@id":"https:\/\/blockp.io\/#website","url":"https:\/\/blockp.io\/","name":"BlockP","description":"Best Porn Blocker","publisher":{"@id":"https:\/\/blockp.io\/#organization"},"alternateName":"BlockP","potentialAction":[{"@type":"SearchAction","target":{"@type":"EntryPoint","urlTemplate":"https:\/\/blockp.io\/?s={search_term_string}"},"query-input":{"@type":"PropertyValueSpecification","valueRequired":true,"valueName":"search_term_string"}}],"inLanguage":"pt-BR"},{"@type":"Organization","@id":"https:\/\/blockp.io\/#organization","name":"BlockP","alternateName":"BlockP","url":"https:\/\/blockp.io\/","logo":{"@type":"ImageObject","inLanguage":"pt-BR","@id":"https:\/\/blockp.io\/#\/schema\/logo\/image\/","url":"https:\/\/blockp.io\/wp-content\/uploads\/2024\/07\/blockp-Logo.avif","contentUrl":"https:\/\/blockp.io\/wp-content\/uploads\/2024\/07\/blockp-Logo.avif","width":512,"height":512,"caption":"BlockP"},"image":{"@id":"https:\/\/blockp.io\/#\/schema\/logo\/image\/"}}]}},"_links":{"self":[{"href":"https:\/\/blockp.io\/pt-br\/wp-json\/wp\/v2\/pages\/10360","targetHints":{"allow":["GET"]}}],"collection":[{"href":"https:\/\/blockp.io\/pt-br\/wp-json\/wp\/v2\/pages"}],"about":[{"href":"https:\/\/blockp.io\/pt-br\/wp-json\/wp\/v2\/types\/page"}],"author":[{"embeddable":true,"href":"https:\/\/blockp.io\/pt-br\/wp-json\/wp\/v2\/users\/1"}],"replies":[{"embeddable":true,"href":"https:\/\/blockp.io\/pt-br\/wp-json\/wp\/v2\/comments?post=10360"}],"version-history":[{"count":0,"href":"https:\/\/blockp.io\/pt-br\/wp-json\/wp\/v2\/pages\/10360\/revisions"}],"wp:attachment":[{"href":"https:\/\/blockp.io\/pt-br\/wp-json\/wp\/v2\/media?parent=10360"}],"curies":[{"name":"wp","href":"https:\/\/api.w.org\/{rel}","templated":true}]}}