{"id":37534,"date":"2026-02-26T16:49:09","date_gmt":"2026-02-26T16:49:09","guid":{"rendered":"https:\/\/blockp.io\/fact-checked\/"},"modified":"2026-04-02T06:55:24","modified_gmt":"2026-04-02T06:55:24","slug":"fact-checked","status":"publish","type":"page","link":"https:\/\/blockp.io\/pt-br\/fact-checked\/","title":{"rendered":"Verificado"},"content":{"rendered":"\t\t<div data-elementor-type=\"wp-page\" data-elementor-id=\"37534\" class=\"elementor elementor-37534 elementor-37185\" data-elementor-post-type=\"page\">\n\t\t\t\t<div class=\"elementor-element elementor-element-fc4114c e-flex e-con-boxed wpr-particle-no wpr-jarallax-no wpr-parallax-no wpr-sticky-section-no e-con e-parent\" data-id=\"fc4114c\" data-element_type=\"container\" data-e-type=\"container\" data-settings=\"{&quot;background_background&quot;:&quot;classic&quot;}\">\n\t\t\t\t\t<div class=\"e-con-inner\">\n\t\t<div class=\"elementor-element elementor-element-b7b5739 e-con-full e-flex wpr-particle-no wpr-jarallax-no wpr-parallax-no wpr-sticky-section-no e-con e-child\" data-id=\"b7b5739\" data-element_type=\"container\" data-e-type=\"container\">\n\t\t\t\t<div class=\"elementor-element elementor-element-7e09ba7 elementor-align-center elementor-widget elementor-widget-breadcrumbs\" data-id=\"7e09ba7\" data-element_type=\"widget\" data-e-type=\"widget\" data-widget_type=\"breadcrumbs.default\">\n\t\t\t\t\t<p id=\"breadcrumbs\"><span><span><a href=\"https:\/\/blockp.io\/\">Home<\/a><\/span><\/span><\/p>\t\t\t\t<\/div>\n\t\t\t\t<\/div>\n\t\t\t\t<div class=\"elementor-element elementor-element-27cc8b3 elementor-widget__width-initial elementor-widget elementor-widget-heading\" data-id=\"27cc8b3\" data-element_type=\"widget\" data-e-type=\"widget\" data-widget_type=\"heading.default\">\n\t\t\t\t\t<h2 class=\"elementor-heading-title elementor-size-default\">Verificado <\/h2>\t\t\t\t<\/div>\n\t\t\t\t<div class=\"elementor-element elementor-element-3527fd2 elementor-widget__width-initial link elementor-widget elementor-widget-text-editor\" data-id=\"3527fd2\" data-element_type=\"widget\" data-e-type=\"widget\" data-widget_type=\"text-editor.default\">\n\t\t\t\t\t\t\t\t\t<ul><li style=\"font-weight: 400;\" aria-level=\"1\"><span style=\"font-weight: 400;\">No <\/span><b>BlocoP<\/b><span style=\"font-weight: 400;\">Priorizamos a precis\u00e3o, a pesquisa psicol\u00f3gica e as conclus\u00f5es baseadas em evid\u00eancias.<\/span><\/li><li style=\"font-weight: 400;\" aria-level=\"1\"><span style=\"font-weight: 400;\">Nosso conte\u00fado \u00e9 cuidadosamente revisado e embasado em fontes confi\u00e1veis, incluindo estudos revisados \u200b\u200bpor pares, pesquisas em sa\u00fade mental, descobertas da ci\u00eancia comportamental e institui\u00e7\u00f5es acad\u00eamicas de renome. Nosso objetivo \u00e9 fornecer orienta\u00e7\u00f5es pr\u00e1ticas e com respaldo cient\u00edfico para ajudar pessoas que lutam contra o v\u00edcio em pornografia, comportamentos compulsivos e dificuldades de autocontrole.<\/span><\/li><li style=\"font-weight: 400;\" aria-level=\"1\"><span style=\"font-weight: 400;\">Sempre que aplic\u00e1vel, as refer\u00eancias e fontes de pesquisa s\u00e3o citadas no artigo para manter a transpar\u00eancia e a credibilidade.<\/span><\/li><li style=\"font-weight: 400;\" aria-level=\"1\"><span style=\"font-weight: 400;\">Caso encontre alguma imprecis\u00e3o ou tenha alguma d\u00favida sobre o nosso conte\u00fado, encorajamos voc\u00ea a entrar em contato conosco atrav\u00e9s da se\u00e7\u00e3o de coment\u00e1rios ou do formul\u00e1rio de contato. Seu feedback nos ajuda a manter altos padr\u00f5es de qualidade.<\/span><\/li><li style=\"font-weight: 400;\" aria-level=\"1\"><span style=\"font-weight: 400;\">Nosso objetivo \u00e9 fornecer informa\u00e7\u00f5es confi\u00e1veis \u200b\u200bpara que voc\u00ea possa tomar decis\u00f5es conscientes sobre seus h\u00e1bitos digitais, bem-estar mental e crescimento pessoal.<\/span><\/li><\/ul><p><b>Isen\u00e7\u00e3o de responsabilidade:<\/b><span style=\"font-weight: 400;\">As informa\u00e7\u00f5es fornecidas no BlockP t\u00eam fins exclusivamente educativos e informativos. Elas n\u00e3o se destinam a substituir o aconselhamento m\u00e9dico, psicol\u00f3gico ou psiqui\u00e1trico profissional. Consulte sempre um profissional de sa\u00fade ou de sa\u00fade mental qualificado para obter orienta\u00e7\u00e3o personalizada.<\/span><\/p>\t\t\t\t\t\t\t\t<\/div>\n\t\t\t\t\t<\/div>\n\t\t\t\t<\/div>\n\t\t\t\t<\/div>\n\t\t","protected":false},"excerpt":{"rendered":"<p>Verificado No BlocoPPriorizamos a precis\u00e3o, a pesquisa psicol\u00f3gica e as conclus\u00f5es baseadas em evid\u00eancias. Nosso conte\u00fado \u00e9 cuidadosamente revisado e embasado em fontes confi\u00e1veis, incluindo estudos revisados \u200b\u200bpor pares, pesquisas em sa\u00fade mental, descobertas da ci\u00eancia comportamental e institui\u00e7\u00f5es acad\u00eamicas de renome. Nosso objetivo \u00e9 fornecer orienta\u00e7\u00f5es pr\u00e1ticas e com respaldo cient\u00edfico para ajudar pessoas que lutam contra o v\u00edcio em pornografia, comportamentos compulsivos e dificuldades de autocontrole. Sempre que aplic\u00e1vel, as refer\u00eancias e fontes de pesquisa s\u00e3o citadas no artigo para manter a transpar\u00eancia e a credibilidade. Caso encontre alguma imprecis\u00e3o ou tenha alguma d\u00favida sobre o nosso conte\u00fado, encorajamos voc\u00ea a entrar em contato conosco atrav\u00e9s da se\u00e7\u00e3o de coment\u00e1rios ou do formul\u00e1rio de contato. Seu feedback nos ajuda a manter altos padr\u00f5es de qualidade. Nosso objetivo \u00e9 fornecer informa\u00e7\u00f5es confi\u00e1veis \u200b\u200bpara que voc\u00ea possa tomar decis\u00f5es conscientes sobre seus h\u00e1bitos digitais, bem-estar mental e crescimento pessoal. Isen\u00e7\u00e3o de responsabilidade:As informa\u00e7\u00f5es fornecidas no BlockP t\u00eam fins exclusivamente educativos e informativos. Elas n\u00e3o se destinam a substituir o aconselhamento m\u00e9dico, psicol\u00f3gico ou psiqui\u00e1trico profissional. Consulte sempre um profissional de sa\u00fade ou de sa\u00fade mental qualificado para obter orienta\u00e7\u00e3o personalizada.<\/p>\n","protected":false},"author":10,"featured_media":0,"parent":0,"menu_order":0,"comment_status":"closed","ping_status":"closed","template":"","meta":{"site-sidebar-layout":"no-sidebar","site-content-layout":"","ast-site-content-layout":"full-width-container","site-content-style":"default","site-sidebar-style":"default","ast-global-header-display":"","ast-banner-title-visibility":"","ast-main-header-display":"","ast-hfb-above-header-display":"","ast-hfb-below-header-display":"","ast-hfb-mobile-header-display":"","site-post-title":"","ast-breadcrumbs-content":"","ast-featured-img":"disabled","footer-sml-layout":"","ast-disable-related-posts":"","theme-transparent-header-meta":"","adv-header-id-meta":"","stick-header-meta":"","header-above-stick-meta":"","header-main-stick-meta":"","header-below-stick-meta":"","astra-migrate-meta-layouts":"default","ast-page-background-enabled":"default","ast-page-background-meta":{"desktop":{"background-color":"var(--ast-global-color-4)","background-image":"","background-repeat":"repeat","background-position":"center center","background-size":"auto","background-attachment":"scroll","background-type":"","background-media":"","overlay-type":"","overlay-color":"","overlay-opacity":"","overlay-gradient":""},"tablet":{"background-color":"","background-image":"","background-repeat":"repeat","background-position":"center center","background-size":"auto","background-attachment":"scroll","background-type":"","background-media":"","overlay-type":"","overlay-color":"","overlay-opacity":"","overlay-gradient":""},"mobile":{"background-color":"","background-image":"","background-repeat":"repeat","background-position":"center center","background-size":"auto","background-attachment":"scroll","background-type":"","background-media":"","overlay-type":"","overlay-color":"","overlay-opacity":"","overlay-gradient":""}},"ast-content-background-meta":{"desktop":{"background-color":"var(--ast-global-color-5)","background-image":"","background-repeat":"repeat","background-position":"center center","background-size":"auto","background-attachment":"scroll","background-type":"","background-media":"","overlay-type":"","overlay-color":"","overlay-opacity":"","overlay-gradient":""},"tablet":{"background-color":"var(--ast-global-color-5)","background-image":"","background-repeat":"repeat","background-position":"center center","background-size":"auto","background-attachment":"scroll","background-type":"","background-media":"","overlay-type":"","overlay-color":"","overlay-opacity":"","overlay-gradient":""},"mobile":{"background-color":"var(--ast-global-color-5)","background-image":"","background-repeat":"repeat","background-position":"center center","background-size":"auto","background-attachment":"scroll","background-type":"","background-media":"","overlay-type":"","overlay-color":"","overlay-opacity":"","overlay-gradient":""}},"footnotes":""},"class_list":["post-37534","page","type-page","status-publish","hentry"],"yoast_head":"<!-- This site is optimized with the Yoast SEO plugin v27.3 - https:\/\/yoast.com\/product\/yoast-seo-wordpress\/ -->\n<title>Verificado - BlockP<\/title>\n<meta name=\"robots\" content=\"index, follow, max-snippet:-1, max-image-preview:large, max-video-preview:-1\" \/>\n<link rel=\"canonical\" href=\"https:\/\/blockp.io\/pt-pt\/fact-checked\/\" \/>\n<meta property=\"og:locale\" content=\"pt_BR\" \/>\n<meta property=\"og:type\" content=\"article\" \/>\n<meta property=\"og:title\" content=\"Verificado - BlockP\" \/>\n<meta property=\"og:description\" content=\"Verificado No BlocoPPriorizamos a precis\u00e3o, a pesquisa psicol\u00f3gica e as conclus\u00f5es baseadas em evid\u00eancias. Nosso conte\u00fado \u00e9 cuidadosamente revisado e embasado em fontes confi\u00e1veis, incluindo estudos revisados \u200b\u200bpor pares, pesquisas em sa\u00fade mental, descobertas da ci\u00eancia comportamental e institui\u00e7\u00f5es acad\u00eamicas de renome. Nosso objetivo \u00e9 fornecer orienta\u00e7\u00f5es pr\u00e1ticas e com respaldo cient\u00edfico para ajudar pessoas que lutam contra o v\u00edcio em pornografia, comportamentos compulsivos e dificuldades de autocontrole. Sempre que aplic\u00e1vel, as refer\u00eancias e fontes de pesquisa s\u00e3o citadas no artigo para manter a transpar\u00eancia e a credibilidade. Caso encontre alguma imprecis\u00e3o ou tenha alguma d\u00favida sobre o nosso conte\u00fado, encorajamos voc\u00ea a entrar em contato conosco atrav\u00e9s da se\u00e7\u00e3o de coment\u00e1rios ou do formul\u00e1rio de contato. Seu feedback nos ajuda a manter altos padr\u00f5es de qualidade. Nosso objetivo \u00e9 fornecer informa\u00e7\u00f5es confi\u00e1veis \u200b\u200bpara que voc\u00ea possa tomar decis\u00f5es conscientes sobre seus h\u00e1bitos digitais, bem-estar mental e crescimento pessoal. Isen\u00e7\u00e3o de responsabilidade:As informa\u00e7\u00f5es fornecidas no BlockP t\u00eam fins exclusivamente educativos e informativos. Elas n\u00e3o se destinam a substituir o aconselhamento m\u00e9dico, psicol\u00f3gico ou psiqui\u00e1trico profissional. Consulte sempre um profissional de sa\u00fade ou de sa\u00fade mental qualificado para obter orienta\u00e7\u00e3o personalizada.\" \/>\n<meta property=\"og:url\" content=\"https:\/\/blockp.io\/pt-pt\/fact-checked\/\" \/>\n<meta property=\"og:site_name\" content=\"BlockP\" \/>\n<meta property=\"article:modified_time\" content=\"2026-04-02T06:55:24+00:00\" \/>\n<meta name=\"twitter:card\" content=\"summary_large_image\" \/>\n<meta name=\"twitter:label1\" content=\"Est. tempo de leitura\" \/>\n\t<meta name=\"twitter:data1\" content=\"2 minutos\" \/>\n<script type=\"application\/ld+json\" class=\"yoast-schema-graph\">{\"@context\":\"https:\\\/\\\/schema.org\",\"@graph\":[{\"@type\":\"WebPage\",\"@id\":\"https:\\\/\\\/blockp.io\\\/pt-pt\\\/fact-checked\\\/\",\"url\":\"https:\\\/\\\/blockp.io\\\/pt-pt\\\/fact-checked\\\/\",\"name\":\"Verificado - BlockP\",\"isPartOf\":{\"@id\":\"https:\\\/\\\/blockp.io\\\/#website\"},\"datePublished\":\"2026-02-26T16:49:09+00:00\",\"dateModified\":\"2026-04-02T06:55:24+00:00\",\"breadcrumb\":{\"@id\":\"https:\\\/\\\/blockp.io\\\/pt-pt\\\/fact-checked\\\/#breadcrumb\"},\"inLanguage\":\"pt-BR\",\"potentialAction\":[{\"@type\":\"ReadAction\",\"target\":[\"https:\\\/\\\/blockp.io\\\/pt-pt\\\/fact-checked\\\/\"]}]},{\"@type\":\"BreadcrumbList\",\"@id\":\"https:\\\/\\\/blockp.io\\\/pt-pt\\\/fact-checked\\\/#breadcrumb\",\"itemListElement\":[{\"@type\":\"ListItem\",\"position\":1,\"name\":\"Home\",\"item\":\"https:\\\/\\\/blockp.io\\\/\"},{\"@type\":\"ListItem\",\"position\":2,\"name\":\"Verificado\"}]},{\"@type\":\"WebSite\",\"@id\":\"https:\\\/\\\/blockp.io\\\/#website\",\"url\":\"https:\\\/\\\/blockp.io\\\/\",\"name\":\"BlockP\",\"description\":\"Best Porn Blocker\",\"publisher\":{\"@id\":\"https:\\\/\\\/blockp.io\\\/#organization\"},\"alternateName\":\"BlockP\",\"potentialAction\":[{\"@type\":\"SearchAction\",\"target\":{\"@type\":\"EntryPoint\",\"urlTemplate\":\"https:\\\/\\\/blockp.io\\\/?s={search_term_string}\"},\"query-input\":{\"@type\":\"PropertyValueSpecification\",\"valueRequired\":true,\"valueName\":\"search_term_string\"}}],\"inLanguage\":\"pt-BR\"},{\"@type\":\"Organization\",\"@id\":\"https:\\\/\\\/blockp.io\\\/#organization\",\"name\":\"BlockP\",\"alternateName\":\"BlockP\",\"url\":\"https:\\\/\\\/blockp.io\\\/\",\"logo\":{\"@type\":\"ImageObject\",\"inLanguage\":\"pt-BR\",\"@id\":\"https:\\\/\\\/blockp.io\\\/#\\\/schema\\\/logo\\\/image\\\/\",\"url\":\"https:\\\/\\\/blockp.io\\\/wp-content\\\/uploads\\\/2024\\\/07\\\/blockp-Logo.avif\",\"contentUrl\":\"https:\\\/\\\/blockp.io\\\/wp-content\\\/uploads\\\/2024\\\/07\\\/blockp-Logo.avif\",\"width\":512,\"height\":512,\"caption\":\"BlockP\"},\"image\":{\"@id\":\"https:\\\/\\\/blockp.io\\\/#\\\/schema\\\/logo\\\/image\\\/\"}}]}<\/script>\n<!-- \/ Yoast SEO plugin. -->","yoast_head_json":{"title":"Verificado - BlockP","robots":{"index":"index","follow":"follow","max-snippet":"max-snippet:-1","max-image-preview":"max-image-preview:large","max-video-preview":"max-video-preview:-1"},"canonical":"https:\/\/blockp.io\/pt-pt\/fact-checked\/","og_locale":"pt_BR","og_type":"article","og_title":"Verificado - BlockP","og_description":"Verificado No BlocoPPriorizamos a precis\u00e3o, a pesquisa psicol\u00f3gica e as conclus\u00f5es baseadas em evid\u00eancias. Nosso conte\u00fado \u00e9 cuidadosamente revisado e embasado em fontes confi\u00e1veis, incluindo estudos revisados \u200b\u200bpor pares, pesquisas em sa\u00fade mental, descobertas da ci\u00eancia comportamental e institui\u00e7\u00f5es acad\u00eamicas de renome. Nosso objetivo \u00e9 fornecer orienta\u00e7\u00f5es pr\u00e1ticas e com respaldo cient\u00edfico para ajudar pessoas que lutam contra o v\u00edcio em pornografia, comportamentos compulsivos e dificuldades de autocontrole. Sempre que aplic\u00e1vel, as refer\u00eancias e fontes de pesquisa s\u00e3o citadas no artigo para manter a transpar\u00eancia e a credibilidade. Caso encontre alguma imprecis\u00e3o ou tenha alguma d\u00favida sobre o nosso conte\u00fado, encorajamos voc\u00ea a entrar em contato conosco atrav\u00e9s da se\u00e7\u00e3o de coment\u00e1rios ou do formul\u00e1rio de contato. Seu feedback nos ajuda a manter altos padr\u00f5es de qualidade. Nosso objetivo \u00e9 fornecer informa\u00e7\u00f5es confi\u00e1veis \u200b\u200bpara que voc\u00ea possa tomar decis\u00f5es conscientes sobre seus h\u00e1bitos digitais, bem-estar mental e crescimento pessoal. Isen\u00e7\u00e3o de responsabilidade:As informa\u00e7\u00f5es fornecidas no BlockP t\u00eam fins exclusivamente educativos e informativos. Elas n\u00e3o se destinam a substituir o aconselhamento m\u00e9dico, psicol\u00f3gico ou psiqui\u00e1trico profissional. Consulte sempre um profissional de sa\u00fade ou de sa\u00fade mental qualificado para obter orienta\u00e7\u00e3o personalizada.","og_url":"https:\/\/blockp.io\/pt-pt\/fact-checked\/","og_site_name":"BlockP","article_modified_time":"2026-04-02T06:55:24+00:00","twitter_card":"summary_large_image","twitter_misc":{"Est. tempo de leitura":"2 minutos"},"schema":{"@context":"https:\/\/schema.org","@graph":[{"@type":"WebPage","@id":"https:\/\/blockp.io\/pt-pt\/fact-checked\/","url":"https:\/\/blockp.io\/pt-pt\/fact-checked\/","name":"Verificado - BlockP","isPartOf":{"@id":"https:\/\/blockp.io\/#website"},"datePublished":"2026-02-26T16:49:09+00:00","dateModified":"2026-04-02T06:55:24+00:00","breadcrumb":{"@id":"https:\/\/blockp.io\/pt-pt\/fact-checked\/#breadcrumb"},"inLanguage":"pt-BR","potentialAction":[{"@type":"ReadAction","target":["https:\/\/blockp.io\/pt-pt\/fact-checked\/"]}]},{"@type":"BreadcrumbList","@id":"https:\/\/blockp.io\/pt-pt\/fact-checked\/#breadcrumb","itemListElement":[{"@type":"ListItem","position":1,"name":"Home","item":"https:\/\/blockp.io\/"},{"@type":"ListItem","position":2,"name":"Verificado"}]},{"@type":"WebSite","@id":"https:\/\/blockp.io\/#website","url":"https:\/\/blockp.io\/","name":"BlockP","description":"Best Porn Blocker","publisher":{"@id":"https:\/\/blockp.io\/#organization"},"alternateName":"BlockP","potentialAction":[{"@type":"SearchAction","target":{"@type":"EntryPoint","urlTemplate":"https:\/\/blockp.io\/?s={search_term_string}"},"query-input":{"@type":"PropertyValueSpecification","valueRequired":true,"valueName":"search_term_string"}}],"inLanguage":"pt-BR"},{"@type":"Organization","@id":"https:\/\/blockp.io\/#organization","name":"BlockP","alternateName":"BlockP","url":"https:\/\/blockp.io\/","logo":{"@type":"ImageObject","inLanguage":"pt-BR","@id":"https:\/\/blockp.io\/#\/schema\/logo\/image\/","url":"https:\/\/blockp.io\/wp-content\/uploads\/2024\/07\/blockp-Logo.avif","contentUrl":"https:\/\/blockp.io\/wp-content\/uploads\/2024\/07\/blockp-Logo.avif","width":512,"height":512,"caption":"BlockP"},"image":{"@id":"https:\/\/blockp.io\/#\/schema\/logo\/image\/"}}]}},"_links":{"self":[{"href":"https:\/\/blockp.io\/pt-br\/wp-json\/wp\/v2\/pages\/37534","targetHints":{"allow":["GET"]}}],"collection":[{"href":"https:\/\/blockp.io\/pt-br\/wp-json\/wp\/v2\/pages"}],"about":[{"href":"https:\/\/blockp.io\/pt-br\/wp-json\/wp\/v2\/types\/page"}],"author":[{"embeddable":true,"href":"https:\/\/blockp.io\/pt-br\/wp-json\/wp\/v2\/users\/10"}],"replies":[{"embeddable":true,"href":"https:\/\/blockp.io\/pt-br\/wp-json\/wp\/v2\/comments?post=37534"}],"version-history":[{"count":5,"href":"https:\/\/blockp.io\/pt-br\/wp-json\/wp\/v2\/pages\/37534\/revisions"}],"predecessor-version":[{"id":37592,"href":"https:\/\/blockp.io\/pt-br\/wp-json\/wp\/v2\/pages\/37534\/revisions\/37592"}],"wp:attachment":[{"href":"https:\/\/blockp.io\/pt-br\/wp-json\/wp\/v2\/media?parent=37534"}],"curies":[{"name":"wp","href":"https:\/\/api.w.org\/{rel}","templated":true}]}}