{"id":10364,"date":"2024-09-23T17:35:56","date_gmt":"2024-09-23T17:35:56","guid":{"rendered":"https:\/\/blockp.io\/data-deletion\/"},"modified":"2024-09-23T17:37:46","modified_gmt":"2024-09-23T17:37:46","slug":"data-deletion","status":"publish","type":"page","link":"https:\/\/blockp.io\/pt-pt\/data-deletion\/","title":{"rendered":"Data Deletion"},"content":{"rendered":"\t\t<div data-elementor-type=\"wp-page\" data-elementor-id=\"10364\" class=\"elementor elementor-10364 elementor-9800\" data-elementor-post-type=\"page\">\n\t\t\t\t\t\t<section class=\"elementor-section elementor-top-section elementor-element elementor-element-fac2de8 elementor-section-boxed elementor-section-height-default elementor-section-height-default wpr-particle-no wpr-jarallax-no wpr-parallax-no wpr-sticky-section-no wpr-equal-height-no\" data-id=\"fac2de8\" data-element_type=\"section\" data-e-type=\"section\">\n\t\t\t\t\t\t<div class=\"elementor-container elementor-column-gap-default\">\n\t\t\t\t\t<div class=\"elementor-column elementor-col-100 elementor-top-column elementor-element elementor-element-44d1710\" data-id=\"44d1710\" data-element_type=\"column\" data-e-type=\"column\">\n\t\t\t<div class=\"elementor-widget-wrap elementor-element-populated\">\n\t\t\t\t\t\t<div class=\"elementor-element elementor-element-2354e6b elementor-widget elementor-widget-heading\" data-id=\"2354e6b\" data-element_type=\"widget\" data-e-type=\"widget\" data-widget_type=\"heading.default\">\n\t\t\t\t\t<h1 class=\"elementor-heading-title elementor-size-default\">Exclua seus dados com seguran\u00e7a no aplicativo BlockP para Android\n<\/h1>\t\t\t\t<\/div>\n\t\t\t\t\t<\/div>\n\t\t<\/div>\n\t\t\t\t\t<\/div>\n\t\t<\/section>\n\t\t\t\t<section class=\"elementor-section elementor-top-section elementor-element elementor-element-4a76043 elementor-section-boxed elementor-section-height-default elementor-section-height-default wpr-particle-no wpr-jarallax-no wpr-parallax-no wpr-sticky-section-no wpr-equal-height-no\" data-id=\"4a76043\" data-element_type=\"section\" data-e-type=\"section\">\n\t\t\t\t\t\t<div class=\"elementor-container elementor-column-gap-default\">\n\t\t\t\t\t<div class=\"elementor-column elementor-col-100 elementor-top-column elementor-element elementor-element-ee7a776\" data-id=\"ee7a776\" data-element_type=\"column\" data-e-type=\"column\">\n\t\t\t<div class=\"elementor-widget-wrap elementor-element-populated\">\n\t\t\t\t\t\t<div class=\"elementor-element elementor-element-f907970 elementor-widget elementor-widget-text-editor\" data-id=\"f907970\" data-element_type=\"widget\" data-e-type=\"widget\" data-widget_type=\"text-editor.default\">\n\t\t\t\t\t\t\t\t\t<p><strong>Introdu\u00e7\u00e3o<\/strong><\/p><p>Na BlockP, damos prioridade \u00e0 sua privacidade e seguran\u00e7a de dados. Compreendemos que possa querer eliminar a sua conta e os dados associados da nossa aplica\u00e7\u00e3o Android. Fique tranquilo, o processo \u00e9 simples e foi concebido para garantir a seguran\u00e7a das suas informa\u00e7\u00f5es. Eis um guia passo a passo sobre como solicitar a elimina\u00e7\u00e3o dos seus dados de utilizador da aplica\u00e7\u00e3o BlockP:<\/p><p><strong>Passo 1:<\/strong> Iniciar o pedido de elimina\u00e7\u00e3o da conta<br \/>1. Abra a aplica\u00e7\u00e3o BlockP no seu dispositivo Android.<br \/>2. Navegue at\u00e9 \u00e0 sec\u00e7\u00e3o \u201cDefini\u00e7\u00f5es\u201d ou \u201cConta\u201d da aplica\u00e7\u00e3o.<\/p><p><strong>Etapa 2:<\/strong> Enviar e-mail de solicita\u00e7\u00e3o de exclus\u00e3o de conta<br \/>1. Na sec\u00e7\u00e3o \u201cConta\u201d, localize a op\u00e7\u00e3o \u201cEliminar a minha conta\u201d.<br \/>2. Toque na op\u00e7\u00e3o para iniciar o processo de elimina\u00e7\u00e3o.<br \/>3. Abre-se um rascunho de e-mail na sua aplica\u00e7\u00e3o de e-mail predefinida.<br \/>4. O endere\u00e7o de correio eletr\u00f3nico do destinat\u00e1rio j\u00e1 estar\u00e1 preenchido: Blockingsites123@gmail.com.<br \/>5. Se desejar, pode acrescentar qualquer informa\u00e7\u00e3o ou contexto adicional \u00e0 mensagem de correio eletr\u00f3nico.<\/p><p><strong>Passo 3:<\/strong> Confirme o seu pedido<br \/>1. Verifique novamente se descreveu corretamente a sua inten\u00e7\u00e3o de eliminar a sua conta e todos os dados associados.<br \/>2. Envie a mensagem de correio eletr\u00f3nico para Blockingsites123@gmail.com.<\/p><p><strong>Passo 4:<\/strong> Processar o seu pedido<br \/>1. A nossa equipa t\u00e9cnica ir\u00e1 analisar o seu pedido de elimina\u00e7\u00e3o da conta.<br \/>2. Por motivos de seguran\u00e7a, poderemos contact\u00e1-lo por correio eletr\u00f3nico para verificar a sua identidade.<br \/>3. Assim que o seu pedido for verificado, a nossa equipa prosseguir\u00e1 com o processo de elimina\u00e7\u00e3o de dados.<\/p><p><strong>Passo 5:<\/strong> Conclus\u00e3o da elimina\u00e7\u00e3o<br \/>1. A sua conta e os dados associados ser\u00e3o permanentemente eliminados da nossa base de dados Firebase no prazo de 4 a 5 dias \u00fateis a partir da confirma\u00e7\u00e3o do seu pedido.<br \/>2. Iremos notific\u00e1-lo por e-mail assim que o processo estiver conclu\u00eddo.<\/p><p><strong>Conclus\u00e3o:<\/strong><br \/>Na BlockP, estamos empenhados em manter a seguran\u00e7a e a privacidade dos seus dados. O nosso processo de f\u00e1cil utiliza\u00e7\u00e3o para eliminar a sua conta garante que as suas informa\u00e7\u00f5es s\u00e3o tratadas com o m\u00e1ximo cuidado. Se tiver alguma d\u00favida ou precisar de assist\u00eancia durante o processo de elimina\u00e7\u00e3o da conta, n\u00e3o hesite em contactar a nossa equipa de apoio em blockingsites123@gmail.com.<\/p><p>Tenha em aten\u00e7\u00e3o que, embora nos esforcemos por concluir o processo no prazo de 4 a 5 dias \u00fateis, as circunst\u00e2ncias imprevistas podem, ocasionalmente, causar pequenos atrasos. Agradecemos a sua compreens\u00e3o e o facto de ter escolhido o BlockP para as suas necessidades de gest\u00e3o de conte\u00fados.<\/p>\t\t\t\t\t\t\t\t<\/div>\n\t\t\t\t\t<\/div>\n\t\t<\/div>\n\t\t\t\t\t<\/div>\n\t\t<\/section>\n\t\t\t\t<\/div>\n\t\t","protected":false},"excerpt":{"rendered":"<p>Exclua seus dados com seguran\u00e7a no aplicativo BlockP para Android Introdu\u00e7\u00e3o Na BlockP, damos prioridade \u00e0 sua privacidade e seguran\u00e7a de dados. Compreendemos que possa querer eliminar a sua conta e os dados associados da nossa aplica\u00e7\u00e3o Android. Fique tranquilo, o processo \u00e9 simples e foi concebido para garantir a seguran\u00e7a das suas informa\u00e7\u00f5es. Eis um guia passo a passo sobre como solicitar a elimina\u00e7\u00e3o dos seus dados de utilizador da aplica\u00e7\u00e3o BlockP: Passo 1: Iniciar o pedido de elimina\u00e7\u00e3o da conta1. Abra a aplica\u00e7\u00e3o BlockP no seu dispositivo Android.2. Navegue at\u00e9 \u00e0 sec\u00e7\u00e3o \u201cDefini\u00e7\u00f5es\u201d ou \u201cConta\u201d da aplica\u00e7\u00e3o. Etapa 2: Enviar e-mail de solicita\u00e7\u00e3o de exclus\u00e3o de conta1. Na sec\u00e7\u00e3o \u201cConta\u201d, localize a op\u00e7\u00e3o \u201cEliminar a minha conta\u201d.2. Toque na op\u00e7\u00e3o para iniciar o processo de elimina\u00e7\u00e3o.3. Abre-se um rascunho de e-mail na sua aplica\u00e7\u00e3o de e-mail predefinida.4. O endere\u00e7o de correio eletr\u00f3nico do destinat\u00e1rio j\u00e1 estar\u00e1 preenchido: Blockingsites123@gmail.com.5. Se desejar, pode acrescentar qualquer informa\u00e7\u00e3o ou contexto adicional \u00e0 mensagem de correio eletr\u00f3nico. Passo 3: Confirme o seu pedido1. Verifique novamente se descreveu corretamente a sua inten\u00e7\u00e3o de eliminar a sua conta e todos os dados associados.2. Envie a mensagem de correio eletr\u00f3nico para Blockingsites123@gmail.com. Passo 4: Processar o seu pedido1. A nossa equipa t\u00e9cnica ir\u00e1 analisar o seu pedido de elimina\u00e7\u00e3o da conta.2. Por motivos de seguran\u00e7a, poderemos contact\u00e1-lo por correio eletr\u00f3nico para verificar a sua identidade.3. Assim que o seu pedido for verificado, a nossa equipa prosseguir\u00e1 com o processo de elimina\u00e7\u00e3o de dados. Passo 5: Conclus\u00e3o da elimina\u00e7\u00e3o1. A sua conta e os dados associados ser\u00e3o permanentemente eliminados da nossa base de dados Firebase no prazo de 4 a 5 dias \u00fateis a partir da confirma\u00e7\u00e3o do seu pedido.2. Iremos notific\u00e1-lo por e-mail assim que o processo estiver conclu\u00eddo. Conclus\u00e3o:Na BlockP, estamos empenhados em manter a seguran\u00e7a e a privacidade dos seus dados. O nosso processo de f\u00e1cil utiliza\u00e7\u00e3o para eliminar a sua conta garante que as suas informa\u00e7\u00f5es s\u00e3o tratadas com o m\u00e1ximo cuidado. Se tiver alguma d\u00favida ou precisar de assist\u00eancia durante o processo de elimina\u00e7\u00e3o da conta, n\u00e3o hesite em contactar a nossa equipa de apoio em blockingsites123@gmail.com. Tenha em aten\u00e7\u00e3o que, embora nos esforcemos por concluir o processo no prazo de 4 a 5 dias \u00fateis, as circunst\u00e2ncias imprevistas podem, ocasionalmente, causar pequenos atrasos. Agradecemos a sua compreens\u00e3o e o facto de ter escolhido o BlockP para as suas necessidades de gest\u00e3o de conte\u00fados.<\/p>\n","protected":false},"author":1,"featured_media":0,"parent":0,"menu_order":0,"comment_status":"closed","ping_status":"closed","template":"","meta":{"site-sidebar-layout":"no-sidebar","site-content-layout":"","ast-site-content-layout":"full-width-container","site-content-style":"default","site-sidebar-style":"default","ast-global-header-display":"","ast-banner-title-visibility":"","ast-main-header-display":"","ast-hfb-above-header-display":"","ast-hfb-below-header-display":"","ast-hfb-mobile-header-display":"","site-post-title":"disabled","ast-breadcrumbs-content":"","ast-featured-img":"disabled","footer-sml-layout":"","ast-disable-related-posts":"","theme-transparent-header-meta":"default","adv-header-id-meta":"","stick-header-meta":"","header-above-stick-meta":"","header-main-stick-meta":"","header-below-stick-meta":"","astra-migrate-meta-layouts":"default","ast-page-background-enabled":"default","ast-page-background-meta":{"desktop":{"background-color":"var(--ast-global-color-4)","background-image":"","background-repeat":"repeat","background-position":"center center","background-size":"auto","background-attachment":"scroll","background-type":"","background-media":"","overlay-type":"","overlay-color":"","overlay-opacity":"","overlay-gradient":""},"tablet":{"background-color":"","background-image":"","background-repeat":"repeat","background-position":"center center","background-size":"auto","background-attachment":"scroll","background-type":"","background-media":"","overlay-type":"","overlay-color":"","overlay-opacity":"","overlay-gradient":""},"mobile":{"background-color":"","background-image":"","background-repeat":"repeat","background-position":"center center","background-size":"auto","background-attachment":"scroll","background-type":"","background-media":"","overlay-type":"","overlay-color":"","overlay-opacity":"","overlay-gradient":""}},"ast-content-background-meta":{"desktop":{"background-color":"var(--ast-global-color-5)","background-image":"","background-repeat":"repeat","background-position":"center center","background-size":"auto","background-attachment":"scroll","background-type":"","background-media":"","overlay-type":"","overlay-color":"","overlay-opacity":"","overlay-gradient":""},"tablet":{"background-color":"var(--ast-global-color-5)","background-image":"","background-repeat":"repeat","background-position":"center center","background-size":"auto","background-attachment":"scroll","background-type":"","background-media":"","overlay-type":"","overlay-color":"","overlay-opacity":"","overlay-gradient":""},"mobile":{"background-color":"var(--ast-global-color-5)","background-image":"","background-repeat":"repeat","background-position":"center center","background-size":"auto","background-attachment":"scroll","background-type":"","background-media":"","overlay-type":"","overlay-color":"","overlay-opacity":"","overlay-gradient":""}},"footnotes":""},"class_list":["post-10364","page","type-page","status-publish","hentry"],"yoast_head":"<!-- This site is optimized with the Yoast SEO plugin v27.5 - https:\/\/yoast.com\/product\/yoast-seo-wordpress\/ -->\n<title>Data Deletion - BlockP<\/title>\n<meta name=\"robots\" content=\"index, follow, max-snippet:-1, max-image-preview:large, max-video-preview:-1\" \/>\n<link rel=\"canonical\" href=\"https:\/\/blockp.io\/pt-pt\/data-deletion\/\" \/>\n<meta property=\"og:locale\" content=\"pt_PT\" \/>\n<meta property=\"og:type\" content=\"article\" \/>\n<meta property=\"og:title\" content=\"Data Deletion - BlockP\" \/>\n<meta property=\"og:description\" content=\"Exclua seus dados com seguran\u00e7a no aplicativo BlockP para Android Introdu\u00e7\u00e3o Na BlockP, damos prioridade \u00e0 sua privacidade e seguran\u00e7a de dados. Compreendemos que possa querer eliminar a sua conta e os dados associados da nossa aplica\u00e7\u00e3o Android. Fique tranquilo, o processo \u00e9 simples e foi concebido para garantir a seguran\u00e7a das suas informa\u00e7\u00f5es. Eis um guia passo a passo sobre como solicitar a elimina\u00e7\u00e3o dos seus dados de utilizador da aplica\u00e7\u00e3o BlockP: Passo 1: Iniciar o pedido de elimina\u00e7\u00e3o da conta1. Abra a aplica\u00e7\u00e3o BlockP no seu dispositivo Android.2. Navegue at\u00e9 \u00e0 sec\u00e7\u00e3o \u201cDefini\u00e7\u00f5es\u201d ou \u201cConta\u201d da aplica\u00e7\u00e3o. Etapa 2: Enviar e-mail de solicita\u00e7\u00e3o de exclus\u00e3o de conta1. Na sec\u00e7\u00e3o \u201cConta\u201d, localize a op\u00e7\u00e3o \u201cEliminar a minha conta\u201d.2. Toque na op\u00e7\u00e3o para iniciar o processo de elimina\u00e7\u00e3o.3. Abre-se um rascunho de e-mail na sua aplica\u00e7\u00e3o de e-mail predefinida.4. O endere\u00e7o de correio eletr\u00f3nico do destinat\u00e1rio j\u00e1 estar\u00e1 preenchido: Blockingsites123@gmail.com.5. Se desejar, pode acrescentar qualquer informa\u00e7\u00e3o ou contexto adicional \u00e0 mensagem de correio eletr\u00f3nico. Passo 3: Confirme o seu pedido1. Verifique novamente se descreveu corretamente a sua inten\u00e7\u00e3o de eliminar a sua conta e todos os dados associados.2. Envie a mensagem de correio eletr\u00f3nico para Blockingsites123@gmail.com. Passo 4: Processar o seu pedido1. A nossa equipa t\u00e9cnica ir\u00e1 analisar o seu pedido de elimina\u00e7\u00e3o da conta.2. Por motivos de seguran\u00e7a, poderemos contact\u00e1-lo por correio eletr\u00f3nico para verificar a sua identidade.3. Assim que o seu pedido for verificado, a nossa equipa prosseguir\u00e1 com o processo de elimina\u00e7\u00e3o de dados. Passo 5: Conclus\u00e3o da elimina\u00e7\u00e3o1. A sua conta e os dados associados ser\u00e3o permanentemente eliminados da nossa base de dados Firebase no prazo de 4 a 5 dias \u00fateis a partir da confirma\u00e7\u00e3o do seu pedido.2. Iremos notific\u00e1-lo por e-mail assim que o processo estiver conclu\u00eddo. Conclus\u00e3o:Na BlockP, estamos empenhados em manter a seguran\u00e7a e a privacidade dos seus dados. O nosso processo de f\u00e1cil utiliza\u00e7\u00e3o para eliminar a sua conta garante que as suas informa\u00e7\u00f5es s\u00e3o tratadas com o m\u00e1ximo cuidado. Se tiver alguma d\u00favida ou precisar de assist\u00eancia durante o processo de elimina\u00e7\u00e3o da conta, n\u00e3o hesite em contactar a nossa equipa de apoio em blockingsites123@gmail.com. Tenha em aten\u00e7\u00e3o que, embora nos esforcemos por concluir o processo no prazo de 4 a 5 dias \u00fateis, as circunst\u00e2ncias imprevistas podem, ocasionalmente, causar pequenos atrasos. Agradecemos a sua compreens\u00e3o e o facto de ter escolhido o BlockP para as suas necessidades de gest\u00e3o de conte\u00fados.\" \/>\n<meta property=\"og:url\" content=\"https:\/\/blockp.io\/pt-pt\/data-deletion\/\" \/>\n<meta property=\"og:site_name\" content=\"BlockP\" \/>\n<meta property=\"article:modified_time\" content=\"2024-09-23T17:37:46+00:00\" \/>\n<meta name=\"twitter:card\" content=\"summary_large_image\" \/>\n<meta name=\"twitter:label1\" content=\"Tempo estimado de leitura\" \/>\n\t<meta name=\"twitter:data1\" content=\"2 minutos\" \/>\n<script type=\"application\/ld+json\" class=\"yoast-schema-graph\">{\"@context\":\"https:\\\/\\\/schema.org\",\"@graph\":[{\"@type\":\"WebPage\",\"@id\":\"https:\\\/\\\/blockp.io\\\/pt-pt\\\/data-deletion\\\/\",\"url\":\"https:\\\/\\\/blockp.io\\\/pt-pt\\\/data-deletion\\\/\",\"name\":\"Data Deletion - BlockP\",\"isPartOf\":{\"@id\":\"https:\\\/\\\/blockp.io\\\/#website\"},\"datePublished\":\"2024-09-23T17:35:56+00:00\",\"dateModified\":\"2024-09-23T17:37:46+00:00\",\"breadcrumb\":{\"@id\":\"https:\\\/\\\/blockp.io\\\/pt-pt\\\/data-deletion\\\/#breadcrumb\"},\"inLanguage\":\"pt-PT\",\"potentialAction\":[{\"@type\":\"ReadAction\",\"target\":[\"https:\\\/\\\/blockp.io\\\/pt-pt\\\/data-deletion\\\/\"]}]},{\"@type\":\"BreadcrumbList\",\"@id\":\"https:\\\/\\\/blockp.io\\\/pt-pt\\\/data-deletion\\\/#breadcrumb\",\"itemListElement\":[{\"@type\":\"ListItem\",\"position\":1,\"name\":\"Home\",\"item\":\"https:\\\/\\\/blockp.io\\\/\"},{\"@type\":\"ListItem\",\"position\":2,\"name\":\"Data Deletion\"}]},{\"@type\":\"WebSite\",\"@id\":\"https:\\\/\\\/blockp.io\\\/#website\",\"url\":\"https:\\\/\\\/blockp.io\\\/\",\"name\":\"BlockP\",\"description\":\"Best Porn Blocker\",\"publisher\":{\"@id\":\"https:\\\/\\\/blockp.io\\\/#organization\"},\"alternateName\":\"BlockP\",\"potentialAction\":[{\"@type\":\"SearchAction\",\"target\":{\"@type\":\"EntryPoint\",\"urlTemplate\":\"https:\\\/\\\/blockp.io\\\/?s={search_term_string}\"},\"query-input\":{\"@type\":\"PropertyValueSpecification\",\"valueRequired\":true,\"valueName\":\"search_term_string\"}}],\"inLanguage\":\"pt-PT\"},{\"@type\":\"Organization\",\"@id\":\"https:\\\/\\\/blockp.io\\\/#organization\",\"name\":\"BlockP\",\"alternateName\":\"BlockP\",\"url\":\"https:\\\/\\\/blockp.io\\\/\",\"logo\":{\"@type\":\"ImageObject\",\"inLanguage\":\"pt-PT\",\"@id\":\"https:\\\/\\\/blockp.io\\\/#\\\/schema\\\/logo\\\/image\\\/\",\"url\":\"https:\\\/\\\/blockp.io\\\/wp-content\\\/uploads\\\/2024\\\/07\\\/blockp-Logo.avif\",\"contentUrl\":\"https:\\\/\\\/blockp.io\\\/wp-content\\\/uploads\\\/2024\\\/07\\\/blockp-Logo.avif\",\"width\":512,\"height\":512,\"caption\":\"BlockP\"},\"image\":{\"@id\":\"https:\\\/\\\/blockp.io\\\/#\\\/schema\\\/logo\\\/image\\\/\"}}]}<\/script>\n<!-- \/ Yoast SEO plugin. -->","yoast_head_json":{"title":"Data Deletion - BlockP","robots":{"index":"index","follow":"follow","max-snippet":"max-snippet:-1","max-image-preview":"max-image-preview:large","max-video-preview":"max-video-preview:-1"},"canonical":"https:\/\/blockp.io\/pt-pt\/data-deletion\/","og_locale":"pt_PT","og_type":"article","og_title":"Data Deletion - BlockP","og_description":"Exclua seus dados com seguran\u00e7a no aplicativo BlockP para Android Introdu\u00e7\u00e3o Na BlockP, damos prioridade \u00e0 sua privacidade e seguran\u00e7a de dados. Compreendemos que possa querer eliminar a sua conta e os dados associados da nossa aplica\u00e7\u00e3o Android. Fique tranquilo, o processo \u00e9 simples e foi concebido para garantir a seguran\u00e7a das suas informa\u00e7\u00f5es. Eis um guia passo a passo sobre como solicitar a elimina\u00e7\u00e3o dos seus dados de utilizador da aplica\u00e7\u00e3o BlockP: Passo 1: Iniciar o pedido de elimina\u00e7\u00e3o da conta1. Abra a aplica\u00e7\u00e3o BlockP no seu dispositivo Android.2. Navegue at\u00e9 \u00e0 sec\u00e7\u00e3o \u201cDefini\u00e7\u00f5es\u201d ou \u201cConta\u201d da aplica\u00e7\u00e3o. Etapa 2: Enviar e-mail de solicita\u00e7\u00e3o de exclus\u00e3o de conta1. Na sec\u00e7\u00e3o \u201cConta\u201d, localize a op\u00e7\u00e3o \u201cEliminar a minha conta\u201d.2. Toque na op\u00e7\u00e3o para iniciar o processo de elimina\u00e7\u00e3o.3. Abre-se um rascunho de e-mail na sua aplica\u00e7\u00e3o de e-mail predefinida.4. O endere\u00e7o de correio eletr\u00f3nico do destinat\u00e1rio j\u00e1 estar\u00e1 preenchido: Blockingsites123@gmail.com.5. Se desejar, pode acrescentar qualquer informa\u00e7\u00e3o ou contexto adicional \u00e0 mensagem de correio eletr\u00f3nico. Passo 3: Confirme o seu pedido1. Verifique novamente se descreveu corretamente a sua inten\u00e7\u00e3o de eliminar a sua conta e todos os dados associados.2. Envie a mensagem de correio eletr\u00f3nico para Blockingsites123@gmail.com. Passo 4: Processar o seu pedido1. A nossa equipa t\u00e9cnica ir\u00e1 analisar o seu pedido de elimina\u00e7\u00e3o da conta.2. Por motivos de seguran\u00e7a, poderemos contact\u00e1-lo por correio eletr\u00f3nico para verificar a sua identidade.3. Assim que o seu pedido for verificado, a nossa equipa prosseguir\u00e1 com o processo de elimina\u00e7\u00e3o de dados. Passo 5: Conclus\u00e3o da elimina\u00e7\u00e3o1. A sua conta e os dados associados ser\u00e3o permanentemente eliminados da nossa base de dados Firebase no prazo de 4 a 5 dias \u00fateis a partir da confirma\u00e7\u00e3o do seu pedido.2. Iremos notific\u00e1-lo por e-mail assim que o processo estiver conclu\u00eddo. Conclus\u00e3o:Na BlockP, estamos empenhados em manter a seguran\u00e7a e a privacidade dos seus dados. O nosso processo de f\u00e1cil utiliza\u00e7\u00e3o para eliminar a sua conta garante que as suas informa\u00e7\u00f5es s\u00e3o tratadas com o m\u00e1ximo cuidado. Se tiver alguma d\u00favida ou precisar de assist\u00eancia durante o processo de elimina\u00e7\u00e3o da conta, n\u00e3o hesite em contactar a nossa equipa de apoio em blockingsites123@gmail.com. Tenha em aten\u00e7\u00e3o que, embora nos esforcemos por concluir o processo no prazo de 4 a 5 dias \u00fateis, as circunst\u00e2ncias imprevistas podem, ocasionalmente, causar pequenos atrasos. Agradecemos a sua compreens\u00e3o e o facto de ter escolhido o BlockP para as suas necessidades de gest\u00e3o de conte\u00fados.","og_url":"https:\/\/blockp.io\/pt-pt\/data-deletion\/","og_site_name":"BlockP","article_modified_time":"2024-09-23T17:37:46+00:00","twitter_card":"summary_large_image","twitter_misc":{"Tempo estimado de leitura":"2 minutos"},"schema":{"@context":"https:\/\/schema.org","@graph":[{"@type":"WebPage","@id":"https:\/\/blockp.io\/pt-pt\/data-deletion\/","url":"https:\/\/blockp.io\/pt-pt\/data-deletion\/","name":"Data Deletion - BlockP","isPartOf":{"@id":"https:\/\/blockp.io\/#website"},"datePublished":"2024-09-23T17:35:56+00:00","dateModified":"2024-09-23T17:37:46+00:00","breadcrumb":{"@id":"https:\/\/blockp.io\/pt-pt\/data-deletion\/#breadcrumb"},"inLanguage":"pt-PT","potentialAction":[{"@type":"ReadAction","target":["https:\/\/blockp.io\/pt-pt\/data-deletion\/"]}]},{"@type":"BreadcrumbList","@id":"https:\/\/blockp.io\/pt-pt\/data-deletion\/#breadcrumb","itemListElement":[{"@type":"ListItem","position":1,"name":"Home","item":"https:\/\/blockp.io\/"},{"@type":"ListItem","position":2,"name":"Data Deletion"}]},{"@type":"WebSite","@id":"https:\/\/blockp.io\/#website","url":"https:\/\/blockp.io\/","name":"BlockP","description":"Best Porn Blocker","publisher":{"@id":"https:\/\/blockp.io\/#organization"},"alternateName":"BlockP","potentialAction":[{"@type":"SearchAction","target":{"@type":"EntryPoint","urlTemplate":"https:\/\/blockp.io\/?s={search_term_string}"},"query-input":{"@type":"PropertyValueSpecification","valueRequired":true,"valueName":"search_term_string"}}],"inLanguage":"pt-PT"},{"@type":"Organization","@id":"https:\/\/blockp.io\/#organization","name":"BlockP","alternateName":"BlockP","url":"https:\/\/blockp.io\/","logo":{"@type":"ImageObject","inLanguage":"pt-PT","@id":"https:\/\/blockp.io\/#\/schema\/logo\/image\/","url":"https:\/\/blockp.io\/wp-content\/uploads\/2024\/07\/blockp-Logo.avif","contentUrl":"https:\/\/blockp.io\/wp-content\/uploads\/2024\/07\/blockp-Logo.avif","width":512,"height":512,"caption":"BlockP"},"image":{"@id":"https:\/\/blockp.io\/#\/schema\/logo\/image\/"}}]}},"_links":{"self":[{"href":"https:\/\/blockp.io\/pt-pt\/wp-json\/wp\/v2\/pages\/10364","targetHints":{"allow":["GET"]}}],"collection":[{"href":"https:\/\/blockp.io\/pt-pt\/wp-json\/wp\/v2\/pages"}],"about":[{"href":"https:\/\/blockp.io\/pt-pt\/wp-json\/wp\/v2\/types\/page"}],"author":[{"embeddable":true,"href":"https:\/\/blockp.io\/pt-pt\/wp-json\/wp\/v2\/users\/1"}],"replies":[{"embeddable":true,"href":"https:\/\/blockp.io\/pt-pt\/wp-json\/wp\/v2\/comments?post=10364"}],"version-history":[{"count":0,"href":"https:\/\/blockp.io\/pt-pt\/wp-json\/wp\/v2\/pages\/10364\/revisions"}],"wp:attachment":[{"href":"https:\/\/blockp.io\/pt-pt\/wp-json\/wp\/v2\/media?parent=10364"}],"curies":[{"name":"wp","href":"https:\/\/api.w.org\/{rel}","templated":true}]}}